{"id":104572,"date":"2021-01-23T12:55:16","date_gmt":"2021-01-23T11:55:16","guid":{"rendered":"https:\/\/www.concreteonlus.org\/?page_id=104572"},"modified":"2025-01-27T17:21:26","modified_gmt":"2025-01-27T16:21:26","slug":"amsterdam","status":"publish","type":"page","link":"https:\/\/www.concreteonlus.org\/?page_id=104572","title":{"rendered":"AMSTERDAM"},"content":{"rendered":"\n<style type=\"text\/css\" data-created_by=\"avia_inline_auto\" id=\"style-css-av-14sy9z-80a0206b800f767931fdbb6f2d35d011\">\n.avia-section.av-14sy9z-80a0206b800f767931fdbb6f2d35d011 .av-parallax .av-parallax-inner{\nbackground-repeat:no-repeat;\nbackground-image:url(https:\/\/www.concreteonlus.org\/wp-content\/uploads\/2021\/03\/canal-5488271_1920.jpg);\nbackground-position:0% 0%;\nbackground-attachment:scroll;\n}\n.avia-section.av-14sy9z-80a0206b800f767931fdbb6f2d35d011 .av-section-color-overlay{\nopacity:0.6;\nbackground-color:#f76a47;\n}\n<\/style>\n<div id='av_section_1'  class='avia-section av-14sy9z-80a0206b800f767931fdbb6f2d35d011 main_color avia-section-huge avia-no-border-styling  avia-builder-el-0  el_before_av_one_half  avia-builder-el-first  av-parallax-section avia-bg-style-parallax av-section-color-overlay-active av-minimum-height av-minimum-height-75 av-height-75  container_wrap sidebar_right'  data-section-bg-repeat='no-repeat' data-av_minimum_height_pc='75' data-av_min_height_opt='75'><div class='av-parallax' data-avia-parallax-ratio='0.3' ><div class='av-parallax-inner main_color avia-full-stretch'><\/div><\/div><div class=\"av-section-color-overlay-wrap\"><div class=\"av-section-color-overlay\"><\/div><a href='#next-section' title='' class='scroll-down-link  avia-svg-icon avia-font-svg_entypo-fontello' data-av_svg_icon='down-open-mini' data-av_iconset='svg_entypo-fontello'><svg version=\"1.1\" xmlns=\"http:\/\/www.w3.org\/2000\/svg\" width=\"15\" height=\"32\" viewBox=\"0 0 15 32\" preserveAspectRatio=\"xMidYMid meet\" aria-labelledby='av-svg-title-1' aria-describedby='av-svg-desc-1' role=\"graphics-symbol\" aria-hidden=\"true\">\n<title id='av-svg-title-1'>Scorrere alla sezione successiva<\/title>\n<desc id='av-svg-desc-1'>Scorrere alla sezione successiva<\/desc>\n<path d=\"M12.96 12.16q0.704-0.832 1.536 0 0.832 0.704 0 1.536l-6.272 6.144q-0.704 0.704-1.536 0l-6.272-6.144q-0.832-0.832 0-1.536 0.768-0.768 1.6 0l5.44 4.992z\"><\/path>\n<\/svg><\/a><div class='container av-section-cont-open' ><main  role=\"main\" itemprop=\"mainContentOfPage\"  class='template-page content  av-content-small alpha units'><div class='post-entry post-entry-type-page post-entry-104572'><div class='entry-content-wrapper clearfix'>\n<div  class='flex_column av-12sarg-b1ae11d9a6625ade0efd763c629e2b5a av_one_fifth  avia-builder-el-1  el_before_av_three_fifth  avia-builder-el-first  first flex_column_div  '     ><\/div><div  class='flex_column av-12mw5w-9bd7b34e07608f5e30f5ef6c493ad3d9 av_three_fifth  avia-builder-el-2  el_after_av_one_fifth  el_before_av_one_fifth  flex_column_div  '     ><p>\n<style type=\"text\/css\" data-created_by=\"avia_inline_auto\" id=\"style-css-av-kk3w2ure-56e9564748f53bca232338f392de2a7d\">\n#top .av-special-heading.av-kk3w2ure-56e9564748f53bca232338f392de2a7d{\npadding-bottom:10px;\ncolor:#ffffff;\nfont-size:50px;\n}\nbody .av-special-heading.av-kk3w2ure-56e9564748f53bca232338f392de2a7d .av-special-heading-tag .heading-char{\nfont-size:25px;\n}\n#top #wrap_all .av-special-heading.av-kk3w2ure-56e9564748f53bca232338f392de2a7d .av-special-heading-tag{\nfont-size:50px;\n}\n.av-special-heading.av-kk3w2ure-56e9564748f53bca232338f392de2a7d .special-heading-inner-border{\nborder-color:#ffffff;\n}\n.av-special-heading.av-kk3w2ure-56e9564748f53bca232338f392de2a7d .av-subheading{\nfont-size:15px;\n}\n\n@media only screen and (min-width: 480px) and (max-width: 767px){ \n#top #wrap_all .av-special-heading.av-kk3w2ure-56e9564748f53bca232338f392de2a7d .av-special-heading-tag{\nfont-size:0.8em;\n}\n}\n\n@media only screen and (max-width: 479px){ \n#top #wrap_all .av-special-heading.av-kk3w2ure-56e9564748f53bca232338f392de2a7d .av-special-heading-tag{\nfont-size:0.8em;\n}\n}\n<\/style>\n<div  class='av-special-heading av-kk3w2ure-56e9564748f53bca232338f392de2a7d av-special-heading-h1 custom-color-heading blockquote modern-quote modern-centered  avia-builder-el-3  el_before_av_hr  avia-builder-el-first  av-inherit-size'><h1 class='av-special-heading-tag '  itemprop=\"headline\"  >AMSTERDAM<\/h1><div class=\"special-heading-border\"><div class=\"special-heading-inner-border\"><\/div><\/div><\/div><br \/>\n\n<style type=\"text\/css\" data-created_by=\"avia_inline_auto\" id=\"style-css-av-11dhts-5e0d42edaaba266802168c8b86866024\">\n#top .hr.av-11dhts-5e0d42edaaba266802168c8b86866024{\nmargin-top:40px;\nmargin-bottom:40px;\n}\n.hr.av-11dhts-5e0d42edaaba266802168c8b86866024 .hr-inner{\nwidth:50px;\nborder-color:#ffffff;\n}\n<\/style>\n<div  class='hr av-11dhts-5e0d42edaaba266802168c8b86866024 hr-custom  avia-builder-el-4  el_after_av_heading  avia-builder-el-last  hr-center hr-icon-no'><span class='hr-inner inner-border-av-border-fat'><span class=\"hr-inner-style\"><\/span><\/span><\/div><\/p><\/div><div  class='flex_column av-10pzu8-eb6b93490da325d7cfdbe99a5177caa9 av_one_fifth  avia-builder-el-5  el_after_av_three_fifth  avia-builder-el-last  flex_column_div  '     ><\/div>\n<\/div><\/div><\/main><!-- close content main element --><\/div><\/div><\/div><div id='after_section_1'  class='main_color av_default_container_wrap container_wrap sidebar_right'  ><div class='container av-section-cont-open' ><div class='template-page content  av-content-small alpha units'><div class='post-entry post-entry-type-page post-entry-104572'><div class='entry-content-wrapper clearfix'>\n\n<style type=\"text\/css\" data-created_by=\"avia_inline_auto\" id=\"style-css-av-11qzqta4-b9bdfebf831f7c67a74f75f875e9b6a2\">\n.flex_column.av-11qzqta4-b9bdfebf831f7c67a74f75f875e9b6a2{\nborder-radius:0px 0px 0px 0px;\npadding:0px 0px 0px 0px;\n}\n<\/style>\n<div  class='flex_column av-11qzqta4-b9bdfebf831f7c67a74f75f875e9b6a2 av_one_half  avia-builder-el-6  el_after_av_section  el_before_av_one_half  avia-builder-el-first  first flex_column_div av-zero-column-padding  '     ><section  class='av_textblock_section av-kk3t3owc-d0a7d67f0487b04f0bd19b83bd60b4b4 '   itemscope=\"itemscope\" itemtype=\"https:\/\/schema.org\/CreativeWork\" ><div class='avia_textblock'  itemprop=\"text\" ><h2><span style=\"color: #000000;\"><strong>OLANDA \u2013 VIAGGIO TRA MULINI E TULIPANI<\/strong><\/span><\/h2>\n<h2><span style=\"color: #000000;\"> <\/span><\/h2>\n<h2><span style=\"color: #000000;\"><strong>19- 23 MARZO 2025<\/strong><\/span><\/h2>\n<h2><span style=\"color: #000000;\"> <\/span><\/h2>\n<h2><span style=\"color: #000000;\"><strong>( 5 gg. 4 notti)<\/strong><\/span><\/h2>\n<p><span style=\"color: #000000;\"> <\/span><\/p>\n<p><span style=\"color: #000000;\"><strong>Intro<\/strong><\/span><\/p>\n<p><span style=\"color: #000000;\"> <\/span><\/p>\n<p><span style=\"color: #000000;\">Trascorrere una vacanza in Olanda significa scoprire una cultura interessante. L\u2019Olanda ha un primato mondiale molto particolare, il numero pi\u00f9 alto di musei, il pi\u00f9 famoso e riconosciuto sono il Museo Van Gogh ad Amsterdam.<\/span><\/p>\n<p><span style=\"color: #000000;\"> <\/span><\/p>\n<p><span style=\"color: #000000;\"><strong>Amsterdam,<\/strong> una citt\u00e0 capace di essere allo stesso tempo\u00a0<strong>antica, moderna,\u00a0artistica e commerciale<\/strong>,\u00a0<strong>provinciale e cosmopolita<\/strong>.\u00a0<\/span><\/p>\n<p><span style=\"color: #000000;\"> <\/span><\/p>\n<p><span style=\"color: #000000;\"> <\/span><\/p>\n<p><span style=\"color: #000000;\"><strong>Piano viaggio<\/strong><\/span><\/p>\n<p><span style=\"color: #000000;\"> <\/span><\/p>\n<ul>\n<li><span style=\"color: #000000;\"><strong>DAY 1:<\/strong> Partenza da Milano o Bergamo in orario comodo con arrivo all\u2019aeroporto di Amsterdam-Schiphol, raggiungeremo l\u2019hotel per il deposito dei bagagli, chi vorr\u00e0 si potr\u00e0 riposare, dedicheremo parte della giornata per visitare la citt\u00e0 di Amsterdam.<\/span><\/li>\n<\/ul>\n<p><span style=\"color: #000000;\"> <\/span><\/p>\n<ul>\n<li><span style=\"color: #000000;\"><strong>DAY 2:<\/strong> Amsterdam. Il miglior modo per scoprire le incantevoli tradizioni olandesi \u00e8 partire con la visita di Amsterdam. La citt\u00e0 offre innumerevoli attrazioni, edifici storici, musei, l\u2019antico centro storico. Possibilit\u00e0 di visitare il Van Gogh Museum, la pi\u00f9 grande collezione di opere dell\u2019autore. <strong>Non si pu\u00f2 dire di essere stati ad Amsterdam se non si visita la Casa di Anne Frank<\/strong>. Non a caso i numeri del museo parlano chiaro.\u00a0<strong>Oltre un milione di visitatori l\u2019anno.<\/strong><\/span><\/li>\n<\/ul>\n<p><span style=\"color: #000000;\"> <\/span><\/p>\n<ul>\n<li><span style=\"color: #000000;\"><strong>DAY 3:<\/strong> <strong>Rijksmuseum (Museo Nazionale)\u00a0<\/strong>\u00e8 il pi\u00f9 importante museo olandese e si trova in <strong>Museumplein (Piazza dei Musei). <\/strong>Tour della\u00a0<strong>cintura dei canali<\/strong>\u00a0attorno la citt\u00e0 vecchia. Quelli principali sono: il\u00a0<strong>Singel<\/strong>\u00a0(antico fossato medievale fuori le mura); l\u2019<strong>Heren<\/strong>, il\u00a0<strong>Keizer<\/strong>\u00a0e il\u00a0<strong>Prinzen<\/strong>, Una crociera lungo gli storici canali di Amsterdam, il miglior modo per osservare la citt\u00e0 da una prospettiva unica.<\/span><\/li>\n<\/ul>\n<p><span style=\"color: #000000;\"> <\/span><\/p>\n<p><span style=\"color: #000000;\"><strong>Piazza Dam<\/strong>, dove sono possiamo trovare il\u00a0<strong>Palazzo Reale (<a style=\"color: #000000;\" href=\"https:\/\/www.paleisamsterdam.nl\/\">Koninklijk Paleis<\/a>)<\/strong>\u00a0e la\u00a0<strong>Chiesa Nuova (<a style=\"color: #000000;\" href=\"https:\/\/www.nieuwekerk.nl\/\">Niewe Kerke<\/a>).<\/strong><\/span><\/p>\n<p><span style=\"color: #000000;\"> <\/span><\/p>\n<ul>\n<li><span style=\"color: #000000;\"><strong>DAY 4:<\/strong> il Keukenhof, se vieni in olanda nella stagione primaverile puoi ammirare la meravigliosa fioritura dei tulipani. Non molto lontano da Amsterdam, si trova il parco di fiori pi\u00f9 grande al mondo , contornato dai classici mulini a vento che \u00e8 possibile visitare attraverso dei percorsi dedicati.<\/span><\/li>\n<\/ul>\n<p><span style=\"color: #000000;\"> <\/span><\/p>\n<ul>\n<li><span style=\"color: #000000;\"><strong>DAY 5:<\/strong> Ultimo giorno di shopping e un lieto ritorno in serata in Italia.<\/span><\/li>\n<\/ul>\n<\/div><\/section><\/div>\n<style type=\"text\/css\" data-created_by=\"avia_inline_auto\" id=\"style-css-av-xeu7zgc-ae008debdd8ff93307f1e45f163751d4\">\n.flex_column.av-xeu7zgc-ae008debdd8ff93307f1e45f163751d4{\nborder-radius:0px 0px 0px 0px;\npadding:0px 0px 0px 0px;\n}\n<\/style>\n<div  class='flex_column av-xeu7zgc-ae008debdd8ff93307f1e45f163751d4 av_one_half  avia-builder-el-8  el_after_av_one_half  el_before_av_tab_container  flex_column_div av-zero-column-padding  '     ><section  class='av_textblock_section av-kk3t4q5o-364e9dd7bb49fd582b86735470eeef67 '   itemscope=\"itemscope\" itemtype=\"https:\/\/schema.org\/CreativeWork\" ><div class='avia_textblock'  itemprop=\"text\" ><h2><span style=\"color: #000000;\">Quote di partecipazione<\/span><\/h2>\n<\/div><\/section><br \/>\n<div  class='av-catalogue-container av-kk3tcyev-0c61625ec45542cfa2389a9abeae4a35  avia-builder-el-10  el_after_av_textblock  avia-builder-el-last '><ul class='av-catalogue-list'>\n<li><div class='av-catalogue-item av-uuh21vg-f62fdc150acc1a9abd29ef354e496c89' ><div class=\"av-catalogue-item-inner\"><div class=\"av-catalogue-title-container\"><div class='av-catalogue-title'>1 Coppia<\/div><div class='av-catalogue-price'>\u20ac 2500,00<\/div><\/div><div class=\"av-catalogue-content\"><\/div><\/div><\/div><\/li>\n<li><div class='av-catalogue-item av-ptk9bgc-0fed2840f6daa031bd4199dd6a190681' ><div class=\"av-catalogue-item-inner\"><div class=\"av-catalogue-title-container\"><div class='av-catalogue-title'>2 Coppie<\/div><div class='av-catalogue-price'>\u20ac 2000,00<\/div><\/div><div class=\"av-catalogue-content\"><\/div><\/div><\/div><\/li>\n<li><div class='av-catalogue-item av-jryx5a4-195a498644087929ec8a5f776e3bff0a' ><div class=\"av-catalogue-item-inner\"><div class=\"av-catalogue-title-container\"><div class='av-catalogue-title'>3 Coppie<\/div><div class='av-catalogue-price'>\u20ac 1800,00<\/div><\/div><div class=\"av-catalogue-content\"><\/div><\/div><\/div><\/li>\n<li><div class='av-catalogue-item av-h8xzbp8-5d78e760e79d9350e514dde3c7802ba0' ><div class=\"av-catalogue-item-inner\"><div class=\"av-catalogue-title-container\"><div class='av-catalogue-title'>4 Coppie<\/div><div class='av-catalogue-price'>\u20ac 1750,00<\/div><\/div><div class=\"av-catalogue-content\"><\/div><\/div><\/div><\/li>\n<\/ul><\/div><\/p><\/div><\/p>\n<div  class='tabcontainer av-kk3t7fv3-2a33f9bdf4289860872d4abe490a5854 top_tab  avia-builder-el-11  el_after_av_one_half  el_before_av_button_big  avia-builder-el-last '>\n<section class='av_tab_section av_tab_section av-d8au6ws-4a100099779789f43001087d4a82d2f7'  itemscope=\"itemscope\" itemtype=\"https:\/\/schema.org\/CreativeWork\" ><div id='tab-id-1-tab' class='tab active_tab' role='tab' aria-selected=\"true\" tabindex=\"0\" data-fake-id='#tab-id-1' aria-controls='tab-id-1-content'  itemprop=\"headline\" ><span class='tab_icon avia-iconfont avia-font-entypo-fontello' data-av_icon='\ue81e' data-av_iconfont='entypo-fontello' ><\/span>FAQ<\/div><div id='tab-id-1-content' class='tab_content active_tab_content' role='tabpanel' aria-labelledby='tab-id-1-tab' aria-hidden=\"false\"><div class='tab_inner_content invers-color'  itemprop=\"text\" ><p class=\"p2\">*nel caso tutte le coppie fossero gi\u00e0 formate e dovessimo fornire un capogruppo-accompagnatore, bisogner\u00e0 aggiungere il 50% di una quota, a secondo il numero di coppie.<\/p>\n<p class=\"p3\">I nostri sono sempre viaggi \u201cpersonalizzati\u201d cio\u00e8 partono dall\u2019esigenza di un individuo o di un gruppo di persone di recarsi in un posto, ci chiedono un\u2019idea, un preventivo e delle soluzioni; noi le prepariamo, pubblicizziamo l\u2019idea, aggreghiamo il gruppo e alla fine entriamo nei dettagli e rendiamo operativo il viaggio. I viaggi sono fatti per persone con disabilit\u00e0 e sono sempre pensati \u201ca coppie\u201d, cio\u00e8 un disabile ed un accompagnatore. Se la persona disabile non ha l\u2019accompagnatore noi lo troviamo \u2013 normalmente \u2013 a titolo gratuito. La persona disabile ha a suo carico la quota che \u00e8 sempre calcolata per coppia. Questo non vuol dire che non si possano aggiungere persone senza disabilit\u00e0, singole o a coppie.<\/p>\n<\/div><\/div><\/section>\n<\/div>\n<div  class='avia-button-wrap avia-button-center  avia-builder-el-12  el_after_av_tab_container  avia-builder-el-last '>\n<style type=\"text\/css\" data-created_by=\"avia_inline_auto\" id=\"style-css-av-kk3w8ogu-b3f2a2418aa1075fc500933e89ad8857\">\n#top #wrap_all .avia-button.av-kk3w8ogu-b3f2a2418aa1075fc500933e89ad8857:hover{\ncolor:#ffffff;\ntransition:all 0.4s ease-in-out;\n}\n#top #wrap_all .avia-button.av-kk3w8ogu-b3f2a2418aa1075fc500933e89ad8857:hover .avia-svg-icon svg:first-child{\nfill:#ffffff;\nstroke:#ffffff;\n}\n<\/style>\n<a href='https:\/\/www.concreteonlus.org\/?page_id=103823' class='av-icon-on-hover avia-color-theme-color avia-font-color-theme-color avia-button avia-button-fullwidth av-kk3w8ogu-b3f2a2418aa1075fc500933e89ad8857 avia-icon_select-yes-left-icon avia-color-theme-color'  target=\"_blank\"  rel=\"noopener noreferrer\"  aria-label=\"Contattaci per maggiori informazioni\"><span class='avia_button_icon avia_button_icon_left avia-iconfont avia-font-entypo-fontello' data-av_icon='\ue81e' data-av_iconfont='entypo-fontello' ><\/span><span class='avia_iconbox_title' >Contattaci per maggiori informazioni<\/span><span class='avia_button_background avia-button avia-button-fullwidth avia-color-theme-color-highlight'><\/span><\/a><\/div>\n","protected":false},"excerpt":{"rendered":"","protected":false},"author":156,"featured_media":104922,"parent":0,"menu_order":0,"comment_status":"closed","ping_status":"closed","template":"","meta":{"footnotes":""},"class_list":["post-104572","page","type-page","status-publish","has-post-thumbnail","hentry"],"yoast_head":"<!-- This site is optimized with the Yoast SEO plugin v25.8 - https:\/\/yoast.com\/wordpress\/plugins\/seo\/ -->\n<title>AMSTERDAM<\/title>\n<meta name=\"description\" content=\"I nostri sono sempre viaggi &quot;personalizzati&quot;. Viaggi accessibili e su misura per tutti!. Visita la nostra pagina per maggiori informazioni.\" \/>\n<meta name=\"robots\" content=\"index, follow, max-snippet:-1, max-image-preview:large, max-video-preview:-1\" \/>\n<link rel=\"canonical\" href=\"https:\/\/www.concreteonlus.org\/?page_id=104572\" \/>\n<meta property=\"og:locale\" content=\"it_IT\" \/>\n<meta property=\"og:type\" content=\"article\" \/>\n<meta property=\"og:title\" content=\"AMSTERDAM\" \/>\n<meta property=\"og:description\" content=\"I nostri sono sempre viaggi &quot;personalizzati&quot;. Viaggi accessibili e su misura per tutti!. Visita la nostra pagina per maggiori informazioni.\" \/>\n<meta property=\"og:url\" content=\"https:\/\/www.concreteonlus.org\/?page_id=104572\" \/>\n<meta property=\"og:site_name\" content=\"CONCRETE ONLUS\" \/>\n<meta property=\"article:publisher\" content=\"https:\/\/www.facebook.com\/concreteonlus.org\/\" \/>\n<meta property=\"article:modified_time\" content=\"2025-01-27T16:21:26+00:00\" \/>\n<meta property=\"og:image\" content=\"https:\/\/www.concreteonlus.org\/wp-content\/uploads\/2021\/04\/9.png\" \/>\n\t<meta property=\"og:image:width\" content=\"500\" \/>\n\t<meta property=\"og:image:height\" content=\"500\" \/>\n\t<meta property=\"og:image:type\" content=\"image\/png\" \/>\n<meta name=\"twitter:card\" content=\"summary_large_image\" \/>\n<meta name=\"twitter:label1\" content=\"Tempo di lettura stimato\" \/>\n\t<meta name=\"twitter:data1\" content=\"3 minuti\" \/>\n<script type=\"application\/ld+json\" class=\"yoast-schema-graph\">{\"@context\":\"https:\/\/schema.org\",\"@graph\":[{\"@type\":\"WebPage\",\"@id\":\"https:\/\/www.concreteonlus.org\/?page_id=104572\",\"url\":\"https:\/\/www.concreteonlus.org\/?page_id=104572\",\"name\":\"AMSTERDAM\",\"isPartOf\":{\"@id\":\"https:\/\/www.concreteonlus.org\/#website\"},\"primaryImageOfPage\":{\"@id\":\"https:\/\/www.concreteonlus.org\/?page_id=104572#primaryimage\"},\"image\":{\"@id\":\"https:\/\/www.concreteonlus.org\/?page_id=104572#primaryimage\"},\"thumbnailUrl\":\"https:\/\/www.concreteonlus.org\/wp-content\/uploads\/2021\/04\/9.png\",\"datePublished\":\"2021-01-23T11:55:16+00:00\",\"dateModified\":\"2025-01-27T16:21:26+00:00\",\"description\":\"I nostri sono sempre viaggi \\\"personalizzati\\\". Viaggi accessibili e su misura per tutti!. Visita la nostra pagina per maggiori informazioni.\",\"breadcrumb\":{\"@id\":\"https:\/\/www.concreteonlus.org\/?page_id=104572#breadcrumb\"},\"inLanguage\":\"it-IT\",\"potentialAction\":[{\"@type\":\"ReadAction\",\"target\":[\"https:\/\/www.concreteonlus.org\/?page_id=104572\"]}]},{\"@type\":\"ImageObject\",\"inLanguage\":\"it-IT\",\"@id\":\"https:\/\/www.concreteonlus.org\/?page_id=104572#primaryimage\",\"url\":\"https:\/\/www.concreteonlus.org\/wp-content\/uploads\/2021\/04\/9.png\",\"contentUrl\":\"https:\/\/www.concreteonlus.org\/wp-content\/uploads\/2021\/04\/9.png\",\"width\":500,\"height\":500},{\"@type\":\"BreadcrumbList\",\"@id\":\"https:\/\/www.concreteonlus.org\/?page_id=104572#breadcrumb\",\"itemListElement\":[{\"@type\":\"ListItem\",\"position\":1,\"name\":\"Home\",\"item\":\"https:\/\/www.concreteonlus.org\/\"},{\"@type\":\"ListItem\",\"position\":2,\"name\":\"AMSTERDAM\"}]},{\"@type\":\"WebSite\",\"@id\":\"https:\/\/www.concreteonlus.org\/#website\",\"url\":\"https:\/\/www.concreteonlus.org\/\",\"name\":\"CONCRETE ONLUS\",\"description\":\"VIAGGI ASSISTITI ED ACCESSIBILI SU MISURA PER TE!\",\"publisher\":{\"@id\":\"https:\/\/www.concreteonlus.org\/#organization\"},\"potentialAction\":[{\"@type\":\"SearchAction\",\"target\":{\"@type\":\"EntryPoint\",\"urlTemplate\":\"https:\/\/www.concreteonlus.org\/?s={search_term_string}\"},\"query-input\":{\"@type\":\"PropertyValueSpecification\",\"valueRequired\":true,\"valueName\":\"search_term_string\"}}],\"inLanguage\":\"it-IT\"},{\"@type\":\"Organization\",\"@id\":\"https:\/\/www.concreteonlus.org\/#organization\",\"name\":\"Concrete Onlus\",\"url\":\"https:\/\/www.concreteonlus.org\/\",\"logo\":{\"@type\":\"ImageObject\",\"inLanguage\":\"it-IT\",\"@id\":\"https:\/\/www.concreteonlus.org\/#\/schema\/logo\/image\/\",\"url\":\"https:\/\/www.concreteonlus.org\/wp-content\/uploads\/2024\/05\/Food-KING-logo-1.png\",\"contentUrl\":\"https:\/\/www.concreteonlus.org\/wp-content\/uploads\/2024\/05\/Food-KING-logo-1.png\",\"width\":\"1080\",\"height\":\"1080\",\"caption\":\"Concrete Onlus\"},\"image\":{\"@id\":\"https:\/\/www.concreteonlus.org\/#\/schema\/logo\/image\/\"},\"sameAs\":[\"https:\/\/www.facebook.com\/concreteonlus.org\/\",\"https:\/\/www.instagram.com\/concrete_onlus\/\",\"https:\/\/www.linkedin.com\/company\/concrete-onlus-societ-cooperativa-sociale\/\"]}]}<\/script>\n<!-- \/ Yoast SEO plugin. -->","yoast_head_json":{"title":"AMSTERDAM","description":"I nostri sono sempre viaggi \"personalizzati\". Viaggi accessibili e su misura per tutti!. Visita la nostra pagina per maggiori informazioni.","robots":{"index":"index","follow":"follow","max-snippet":"max-snippet:-1","max-image-preview":"max-image-preview:large","max-video-preview":"max-video-preview:-1"},"canonical":"https:\/\/www.concreteonlus.org\/?page_id=104572","og_locale":"it_IT","og_type":"article","og_title":"AMSTERDAM","og_description":"I nostri sono sempre viaggi \"personalizzati\". Viaggi accessibili e su misura per tutti!. Visita la nostra pagina per maggiori informazioni.","og_url":"https:\/\/www.concreteonlus.org\/?page_id=104572","og_site_name":"CONCRETE ONLUS","article_publisher":"https:\/\/www.facebook.com\/concreteonlus.org\/","article_modified_time":"2025-01-27T16:21:26+00:00","og_image":[{"width":500,"height":500,"url":"https:\/\/www.concreteonlus.org\/wp-content\/uploads\/2021\/04\/9.png","type":"image\/png"}],"twitter_card":"summary_large_image","twitter_misc":{"Tempo di lettura stimato":"3 minuti"},"schema":{"@context":"https:\/\/schema.org","@graph":[{"@type":"WebPage","@id":"https:\/\/www.concreteonlus.org\/?page_id=104572","url":"https:\/\/www.concreteonlus.org\/?page_id=104572","name":"AMSTERDAM","isPartOf":{"@id":"https:\/\/www.concreteonlus.org\/#website"},"primaryImageOfPage":{"@id":"https:\/\/www.concreteonlus.org\/?page_id=104572#primaryimage"},"image":{"@id":"https:\/\/www.concreteonlus.org\/?page_id=104572#primaryimage"},"thumbnailUrl":"https:\/\/www.concreteonlus.org\/wp-content\/uploads\/2021\/04\/9.png","datePublished":"2021-01-23T11:55:16+00:00","dateModified":"2025-01-27T16:21:26+00:00","description":"I nostri sono sempre viaggi \"personalizzati\". Viaggi accessibili e su misura per tutti!. Visita la nostra pagina per maggiori informazioni.","breadcrumb":{"@id":"https:\/\/www.concreteonlus.org\/?page_id=104572#breadcrumb"},"inLanguage":"it-IT","potentialAction":[{"@type":"ReadAction","target":["https:\/\/www.concreteonlus.org\/?page_id=104572"]}]},{"@type":"ImageObject","inLanguage":"it-IT","@id":"https:\/\/www.concreteonlus.org\/?page_id=104572#primaryimage","url":"https:\/\/www.concreteonlus.org\/wp-content\/uploads\/2021\/04\/9.png","contentUrl":"https:\/\/www.concreteonlus.org\/wp-content\/uploads\/2021\/04\/9.png","width":500,"height":500},{"@type":"BreadcrumbList","@id":"https:\/\/www.concreteonlus.org\/?page_id=104572#breadcrumb","itemListElement":[{"@type":"ListItem","position":1,"name":"Home","item":"https:\/\/www.concreteonlus.org\/"},{"@type":"ListItem","position":2,"name":"AMSTERDAM"}]},{"@type":"WebSite","@id":"https:\/\/www.concreteonlus.org\/#website","url":"https:\/\/www.concreteonlus.org\/","name":"CONCRETE ONLUS","description":"VIAGGI ASSISTITI ED ACCESSIBILI SU MISURA PER TE!","publisher":{"@id":"https:\/\/www.concreteonlus.org\/#organization"},"potentialAction":[{"@type":"SearchAction","target":{"@type":"EntryPoint","urlTemplate":"https:\/\/www.concreteonlus.org\/?s={search_term_string}"},"query-input":{"@type":"PropertyValueSpecification","valueRequired":true,"valueName":"search_term_string"}}],"inLanguage":"it-IT"},{"@type":"Organization","@id":"https:\/\/www.concreteonlus.org\/#organization","name":"Concrete Onlus","url":"https:\/\/www.concreteonlus.org\/","logo":{"@type":"ImageObject","inLanguage":"it-IT","@id":"https:\/\/www.concreteonlus.org\/#\/schema\/logo\/image\/","url":"https:\/\/www.concreteonlus.org\/wp-content\/uploads\/2024\/05\/Food-KING-logo-1.png","contentUrl":"https:\/\/www.concreteonlus.org\/wp-content\/uploads\/2024\/05\/Food-KING-logo-1.png","width":"1080","height":"1080","caption":"Concrete Onlus"},"image":{"@id":"https:\/\/www.concreteonlus.org\/#\/schema\/logo\/image\/"},"sameAs":["https:\/\/www.facebook.com\/concreteonlus.org\/","https:\/\/www.instagram.com\/concrete_onlus\/","https:\/\/www.linkedin.com\/company\/concrete-onlus-societ-cooperativa-sociale\/"]}]}},"_links":{"self":[{"href":"https:\/\/www.concreteonlus.org\/index.php?rest_route=\/wp\/v2\/pages\/104572","targetHints":{"allow":["GET"]}}],"collection":[{"href":"https:\/\/www.concreteonlus.org\/index.php?rest_route=\/wp\/v2\/pages"}],"about":[{"href":"https:\/\/www.concreteonlus.org\/index.php?rest_route=\/wp\/v2\/types\/page"}],"author":[{"embeddable":true,"href":"https:\/\/www.concreteonlus.org\/index.php?rest_route=\/wp\/v2\/users\/156"}],"replies":[{"embeddable":true,"href":"https:\/\/www.concreteonlus.org\/index.php?rest_route=%2Fwp%2Fv2%2Fcomments&post=104572"}],"version-history":[{"count":26,"href":"https:\/\/www.concreteonlus.org\/index.php?rest_route=\/wp\/v2\/pages\/104572\/revisions"}],"predecessor-version":[{"id":107319,"href":"https:\/\/www.concreteonlus.org\/index.php?rest_route=\/wp\/v2\/pages\/104572\/revisions\/107319"}],"wp:featuredmedia":[{"embeddable":true,"href":"https:\/\/www.concreteonlus.org\/index.php?rest_route=\/wp\/v2\/media\/104922"}],"wp:attachment":[{"href":"https:\/\/www.concreteonlus.org\/index.php?rest_route=%2Fwp%2Fv2%2Fmedia&parent=104572"}],"curies":[{"name":"wp","href":"https:\/\/api.w.org\/{rel}","templated":true}]}}