{"id":104748,"date":"2021-03-29T13:48:18","date_gmt":"2021-03-29T11:48:18","guid":{"rendered":"https:\/\/www.concreteonlus.org\/?page_id=104748"},"modified":"2025-02-12T18:52:15","modified_gmt":"2025-02-12T17:52:15","slug":"viaggia-in-america-del-nord","status":"publish","type":"page","link":"https:\/\/www.concreteonlus.org\/?page_id=104748","title":{"rendered":"VIAGGIA IN AMERICA DEL NORD"},"content":{"rendered":"\n<style type=\"text\/css\" data-created_by=\"avia_inline_auto\" id=\"style-css-av-14sy9z-009152a95e000e69ecce05d18a975e57\">\n.avia-section.av-14sy9z-009152a95e000e69ecce05d18a975e57 .av-parallax .av-parallax-inner{\nbackground-repeat:no-repeat;\nbackground-image:url(https:\/\/www.concreteonlus.org\/wp-content\/uploads\/2021\/03\/city-336708_1920.jpg);\nbackground-position:0% 0%;\nbackground-attachment:scroll;\n}\n.avia-section.av-14sy9z-009152a95e000e69ecce05d18a975e57 .av-section-color-overlay{\nopacity:0.8;\nbackground-color:#0081b5;\n}\n<\/style>\n<div id='av_section_1'  class='avia-section av-14sy9z-009152a95e000e69ecce05d18a975e57 main_color avia-section-huge avia-no-border-styling  avia-builder-el-0  el_before_av_layout_row  avia-builder-el-first  avia-full-stretch av-parallax-section avia-bg-style-parallax av-section-color-overlay-active av-minimum-height av-minimum-height-75 av-height-75  container_wrap sidebar_right'  data-section-bg-repeat='stretch' data-av_minimum_height_pc='75' data-av_min_height_opt='75'><div class='av-parallax' data-avia-parallax-ratio='0.3' ><div class='av-parallax-inner main_color avia-full-stretch'><\/div><\/div><div class=\"av-section-color-overlay-wrap\"><div class=\"av-section-color-overlay\"><\/div><a href='#next-section' title='' class='scroll-down-link  avia-svg-icon avia-font-svg_entypo-fontello' data-av_svg_icon='down-open-mini' data-av_iconset='svg_entypo-fontello'><svg version=\"1.1\" xmlns=\"http:\/\/www.w3.org\/2000\/svg\" width=\"15\" height=\"32\" viewBox=\"0 0 15 32\" preserveAspectRatio=\"xMidYMid meet\" aria-labelledby='av-svg-title-1' aria-describedby='av-svg-desc-1' role=\"graphics-symbol\" aria-hidden=\"true\">\n<title id='av-svg-title-1'>Scorrere alla sezione successiva<\/title>\n<desc id='av-svg-desc-1'>Scorrere alla sezione successiva<\/desc>\n<path d=\"M12.96 12.16q0.704-0.832 1.536 0 0.832 0.704 0 1.536l-6.272 6.144q-0.704 0.704-1.536 0l-6.272-6.144q-0.832-0.832 0-1.536 0.768-0.768 1.6 0l5.44 4.992z\"><\/path>\n<\/svg><\/a><div class='container av-section-cont-open' ><main  role=\"main\" itemprop=\"mainContentOfPage\"  class='template-page content  av-content-small alpha units'><div class='post-entry post-entry-type-page post-entry-104748'><div class='entry-content-wrapper clearfix'>\n<div  class='flex_column av-12sarg-b1ae11d9a6625ade0efd763c629e2b5a av_one_fifth  avia-builder-el-1  el_before_av_three_fifth  avia-builder-el-first  first flex_column_div  '     ><\/div><div  class='flex_column av-12mw5w-9bd7b34e07608f5e30f5ef6c493ad3d9 av_three_fifth  avia-builder-el-2  el_after_av_one_fifth  el_before_av_one_fifth  flex_column_div  '     ><p>\n<style type=\"text\/css\" data-created_by=\"avia_inline_auto\" id=\"style-css-av-kb1hcin1-63ece8cf2203483502fc26fefc0993ed\">\n#top .av-special-heading.av-kb1hcin1-63ece8cf2203483502fc26fefc0993ed{\npadding-bottom:10px;\ncolor:#ffffff;\nfont-size:40px;\n}\nbody .av-special-heading.av-kb1hcin1-63ece8cf2203483502fc26fefc0993ed .av-special-heading-tag .heading-char{\nfont-size:25px;\n}\n#top #wrap_all .av-special-heading.av-kb1hcin1-63ece8cf2203483502fc26fefc0993ed .av-special-heading-tag{\nfont-size:40px;\n}\n.av-special-heading.av-kb1hcin1-63ece8cf2203483502fc26fefc0993ed .special-heading-inner-border{\nborder-color:#ffffff;\n}\n.av-special-heading.av-kb1hcin1-63ece8cf2203483502fc26fefc0993ed .av-subheading{\nfont-size:20px;\n}\n\n@media only screen and (min-width: 480px) and (max-width: 767px){ \n#top #wrap_all .av-special-heading.av-kb1hcin1-63ece8cf2203483502fc26fefc0993ed .av-special-heading-tag{\nfont-size:0.8em;\n}\n}\n\n@media only screen and (max-width: 479px){ \n#top #wrap_all .av-special-heading.av-kb1hcin1-63ece8cf2203483502fc26fefc0993ed .av-special-heading-tag{\nfont-size:0.8em;\n}\n}\n<\/style>\n<div  class='av-special-heading av-kb1hcin1-63ece8cf2203483502fc26fefc0993ed av-special-heading-h1 custom-color-heading blockquote modern-quote modern-centered  avia-builder-el-3  el_before_av_hr  avia-builder-el-first  av-thin-font av-inherit-size'><h1 class='av-special-heading-tag '  itemprop=\"headline\"  >VIAGGIA IN <strong>AMERICA DEL NORD<\/strong> <\/h1><div class=\"special-heading-border\"><div class=\"special-heading-inner-border\"><\/div><\/div><\/div><br \/>\n\n<style type=\"text\/css\" data-created_by=\"avia_inline_auto\" id=\"style-css-av-11dhts-5e0d42edaaba266802168c8b86866024\">\n#top .hr.av-11dhts-5e0d42edaaba266802168c8b86866024{\nmargin-top:40px;\nmargin-bottom:40px;\n}\n.hr.av-11dhts-5e0d42edaaba266802168c8b86866024 .hr-inner{\nwidth:50px;\nborder-color:#ffffff;\n}\n<\/style>\n<div  class='hr av-11dhts-5e0d42edaaba266802168c8b86866024 hr-custom  avia-builder-el-4  el_after_av_heading  avia-builder-el-last  hr-center hr-icon-no'><span class='hr-inner inner-border-av-border-fat'><span class=\"hr-inner-style\"><\/span><\/span><\/div><\/p><\/div><div  class='flex_column av-10pzu8-eb6b93490da325d7cfdbe99a5177caa9 av_one_fifth  avia-builder-el-5  el_after_av_three_fifth  el_before_av_textblock  flex_column_div  '     ><\/div>\n<style type=\"text\/css\" data-created_by=\"avia_inline_auto\" id=\"style-css-av-kmx8lbbh-91cc530c8bf847b463854809c9323dcf\">\n#top .av_textblock_section.av-kmx8lbbh-91cc530c8bf847b463854809c9323dcf .avia_textblock{\ncolor:#ffffff;\n}\n<\/style>\n<section  class='av_textblock_section av-kmx8lbbh-91cc530c8bf847b463854809c9323dcf '   itemscope=\"itemscope\" itemtype=\"https:\/\/schema.org\/CreativeWork\" ><div class='avia_textblock av_inherit_color'  itemprop=\"text\" ><h3 style=\"text-align: center;\">Non esistono limiti, concediti un Tour in Nord America e parti alla scoperta di un Continente dal fascino ammaliante, Una terra fatta di storia antica e moderna.<\/h3>\n<h3 style=\"text-align: center;\">I paesaggi sempre diversi dell\u2019America del Nord creano un viaggio naturalistico unico, visita le grandi citt\u00e0 pi\u00f9 celebri nel mondo e sopratutto conosci le molteplici diversit\u00e0 culturali delle popolazioni.<\/h3>\n<\/div><\/section>\n\n<\/div><\/div><\/main><!-- close content main element --><\/div><\/div><\/div><div id='av-layout-grid-1'  class='av-layout-grid-container av-b7a9f8s-e66c78affd612ccc644d78b0a144175c entry-content-wrapper main_color av-flex-cells  avia-builder-el-7  el_after_av_section  el_before_av_masonry_gallery  grid-row-not-first  container_wrap sidebar_right'  >\n\n<style type=\"text\/css\" data-created_by=\"avia_inline_auto\" id=\"style-css-av-59m0zfw-128f512084bd18fbf88c386eb6c386a8\">\n.flex_cell.av-59m0zfw-128f512084bd18fbf88c386eb6c386a8{\nvertical-align:middle;\n}\n.responsive #top #wrap_all .flex_cell.av-59m0zfw-128f512084bd18fbf88c386eb6c386a8{\npadding:30px 30px 30px 30px !important;\n}\n<\/style>\n<div class='flex_cell av-59m0zfw-128f512084bd18fbf88c386eb6c386a8 av-gridrow-cell av_one_full no_margin  avia-builder-el-8  avia-builder-el-no-sibling  content-align-middle'  ><div class='flex_cell_inner'>\n<style type=\"text\/css\" data-created_by=\"avia_inline_auto\" id=\"style-css-av-kmuizr42-abc6eb265b963905456d701470d4282e\">\n#top .av-special-heading.av-kmuizr42-abc6eb265b963905456d701470d4282e{\npadding-bottom:10px;\n}\nbody .av-special-heading.av-kmuizr42-abc6eb265b963905456d701470d4282e .av-special-heading-tag .heading-char{\nfont-size:25px;\npadding-bottom:10px;\n}\n.av-special-heading.av-kmuizr42-abc6eb265b963905456d701470d4282e .av-subheading{\nfont-size:15px;\n}\n<\/style>\n<div  class='av-special-heading av-kmuizr42-abc6eb265b963905456d701470d4282e av-special-heading-h2 blockquote elegant-quote elegant-centered  avia-builder-el-9  avia-builder-el-no-sibling  av-icon'><h2 class='av-special-heading-tag '  itemprop=\"headline\"  ><span class='heading-char avia-iconfont avia-font-entypo-fontello' data-av_icon='\ue883' data-av_iconfont='entypo-fontello' ><\/span><span class=\"heading-wrap\">AMERICA DEL NORD<\/span><\/h2><div class=\"special-heading-border\"><div class=\"special-heading-inner-border\"><\/div><\/div><\/div>\n<\/div><\/div>\n<\/div>\n<div id='av-masonry-1' class='av-masonry av-kt1d2ss1-3a87203c7f92cf898e4ca26130770dc5 noHover av-fixed-size av-1px-gap av-hover-overlay-active av-masonry-animation-active av-masonry-col-flexible av-caption-always av-caption-style- av-masonry-gallery ' data-post_id=\"104748\"><div class=\"av-masonry-container isotope av-js-disabled\"><div class='av-masonry-entry isotope-item av-masonry-item-no-image '><\/div><a href=\"https:\/\/www.concreteonlus.org\/california\/\"  aria-label=\"immagine immagine senza titolo\"  target=\"_blank\" rel=\"noopener noreferrer\" id='av-masonry-1-item-104945' data-av-masonry-item='104945' class='av-masonry-entry isotope-item post-104945 attachment type-attachment status-inherit hentry  av-masonry-item-with-image' title=\"\" alt=\"\"  data-av-masonry-custom-link=\"https:\/\/www.concreteonlus.org\/california\/\"  itemprop=\"thumbnailUrl\" ><div class='av-inner-masonry-sizer'><\/div><figure class='av-inner-masonry main_color'><div class=\"av-masonry-outerimage-container\"><div class='av-masonry-image-container' style=\"background-image: url(https:\/\/www.concreteonlus.org\/wp-content\/uploads\/2021\/04\/12-1.png);\" ><\/div><\/div><\/figure><\/a><!--end av-masonry entry--><a href=\"https:\/\/www.concreteonlus.org\/stati-uniti\/\"  aria-label=\"immagine STATI UNITI\"  target=\"_blank\" rel=\"noopener noreferrer\" id='av-masonry-1-item-107420' data-av-masonry-item='107420' class='av-masonry-entry isotope-item post-107420 attachment type-attachment status-inherit hentry  av-masonry-item-with-image' title=\"STATI UNITI\" alt=\"\"  data-av-masonry-custom-link=\"https:\/\/www.concreteonlus.org\/stati-uniti\/\"  itemprop=\"thumbnailUrl\" ><div class='av-inner-masonry-sizer'><\/div><figure class='av-inner-masonry main_color'><div class=\"av-masonry-outerimage-container\"><div class='av-masonry-image-container' style=\"background-image: url(https:\/\/www.concreteonlus.org\/wp-content\/uploads\/2025\/02\/STATI-UNITI.png);\"  title=\"STATI UNITI\" ><\/div><\/div><\/figure><\/a><!--end av-masonry entry--><\/div><\/div>\n<div  class='tabcontainer av-kk3t7fv3-ceab6fde7a2f4d0e1d8380f0561883b9 top_tab  avia-builder-el-11  el_after_av_masonry_gallery  avia-builder-el-no-sibling '>\n<section class='av_tab_section av_tab_section av-d8au6ws-4fd2a31651eaefe7993f46e443cd5079'  itemscope=\"itemscope\" itemtype=\"https:\/\/schema.org\/CreativeWork\" ><div id='tab-id-1-tab' class='tab active_tab' role='tab' aria-selected=\"true\" tabindex=\"0\" data-fake-id='#tab-id-1' aria-controls='tab-id-1-content'  itemprop=\"headline\" ><span class='tab_icon avia-iconfont avia-font-entypo-fontello' data-av_icon='\ue81e' data-av_iconfont='entypo-fontello' ><\/span>FAQ<\/div><div id='tab-id-1-content' class='tab_content active_tab_content' role='tabpanel' aria-labelledby='tab-id-1-tab' aria-hidden=\"false\"><div class='tab_inner_content invers-color'  itemprop=\"text\" ><p>I nostri sono sempre viaggi &#8220;personalizzati&#8221; cio\u00e8 partono dall&#8217;esigenza di un individuo o di un gruppo di persone di recarsi in un posto, ci chiedono un&#8217;idea, un preventivo e delle soluzioni; noi le prepariamo, pubblicizziamo l&#8217;idea, aggreghiamo il gruppo e alla fine entriamo nei dettagli e rendiamo operativo il viaggio. I viaggi sono fatti per persone con disabilit\u00e0 e sono sempre pensati &#8220;a coppie&#8221;, cio\u00e8 un disabile ed un accompagnatore. Se la persona disabile non ha l&#8217;accompagnatore noi lo troviamo &#8211; normalmente &#8211; a titolo gratuito. La persona disabile ha a suo carico la quota che \u00e8 sempre calcolata per coppia. Questo non vuol dire che non si possano aggiungere persone senza disabilit\u00e0, singole o a coppie.<\/p>\n<\/div><\/div><\/section>\n<\/div>\n","protected":false},"excerpt":{"rendered":"","protected":false},"author":156,"featured_media":0,"parent":0,"menu_order":0,"comment_status":"closed","ping_status":"closed","template":"","meta":{"footnotes":""},"class_list":["post-104748","page","type-page","status-publish","hentry"],"yoast_head":"<!-- This site is optimized with the Yoast SEO plugin v25.8 - https:\/\/yoast.com\/wordpress\/plugins\/seo\/ -->\n<title>VIAGGIA IN AMERICA DEL NORD<\/title>\n<meta name=\"description\" content=\"VIAGGIA IN AMERICA DEL NORD\" \/>\n<meta name=\"robots\" content=\"index, follow, max-snippet:-1, max-image-preview:large, max-video-preview:-1\" \/>\n<link rel=\"canonical\" href=\"https:\/\/www.concreteonlus.org\/?page_id=104748\" \/>\n<meta property=\"og:locale\" content=\"it_IT\" \/>\n<meta property=\"og:type\" content=\"article\" \/>\n<meta property=\"og:title\" content=\"VIAGGIA IN AMERICA DEL NORD\" \/>\n<meta property=\"og:description\" content=\"VIAGGIA IN AMERICA DEL NORD\" \/>\n<meta property=\"og:url\" content=\"https:\/\/www.concreteonlus.org\/?page_id=104748\" \/>\n<meta property=\"og:site_name\" content=\"CONCRETE ONLUS\" \/>\n<meta property=\"article:publisher\" content=\"https:\/\/www.facebook.com\/concreteonlus.org\/\" \/>\n<meta property=\"article:modified_time\" content=\"2025-02-12T17:52:15+00:00\" \/>\n<meta property=\"og:image\" content=\"https:\/\/www.concreteonlus.org\/wp-content\/uploads\/2021\/03\/64df0133-9381-451d-a0c2-1487a8def8be-e1631285344117.png\" \/>\n\t<meta property=\"og:image:width\" content=\"576\" \/>\n\t<meta property=\"og:image:height\" content=\"400\" \/>\n\t<meta property=\"og:image:type\" content=\"image\/png\" \/>\n<meta name=\"twitter:card\" content=\"summary_large_image\" \/>\n<meta name=\"twitter:label1\" content=\"Tempo di lettura stimato\" \/>\n\t<meta name=\"twitter:data1\" content=\"1 minuto\" \/>\n<script type=\"application\/ld+json\" class=\"yoast-schema-graph\">{\"@context\":\"https:\/\/schema.org\",\"@graph\":[{\"@type\":\"WebPage\",\"@id\":\"https:\/\/www.concreteonlus.org\/?page_id=104748\",\"url\":\"https:\/\/www.concreteonlus.org\/?page_id=104748\",\"name\":\"VIAGGIA IN AMERICA DEL NORD\",\"isPartOf\":{\"@id\":\"https:\/\/www.concreteonlus.org\/#website\"},\"datePublished\":\"2021-03-29T11:48:18+00:00\",\"dateModified\":\"2025-02-12T17:52:15+00:00\",\"description\":\"VIAGGIA IN AMERICA DEL NORD\",\"breadcrumb\":{\"@id\":\"https:\/\/www.concreteonlus.org\/?page_id=104748#breadcrumb\"},\"inLanguage\":\"it-IT\",\"potentialAction\":[{\"@type\":\"ReadAction\",\"target\":[\"https:\/\/www.concreteonlus.org\/?page_id=104748\"]}]},{\"@type\":\"BreadcrumbList\",\"@id\":\"https:\/\/www.concreteonlus.org\/?page_id=104748#breadcrumb\",\"itemListElement\":[{\"@type\":\"ListItem\",\"position\":1,\"name\":\"Home\",\"item\":\"https:\/\/www.concreteonlus.org\/\"},{\"@type\":\"ListItem\",\"position\":2,\"name\":\"VIAGGIA IN AMERICA DEL NORD\"}]},{\"@type\":\"WebSite\",\"@id\":\"https:\/\/www.concreteonlus.org\/#website\",\"url\":\"https:\/\/www.concreteonlus.org\/\",\"name\":\"CONCRETE ONLUS\",\"description\":\"VIAGGI ASSISTITI ED ACCESSIBILI SU MISURA PER TE!\",\"publisher\":{\"@id\":\"https:\/\/www.concreteonlus.org\/#organization\"},\"potentialAction\":[{\"@type\":\"SearchAction\",\"target\":{\"@type\":\"EntryPoint\",\"urlTemplate\":\"https:\/\/www.concreteonlus.org\/?s={search_term_string}\"},\"query-input\":{\"@type\":\"PropertyValueSpecification\",\"valueRequired\":true,\"valueName\":\"search_term_string\"}}],\"inLanguage\":\"it-IT\"},{\"@type\":\"Organization\",\"@id\":\"https:\/\/www.concreteonlus.org\/#organization\",\"name\":\"Concrete Onlus\",\"url\":\"https:\/\/www.concreteonlus.org\/\",\"logo\":{\"@type\":\"ImageObject\",\"inLanguage\":\"it-IT\",\"@id\":\"https:\/\/www.concreteonlus.org\/#\/schema\/logo\/image\/\",\"url\":\"https:\/\/www.concreteonlus.org\/wp-content\/uploads\/2024\/05\/Food-KING-logo-1.png\",\"contentUrl\":\"https:\/\/www.concreteonlus.org\/wp-content\/uploads\/2024\/05\/Food-KING-logo-1.png\",\"width\":\"1080\",\"height\":\"1080\",\"caption\":\"Concrete Onlus\"},\"image\":{\"@id\":\"https:\/\/www.concreteonlus.org\/#\/schema\/logo\/image\/\"},\"sameAs\":[\"https:\/\/www.facebook.com\/concreteonlus.org\/\",\"https:\/\/www.instagram.com\/concrete_onlus\/\",\"https:\/\/www.linkedin.com\/company\/concrete-onlus-societ-cooperativa-sociale\/\"]}]}<\/script>\n<!-- \/ Yoast SEO plugin. -->","yoast_head_json":{"title":"VIAGGIA IN AMERICA DEL NORD","description":"VIAGGIA IN AMERICA DEL NORD","robots":{"index":"index","follow":"follow","max-snippet":"max-snippet:-1","max-image-preview":"max-image-preview:large","max-video-preview":"max-video-preview:-1"},"canonical":"https:\/\/www.concreteonlus.org\/?page_id=104748","og_locale":"it_IT","og_type":"article","og_title":"VIAGGIA IN AMERICA DEL NORD","og_description":"VIAGGIA IN AMERICA DEL NORD","og_url":"https:\/\/www.concreteonlus.org\/?page_id=104748","og_site_name":"CONCRETE ONLUS","article_publisher":"https:\/\/www.facebook.com\/concreteonlus.org\/","article_modified_time":"2025-02-12T17:52:15+00:00","og_image":[{"width":576,"height":400,"url":"https:\/\/www.concreteonlus.org\/wp-content\/uploads\/2021\/03\/64df0133-9381-451d-a0c2-1487a8def8be-e1631285344117.png","type":"image\/png"}],"twitter_card":"summary_large_image","twitter_misc":{"Tempo di lettura stimato":"1 minuto"},"schema":{"@context":"https:\/\/schema.org","@graph":[{"@type":"WebPage","@id":"https:\/\/www.concreteonlus.org\/?page_id=104748","url":"https:\/\/www.concreteonlus.org\/?page_id=104748","name":"VIAGGIA IN AMERICA DEL NORD","isPartOf":{"@id":"https:\/\/www.concreteonlus.org\/#website"},"datePublished":"2021-03-29T11:48:18+00:00","dateModified":"2025-02-12T17:52:15+00:00","description":"VIAGGIA IN AMERICA DEL NORD","breadcrumb":{"@id":"https:\/\/www.concreteonlus.org\/?page_id=104748#breadcrumb"},"inLanguage":"it-IT","potentialAction":[{"@type":"ReadAction","target":["https:\/\/www.concreteonlus.org\/?page_id=104748"]}]},{"@type":"BreadcrumbList","@id":"https:\/\/www.concreteonlus.org\/?page_id=104748#breadcrumb","itemListElement":[{"@type":"ListItem","position":1,"name":"Home","item":"https:\/\/www.concreteonlus.org\/"},{"@type":"ListItem","position":2,"name":"VIAGGIA IN AMERICA DEL NORD"}]},{"@type":"WebSite","@id":"https:\/\/www.concreteonlus.org\/#website","url":"https:\/\/www.concreteonlus.org\/","name":"CONCRETE ONLUS","description":"VIAGGI ASSISTITI ED ACCESSIBILI SU MISURA PER TE!","publisher":{"@id":"https:\/\/www.concreteonlus.org\/#organization"},"potentialAction":[{"@type":"SearchAction","target":{"@type":"EntryPoint","urlTemplate":"https:\/\/www.concreteonlus.org\/?s={search_term_string}"},"query-input":{"@type":"PropertyValueSpecification","valueRequired":true,"valueName":"search_term_string"}}],"inLanguage":"it-IT"},{"@type":"Organization","@id":"https:\/\/www.concreteonlus.org\/#organization","name":"Concrete Onlus","url":"https:\/\/www.concreteonlus.org\/","logo":{"@type":"ImageObject","inLanguage":"it-IT","@id":"https:\/\/www.concreteonlus.org\/#\/schema\/logo\/image\/","url":"https:\/\/www.concreteonlus.org\/wp-content\/uploads\/2024\/05\/Food-KING-logo-1.png","contentUrl":"https:\/\/www.concreteonlus.org\/wp-content\/uploads\/2024\/05\/Food-KING-logo-1.png","width":"1080","height":"1080","caption":"Concrete Onlus"},"image":{"@id":"https:\/\/www.concreteonlus.org\/#\/schema\/logo\/image\/"},"sameAs":["https:\/\/www.facebook.com\/concreteonlus.org\/","https:\/\/www.instagram.com\/concrete_onlus\/","https:\/\/www.linkedin.com\/company\/concrete-onlus-societ-cooperativa-sociale\/"]}]}},"_links":{"self":[{"href":"https:\/\/www.concreteonlus.org\/index.php?rest_route=\/wp\/v2\/pages\/104748","targetHints":{"allow":["GET"]}}],"collection":[{"href":"https:\/\/www.concreteonlus.org\/index.php?rest_route=\/wp\/v2\/pages"}],"about":[{"href":"https:\/\/www.concreteonlus.org\/index.php?rest_route=\/wp\/v2\/types\/page"}],"author":[{"embeddable":true,"href":"https:\/\/www.concreteonlus.org\/index.php?rest_route=\/wp\/v2\/users\/156"}],"replies":[{"embeddable":true,"href":"https:\/\/www.concreteonlus.org\/index.php?rest_route=%2Fwp%2Fv2%2Fcomments&post=104748"}],"version-history":[{"count":20,"href":"https:\/\/www.concreteonlus.org\/index.php?rest_route=\/wp\/v2\/pages\/104748\/revisions"}],"predecessor-version":[{"id":107446,"href":"https:\/\/www.concreteonlus.org\/index.php?rest_route=\/wp\/v2\/pages\/104748\/revisions\/107446"}],"wp:attachment":[{"href":"https:\/\/www.concreteonlus.org\/index.php?rest_route=%2Fwp%2Fv2%2Fmedia&parent=104748"}],"curies":[{"name":"wp","href":"https:\/\/api.w.org\/{rel}","templated":true}]}}