{"id":104950,"date":"2021-04-23T18:05:14","date_gmt":"2021-04-23T16:05:14","guid":{"rendered":"https:\/\/www.concreteonlus.org\/?page_id=104950"},"modified":"2025-01-28T14:39:07","modified_gmt":"2025-01-28T13:39:07","slug":"cilento","status":"publish","type":"page","link":"https:\/\/www.concreteonlus.org\/?page_id=104950","title":{"rendered":"CILENTO"},"content":{"rendered":"\n<style type=\"text\/css\" data-created_by=\"avia_inline_auto\" id=\"style-css-av-14sy9z-43c09b19c974624c80b0a36999dc78e8\">\n.avia-section.av-14sy9z-43c09b19c974624c80b0a36999dc78e8 .av-parallax .av-parallax-inner{\nbackground-repeat:no-repeat;\nbackground-image:url(https:\/\/www.concreteonlus.org\/wp-content\/uploads\/2021\/04\/paestum-2580876_1920.jpg);\nbackground-position:0% 0%;\nbackground-attachment:scroll;\n}\n.avia-section.av-14sy9z-43c09b19c974624c80b0a36999dc78e8 .av-section-color-overlay{\nopacity:0.3;\nbackground-color:#7c617c;\n}\n<\/style>\n<div id='av_section_1'  class='avia-section av-14sy9z-43c09b19c974624c80b0a36999dc78e8 main_color avia-section-huge avia-no-border-styling  avia-builder-el-0  el_before_av_one_half  avia-builder-el-first  av-parallax-section avia-bg-style-parallax av-section-color-overlay-active av-minimum-height av-minimum-height-75 av-height-75  container_wrap sidebar_right'  data-section-bg-repeat='no-repeat' data-av_minimum_height_pc='75' data-av_min_height_opt='75'><div class='av-parallax' data-avia-parallax-ratio='0.3' ><div class='av-parallax-inner main_color avia-full-stretch'><\/div><\/div><div class=\"av-section-color-overlay-wrap\"><div class=\"av-section-color-overlay\"><\/div><a href='#next-section' title='' class='scroll-down-link  avia-svg-icon avia-font-svg_entypo-fontello' data-av_svg_icon='down-open-mini' data-av_iconset='svg_entypo-fontello'><svg version=\"1.1\" xmlns=\"http:\/\/www.w3.org\/2000\/svg\" width=\"15\" height=\"32\" viewBox=\"0 0 15 32\" preserveAspectRatio=\"xMidYMid meet\" aria-labelledby='av-svg-title-1' aria-describedby='av-svg-desc-1' role=\"graphics-symbol\" aria-hidden=\"true\">\n<title id='av-svg-title-1'>Scorrere alla sezione successiva<\/title>\n<desc id='av-svg-desc-1'>Scorrere alla sezione successiva<\/desc>\n<path d=\"M12.96 12.16q0.704-0.832 1.536 0 0.832 0.704 0 1.536l-6.272 6.144q-0.704 0.704-1.536 0l-6.272-6.144q-0.832-0.832 0-1.536 0.768-0.768 1.6 0l5.44 4.992z\"><\/path>\n<\/svg><\/a><div class='container av-section-cont-open' ><main  role=\"main\" itemprop=\"mainContentOfPage\"  class='template-page content  av-content-small alpha units'><div class='post-entry post-entry-type-page post-entry-104950'><div class='entry-content-wrapper clearfix'>\n<div  class='flex_column av-12sarg-b1ae11d9a6625ade0efd763c629e2b5a av_one_fifth  avia-builder-el-1  el_before_av_three_fifth  avia-builder-el-first  first flex_column_div  '     ><\/div><div  class='flex_column av-12mw5w-9bd7b34e07608f5e30f5ef6c493ad3d9 av_three_fifth  avia-builder-el-2  el_after_av_one_fifth  el_before_av_one_fifth  flex_column_div  '     ><p>\n<style type=\"text\/css\" data-created_by=\"avia_inline_auto\" id=\"style-css-av-kb1hcin1-12fc96d2c958163ecca801d5da19dd4b\">\n#top .av-special-heading.av-kb1hcin1-12fc96d2c958163ecca801d5da19dd4b{\npadding-bottom:10px;\ncolor:#ffffff;\nfont-size:40px;\n}\nbody .av-special-heading.av-kb1hcin1-12fc96d2c958163ecca801d5da19dd4b .av-special-heading-tag .heading-char{\nfont-size:25px;\n}\n#top #wrap_all .av-special-heading.av-kb1hcin1-12fc96d2c958163ecca801d5da19dd4b .av-special-heading-tag{\nfont-size:40px;\n}\n.av-special-heading.av-kb1hcin1-12fc96d2c958163ecca801d5da19dd4b .special-heading-inner-border{\nborder-color:#ffffff;\n}\n.av-special-heading.av-kb1hcin1-12fc96d2c958163ecca801d5da19dd4b .av-subheading{\nfont-size:15px;\n}\n\n@media only screen and (min-width: 480px) and (max-width: 767px){ \n#top #wrap_all .av-special-heading.av-kb1hcin1-12fc96d2c958163ecca801d5da19dd4b .av-special-heading-tag{\nfont-size:0.8em;\n}\n}\n\n@media only screen and (max-width: 479px){ \n#top #wrap_all .av-special-heading.av-kb1hcin1-12fc96d2c958163ecca801d5da19dd4b .av-special-heading-tag{\nfont-size:0.8em;\n}\n}\n<\/style>\n<div  class='av-special-heading av-kb1hcin1-12fc96d2c958163ecca801d5da19dd4b av-special-heading-h1 custom-color-heading blockquote modern-quote modern-centered  avia-builder-el-3  el_before_av_hr  avia-builder-el-first  av-inherit-size'><h1 class='av-special-heading-tag '  itemprop=\"headline\"  >CILENTO<\/h1><div class=\"special-heading-border\"><div class=\"special-heading-inner-border\"><\/div><\/div><\/div><br \/>\n\n<style type=\"text\/css\" data-created_by=\"avia_inline_auto\" id=\"style-css-av-11dhts-5e0d42edaaba266802168c8b86866024\">\n#top .hr.av-11dhts-5e0d42edaaba266802168c8b86866024{\nmargin-top:40px;\nmargin-bottom:40px;\n}\n.hr.av-11dhts-5e0d42edaaba266802168c8b86866024 .hr-inner{\nwidth:50px;\nborder-color:#ffffff;\n}\n<\/style>\n<div  class='hr av-11dhts-5e0d42edaaba266802168c8b86866024 hr-custom  avia-builder-el-4  el_after_av_heading  avia-builder-el-last  hr-center hr-icon-no'><span class='hr-inner inner-border-av-border-fat'><span class=\"hr-inner-style\"><\/span><\/span><\/div><\/p><\/div><div  class='flex_column av-10pzu8-eb6b93490da325d7cfdbe99a5177caa9 av_one_fifth  avia-builder-el-5  el_after_av_three_fifth  avia-builder-el-last  flex_column_div  '     ><\/div>\n<\/div><\/div><\/main><!-- close content main element --><\/div><\/div><\/div><div id='after_section_1'  class='main_color av_default_container_wrap container_wrap sidebar_right'  ><div class='container av-section-cont-open' ><div class='template-page content  av-content-small alpha units'><div class='post-entry post-entry-type-page post-entry-104950'><div class='entry-content-wrapper clearfix'>\n\n<style type=\"text\/css\" data-created_by=\"avia_inline_auto\" id=\"style-css-av-gbi4ut2-f0555c25def056960cea574c53fd5640\">\n.flex_column.av-gbi4ut2-f0555c25def056960cea574c53fd5640{\nborder-radius:0px 0px 0px 0px;\npadding:0px 0px 0px 0px;\n}\n<\/style>\n<div  class='flex_column av-gbi4ut2-f0555c25def056960cea574c53fd5640 av_one_half  avia-builder-el-6  el_after_av_section  el_before_av_one_half  avia-builder-el-first  first flex_column_div av-zero-column-padding  '     ><section  class='av_textblock_section av-knui7nhk-5cc1880daf2cb8bf04f4fdc9ea073b7d '   itemscope=\"itemscope\" itemtype=\"https:\/\/schema.org\/CreativeWork\" ><div class='avia_textblock'  itemprop=\"text\" ><h2><strong>PAESTUM, MOZZARELLA DI BUFALA E IL CILENTO<\/strong><\/h2>\n<h3><strong>Dal 15 al 31 luglio 2025<\/strong><\/h3>\n<h3><strong>15 giorni, 14 notti<\/strong><\/h3>\n<p><span style=\"color: #000000;\"> <\/span><\/p>\n<p><span style=\"color: #000000;\"> <\/span><\/p>\n<h4><strong>PROGRAMMA<\/strong><\/h4>\n<ul>\n<li>GIORNO 1:\u00a0Partenza da Milano o altra citt\u00e0 in mattinata con prima tappa per il pranzo in una citt\u00e0 da decidersi con il gruppo. Arrivo in serata ad Assisi e visita della citt\u00e0.<\/li>\n<\/ul>\n<ul>\n<li>GIORNO 2:\u00a0Oggi seconda giornata di viaggio per raggiungere la nostra destinazione finale nel Cilento che sar\u00e0 la nostra base per l\u2019intera durata del viaggio. Faremo una tappa nella zona di Montecassino per una visita ai luoghi storici e per il pranzo. In serata arrivo a Salerno.La nostra base sar\u00e0 un albergo\/villaggio alla fine della costiera, proprio perch\u00e9 da qui ci potremo muovere pi\u00f9 rapidamente in tutte le direzioni.<\/li>\n<\/ul>\n<ul>\n<li>GIORNO 3: Oggi ci dedicheremo alla visita della Costiera Amalfitana, arrivando fino ad Amalfi, Positano e, se il tempo ce lo permette fino a Punta Campanella e alla Penisola Sorrentina.<\/li>\n<\/ul>\n<p>GIORNO 3:\u00a0Giornata dedicata alla visita delle piccole localit\u00e0 caratteristiche sulla costa del Cilento. Abbiamo moltissima scelta, tra cui:<\/p>\n<ul>\n<li>Acciaroli: col suo porto antico, la Torre normanna, le belle spiagge e il borgo marinaro dove si dice che Hemingway abbia conosciuto il marinaio che ispir\u00f2 il suo personaggio de il Vecchio e il Mare.<\/li>\n<li>Pisciotta: il paese degli ulivi centenari e delle alici di menaica, chiamate cos\u00ec per la particolare tecnica con cui sono pescate. Non si pu\u00f2 non assaggiarle.<\/li>\n<li>Castelnuovo Cilento: il paese che domina la valle dell&#8217;Alento, con strette stradine in pietra sulla cui cima svetta un castello medievale.<\/li>\n<li>Futani: paese sorto lungo il sentiero Sacro, una della strade tracciate in quelle zone. Il santuario che si trova in cima, quello della Madonna del Sacro Monte, \u00e8 stato meta di pellegrinaggi gi\u00e0 dal Medioevo.<\/li>\n<li>Castellabate: borgo ricco di memorie e di beni artistici e naturali. Stradine, vicoletti, archi, brevi gradinate, palazzi e case intercomunicanti si rincorrono tra mare e collina.<\/li>\n<li>Fellitto: una piccola fortezza medievale, circondata da torri e mura di cinta, rinomata per le bont\u00e0 gastronomiche, dall&#8217;olio alle uve fino al fusillo IGP di cui \u00e8 produttrice. Dall&#8217;alto di uno sperone roccioso il paese domina Gole del Calore.<\/li>\n<\/ul>\n<ul>\n<li>GIORNO 4: Seconda giornata dedicata alla visita delle piccole localit\u00e0 caratteristiche sulla costa del Cilento. (vedi elenco sopra).<\/li>\n<\/ul>\n<ul>\n<li>GIORNO 5:\u00a0Giornata dedicata a Paestum e alla piana del Sele, con possibile escursione presso la Tenuta Vannulo, dove sar\u00e0 possibile gustare la mozzarella di bufala prodotta localmente. La Tenuta si trova nella piana del Sele, a Capaccio Scalo. Un luogo dove si producono, oltre alla mozzarella, anche gelati, yogurt e altri prodotti fatti con il latte.\u00a0 Sar\u00e0 possibile visitare anche il Museo permanente della civilt\u00e0 contadina.<\/li>\n<\/ul>\n<ul>\n<li>GIORNO 6:\u00a0Possibile escursione a Pompei, Monte Faito (funivia o auto) e Vesuvio.<\/li>\n<\/ul>\n<ul>\n<li>GIORNO 7: Giornata che potremo dedicare ad un\u2019escursione a Napoli o alla visita delle localit\u00e0 del Cilento che non siamo riusciti a visitane nei giorni precedenti.<\/li>\n<\/ul>\n<ul>\n<li>GIORNO 8: \u00a0Giornata che potremo dedicare ad una vista alla reggia di Caserta o alla visita delle localit\u00e0 del Cilento che non siamo riusciti a visitane nei giorni precedenti.<\/li>\n<\/ul>\n<ul>\n<li>GIORNO 9: Giornata che potremo dedicare alla Certosa di Padula o alla visita delle localit\u00e0 del Cilento che non siamo riusciti a visitane nei giorni precedenti.<\/li>\n<\/ul>\n<ul>\n<li>GIORNO 10: Sulla via del ritorno scegliamo di spostarci pi\u00f9 a este per visitare il Parco nazionale d\u2019Abruzzo. Alla sera raggiungeremo l\u2019area di L\u2019Aquila che visiteremo e dove pernotteremo<\/li>\n<\/ul>\n<ul>\n<li>GIORNO 11: Oggi sar\u00e0 la nostra ultima giornata, costeggeremmo la riviera adriatica per fermarci a pranzo\u00a0 e visitare la zona del Monte Conero, per arrivare in serata alle nostre dimore.<\/li>\n<\/ul>\n<\/div><\/section><\/div>\n<style type=\"text\/css\" data-created_by=\"avia_inline_auto\" id=\"style-css-av-amxctpy-d314bca60512921d5bb6965b46c5b60e\">\n.flex_column.av-amxctpy-d314bca60512921d5bb6965b46c5b60e{\nborder-radius:0px 0px 0px 0px;\npadding:0px 0px 0px 0px;\n}\n<\/style>\n<div  class='flex_column av-amxctpy-d314bca60512921d5bb6965b46c5b60e av_one_half  avia-builder-el-8  el_after_av_one_half  el_before_av_tab_container  flex_column_div av-zero-column-padding  '     ><section  class='av_textblock_section av-u77rli-3ac0769317193e6ca412619471fb10d2 '   itemscope=\"itemscope\" itemtype=\"https:\/\/schema.org\/CreativeWork\" ><div class='avia_textblock'  itemprop=\"text\" ><h2><span style=\"color: #000000;\">Quote di partecipazione<\/span><\/h2>\n<\/div><\/section><br \/>\n<div  class='av-catalogue-container av-knui8xhf-83aed1ede69c20d1005928ce1f46c342  avia-builder-el-10  el_after_av_textblock  avia-builder-el-last '><ul class='av-catalogue-list'>\n<li><div class='av-catalogue-item av-knui83fo-b849f3d2c9f9e485c022caf5bef320ea' ><div class=\"av-catalogue-item-inner\"><div class=\"av-catalogue-title-container\"><div class='av-catalogue-title'>2 Coppie<\/div><div class='av-catalogue-price'>\u20ac 4.200,00 <\/div><\/div><div class=\"av-catalogue-content\"><\/div><\/div><\/div><\/li>\n<li><div class='av-catalogue-item av-knui8i2a-a3a85aa73424a8edd93ce351cfe418fc' ><div class=\"av-catalogue-item-inner\"><div class=\"av-catalogue-title-container\"><div class='av-catalogue-title'>3 Coppie<\/div><div class='av-catalogue-price'>\u20ac 3.900,00 <\/div><\/div><div class=\"av-catalogue-content\"><\/div><\/div><\/div><\/li>\n<li><div class='av-catalogue-item av-knui8tth-d71965f62dfc235e61f60194be4406a8' ><div class=\"av-catalogue-item-inner\"><div class=\"av-catalogue-title-container\"><div class='av-catalogue-title'>4 Coppie<\/div><div class='av-catalogue-price'>\u20ac 3.750,00 <\/div><\/div><div class=\"av-catalogue-content\"><\/div><\/div><\/div><\/li>\n<\/ul><\/div><\/p><\/div><\/p>\n<div  class='tabcontainer av-kk3t7fv3-ceab6fde7a2f4d0e1d8380f0561883b9 top_tab  avia-builder-el-11  el_after_av_one_half  el_before_av_button_big  avia-builder-el-last '>\n<section class='av_tab_section av_tab_section av-d8au6ws-4fd2a31651eaefe7993f46e443cd5079'  itemscope=\"itemscope\" itemtype=\"https:\/\/schema.org\/CreativeWork\" ><div id='tab-id-1-tab' class='tab active_tab' role='tab' aria-selected=\"true\" tabindex=\"0\" data-fake-id='#tab-id-1' aria-controls='tab-id-1-content'  itemprop=\"headline\" ><span class='tab_icon avia-iconfont avia-font-entypo-fontello' data-av_icon='\ue81e' data-av_iconfont='entypo-fontello' ><\/span>FAQ<\/div><div id='tab-id-1-content' class='tab_content active_tab_content' role='tabpanel' aria-labelledby='tab-id-1-tab' aria-hidden=\"false\"><div class='tab_inner_content invers-color'  itemprop=\"text\" ><p>I nostri sono sempre viaggi &#8220;personalizzati&#8221; cio\u00e8 partono dall&#8217;esigenza di un individuo o di un gruppo di persone di recarsi in un posto, ci chiedono un&#8217;idea, un preventivo e delle soluzioni; noi le prepariamo, pubblicizziamo l&#8217;idea, aggreghiamo il gruppo e alla fine entriamo nei dettagli e rendiamo operativo il viaggio. I viaggi sono fatti per persone con disabilit\u00e0 e sono sempre pensati &#8220;a coppie&#8221;, cio\u00e8 un disabile ed un accompagnatore. Se la persona disabile non ha l&#8217;accompagnatore noi lo troviamo &#8211; normalmente &#8211; a titolo gratuito. La persona disabile ha a suo carico la quota che \u00e8 sempre calcolata per coppia. Questo non vuol dire che non si possano aggiungere persone senza disabilit\u00e0, singole o a coppie.<\/p>\n<\/div><\/div><\/section>\n<\/div>\n<div  class='avia-button-wrap avia-button-center  avia-builder-el-12  el_after_av_tab_container  avia-builder-el-last '>\n<style type=\"text\/css\" data-created_by=\"avia_inline_auto\" id=\"style-css-av-kk3w8ogu-b3f2a2418aa1075fc500933e89ad8857\">\n#top #wrap_all .avia-button.av-kk3w8ogu-b3f2a2418aa1075fc500933e89ad8857:hover{\ncolor:#ffffff;\ntransition:all 0.4s ease-in-out;\n}\n#top #wrap_all .avia-button.av-kk3w8ogu-b3f2a2418aa1075fc500933e89ad8857:hover .avia-svg-icon svg:first-child{\nfill:#ffffff;\nstroke:#ffffff;\n}\n<\/style>\n<a href='https:\/\/www.concreteonlus.org\/?page_id=103823' class='av-icon-on-hover avia-color-theme-color avia-font-color-theme-color avia-button avia-button-fullwidth av-kk3w8ogu-b3f2a2418aa1075fc500933e89ad8857 avia-icon_select-yes-left-icon avia-color-theme-color'  target=\"_blank\"  rel=\"noopener noreferrer\"  aria-label=\"Contattaci per maggiori informazioni\"><span class='avia_button_icon avia_button_icon_left avia-iconfont avia-font-entypo-fontello' data-av_icon='\ue81e' data-av_iconfont='entypo-fontello' ><\/span><span class='avia_iconbox_title' >Contattaci per maggiori informazioni<\/span><span class='avia_button_background avia-button avia-button-fullwidth avia-color-theme-color-highlight'><\/span><\/a><\/div>\n","protected":false},"excerpt":{"rendered":"","protected":false},"author":156,"featured_media":104938,"parent":0,"menu_order":0,"comment_status":"closed","ping_status":"closed","template":"","meta":{"footnotes":""},"class_list":["post-104950","page","type-page","status-publish","has-post-thumbnail","hentry"],"yoast_head":"<!-- This site is optimized with the Yoast SEO plugin v25.8 - https:\/\/yoast.com\/wordpress\/plugins\/seo\/ -->\n<title>CILENTO<\/title>\n<meta name=\"description\" content=\"PAESTUM, MOZZARELLA DI BUFALA E IL CILENTO Dal 15 al 31 luglio 2021 15giorni, 14 notti\" \/>\n<meta name=\"robots\" content=\"index, follow, max-snippet:-1, max-image-preview:large, max-video-preview:-1\" \/>\n<link rel=\"canonical\" href=\"https:\/\/www.concreteonlus.org\/?page_id=104950\" \/>\n<meta property=\"og:locale\" content=\"it_IT\" \/>\n<meta property=\"og:type\" content=\"article\" \/>\n<meta property=\"og:title\" content=\"CILENTO\" \/>\n<meta property=\"og:description\" content=\"PAESTUM, MOZZARELLA DI BUFALA E IL CILENTO Dal 15 al 31 luglio 2021 15giorni, 14 notti\" \/>\n<meta property=\"og:url\" content=\"https:\/\/www.concreteonlus.org\/?page_id=104950\" \/>\n<meta property=\"og:site_name\" content=\"CONCRETE ONLUS\" \/>\n<meta property=\"article:publisher\" content=\"https:\/\/www.facebook.com\/concreteonlus.org\/\" \/>\n<meta property=\"article:modified_time\" content=\"2025-01-28T13:39:07+00:00\" \/>\n<meta property=\"og:image\" content=\"https:\/\/www.concreteonlus.org\/wp-content\/uploads\/2021\/04\/5-1.png\" \/>\n\t<meta property=\"og:image:width\" content=\"500\" \/>\n\t<meta property=\"og:image:height\" content=\"500\" \/>\n\t<meta property=\"og:image:type\" content=\"image\/png\" \/>\n<meta name=\"twitter:card\" content=\"summary_large_image\" \/>\n<meta name=\"twitter:label1\" content=\"Tempo di lettura stimato\" \/>\n\t<meta name=\"twitter:data1\" content=\"4 minuti\" \/>\n<script type=\"application\/ld+json\" class=\"yoast-schema-graph\">{\"@context\":\"https:\/\/schema.org\",\"@graph\":[{\"@type\":\"WebPage\",\"@id\":\"https:\/\/www.concreteonlus.org\/?page_id=104950\",\"url\":\"https:\/\/www.concreteonlus.org\/?page_id=104950\",\"name\":\"CILENTO\",\"isPartOf\":{\"@id\":\"https:\/\/www.concreteonlus.org\/#website\"},\"primaryImageOfPage\":{\"@id\":\"https:\/\/www.concreteonlus.org\/?page_id=104950#primaryimage\"},\"image\":{\"@id\":\"https:\/\/www.concreteonlus.org\/?page_id=104950#primaryimage\"},\"thumbnailUrl\":\"https:\/\/www.concreteonlus.org\/wp-content\/uploads\/2021\/04\/5-1.png\",\"datePublished\":\"2021-04-23T16:05:14+00:00\",\"dateModified\":\"2025-01-28T13:39:07+00:00\",\"description\":\"PAESTUM, MOZZARELLA DI BUFALA E IL CILENTO Dal 15 al 31 luglio 2021 15giorni, 14 notti\",\"breadcrumb\":{\"@id\":\"https:\/\/www.concreteonlus.org\/?page_id=104950#breadcrumb\"},\"inLanguage\":\"it-IT\",\"potentialAction\":[{\"@type\":\"ReadAction\",\"target\":[\"https:\/\/www.concreteonlus.org\/?page_id=104950\"]}]},{\"@type\":\"ImageObject\",\"inLanguage\":\"it-IT\",\"@id\":\"https:\/\/www.concreteonlus.org\/?page_id=104950#primaryimage\",\"url\":\"https:\/\/www.concreteonlus.org\/wp-content\/uploads\/2021\/04\/5-1.png\",\"contentUrl\":\"https:\/\/www.concreteonlus.org\/wp-content\/uploads\/2021\/04\/5-1.png\",\"width\":500,\"height\":500},{\"@type\":\"BreadcrumbList\",\"@id\":\"https:\/\/www.concreteonlus.org\/?page_id=104950#breadcrumb\",\"itemListElement\":[{\"@type\":\"ListItem\",\"position\":1,\"name\":\"Home\",\"item\":\"https:\/\/www.concreteonlus.org\/\"},{\"@type\":\"ListItem\",\"position\":2,\"name\":\"CILENTO\"}]},{\"@type\":\"WebSite\",\"@id\":\"https:\/\/www.concreteonlus.org\/#website\",\"url\":\"https:\/\/www.concreteonlus.org\/\",\"name\":\"CONCRETE ONLUS\",\"description\":\"VIAGGI ASSISTITI ED ACCESSIBILI SU MISURA PER TE!\",\"publisher\":{\"@id\":\"https:\/\/www.concreteonlus.org\/#organization\"},\"potentialAction\":[{\"@type\":\"SearchAction\",\"target\":{\"@type\":\"EntryPoint\",\"urlTemplate\":\"https:\/\/www.concreteonlus.org\/?s={search_term_string}\"},\"query-input\":{\"@type\":\"PropertyValueSpecification\",\"valueRequired\":true,\"valueName\":\"search_term_string\"}}],\"inLanguage\":\"it-IT\"},{\"@type\":\"Organization\",\"@id\":\"https:\/\/www.concreteonlus.org\/#organization\",\"name\":\"Concrete Onlus\",\"url\":\"https:\/\/www.concreteonlus.org\/\",\"logo\":{\"@type\":\"ImageObject\",\"inLanguage\":\"it-IT\",\"@id\":\"https:\/\/www.concreteonlus.org\/#\/schema\/logo\/image\/\",\"url\":\"https:\/\/www.concreteonlus.org\/wp-content\/uploads\/2024\/05\/Food-KING-logo-1.png\",\"contentUrl\":\"https:\/\/www.concreteonlus.org\/wp-content\/uploads\/2024\/05\/Food-KING-logo-1.png\",\"width\":\"1080\",\"height\":\"1080\",\"caption\":\"Concrete Onlus\"},\"image\":{\"@id\":\"https:\/\/www.concreteonlus.org\/#\/schema\/logo\/image\/\"},\"sameAs\":[\"https:\/\/www.facebook.com\/concreteonlus.org\/\",\"https:\/\/www.instagram.com\/concrete_onlus\/\",\"https:\/\/www.linkedin.com\/company\/concrete-onlus-societ-cooperativa-sociale\/\"]}]}<\/script>\n<!-- \/ Yoast SEO plugin. -->","yoast_head_json":{"title":"CILENTO","description":"PAESTUM, MOZZARELLA DI BUFALA E IL CILENTO Dal 15 al 31 luglio 2021 15giorni, 14 notti","robots":{"index":"index","follow":"follow","max-snippet":"max-snippet:-1","max-image-preview":"max-image-preview:large","max-video-preview":"max-video-preview:-1"},"canonical":"https:\/\/www.concreteonlus.org\/?page_id=104950","og_locale":"it_IT","og_type":"article","og_title":"CILENTO","og_description":"PAESTUM, MOZZARELLA DI BUFALA E IL CILENTO Dal 15 al 31 luglio 2021 15giorni, 14 notti","og_url":"https:\/\/www.concreteonlus.org\/?page_id=104950","og_site_name":"CONCRETE ONLUS","article_publisher":"https:\/\/www.facebook.com\/concreteonlus.org\/","article_modified_time":"2025-01-28T13:39:07+00:00","og_image":[{"width":500,"height":500,"url":"https:\/\/www.concreteonlus.org\/wp-content\/uploads\/2021\/04\/5-1.png","type":"image\/png"}],"twitter_card":"summary_large_image","twitter_misc":{"Tempo di lettura stimato":"4 minuti"},"schema":{"@context":"https:\/\/schema.org","@graph":[{"@type":"WebPage","@id":"https:\/\/www.concreteonlus.org\/?page_id=104950","url":"https:\/\/www.concreteonlus.org\/?page_id=104950","name":"CILENTO","isPartOf":{"@id":"https:\/\/www.concreteonlus.org\/#website"},"primaryImageOfPage":{"@id":"https:\/\/www.concreteonlus.org\/?page_id=104950#primaryimage"},"image":{"@id":"https:\/\/www.concreteonlus.org\/?page_id=104950#primaryimage"},"thumbnailUrl":"https:\/\/www.concreteonlus.org\/wp-content\/uploads\/2021\/04\/5-1.png","datePublished":"2021-04-23T16:05:14+00:00","dateModified":"2025-01-28T13:39:07+00:00","description":"PAESTUM, MOZZARELLA DI BUFALA E IL CILENTO Dal 15 al 31 luglio 2021 15giorni, 14 notti","breadcrumb":{"@id":"https:\/\/www.concreteonlus.org\/?page_id=104950#breadcrumb"},"inLanguage":"it-IT","potentialAction":[{"@type":"ReadAction","target":["https:\/\/www.concreteonlus.org\/?page_id=104950"]}]},{"@type":"ImageObject","inLanguage":"it-IT","@id":"https:\/\/www.concreteonlus.org\/?page_id=104950#primaryimage","url":"https:\/\/www.concreteonlus.org\/wp-content\/uploads\/2021\/04\/5-1.png","contentUrl":"https:\/\/www.concreteonlus.org\/wp-content\/uploads\/2021\/04\/5-1.png","width":500,"height":500},{"@type":"BreadcrumbList","@id":"https:\/\/www.concreteonlus.org\/?page_id=104950#breadcrumb","itemListElement":[{"@type":"ListItem","position":1,"name":"Home","item":"https:\/\/www.concreteonlus.org\/"},{"@type":"ListItem","position":2,"name":"CILENTO"}]},{"@type":"WebSite","@id":"https:\/\/www.concreteonlus.org\/#website","url":"https:\/\/www.concreteonlus.org\/","name":"CONCRETE ONLUS","description":"VIAGGI ASSISTITI ED ACCESSIBILI SU MISURA PER TE!","publisher":{"@id":"https:\/\/www.concreteonlus.org\/#organization"},"potentialAction":[{"@type":"SearchAction","target":{"@type":"EntryPoint","urlTemplate":"https:\/\/www.concreteonlus.org\/?s={search_term_string}"},"query-input":{"@type":"PropertyValueSpecification","valueRequired":true,"valueName":"search_term_string"}}],"inLanguage":"it-IT"},{"@type":"Organization","@id":"https:\/\/www.concreteonlus.org\/#organization","name":"Concrete Onlus","url":"https:\/\/www.concreteonlus.org\/","logo":{"@type":"ImageObject","inLanguage":"it-IT","@id":"https:\/\/www.concreteonlus.org\/#\/schema\/logo\/image\/","url":"https:\/\/www.concreteonlus.org\/wp-content\/uploads\/2024\/05\/Food-KING-logo-1.png","contentUrl":"https:\/\/www.concreteonlus.org\/wp-content\/uploads\/2024\/05\/Food-KING-logo-1.png","width":"1080","height":"1080","caption":"Concrete Onlus"},"image":{"@id":"https:\/\/www.concreteonlus.org\/#\/schema\/logo\/image\/"},"sameAs":["https:\/\/www.facebook.com\/concreteonlus.org\/","https:\/\/www.instagram.com\/concrete_onlus\/","https:\/\/www.linkedin.com\/company\/concrete-onlus-societ-cooperativa-sociale\/"]}]}},"_links":{"self":[{"href":"https:\/\/www.concreteonlus.org\/index.php?rest_route=\/wp\/v2\/pages\/104950","targetHints":{"allow":["GET"]}}],"collection":[{"href":"https:\/\/www.concreteonlus.org\/index.php?rest_route=\/wp\/v2\/pages"}],"about":[{"href":"https:\/\/www.concreteonlus.org\/index.php?rest_route=\/wp\/v2\/types\/page"}],"author":[{"embeddable":true,"href":"https:\/\/www.concreteonlus.org\/index.php?rest_route=\/wp\/v2\/users\/156"}],"replies":[{"embeddable":true,"href":"https:\/\/www.concreteonlus.org\/index.php?rest_route=%2Fwp%2Fv2%2Fcomments&post=104950"}],"version-history":[{"count":13,"href":"https:\/\/www.concreteonlus.org\/index.php?rest_route=\/wp\/v2\/pages\/104950\/revisions"}],"predecessor-version":[{"id":107338,"href":"https:\/\/www.concreteonlus.org\/index.php?rest_route=\/wp\/v2\/pages\/104950\/revisions\/107338"}],"wp:featuredmedia":[{"embeddable":true,"href":"https:\/\/www.concreteonlus.org\/index.php?rest_route=\/wp\/v2\/media\/104938"}],"wp:attachment":[{"href":"https:\/\/www.concreteonlus.org\/index.php?rest_route=%2Fwp%2Fv2%2Fmedia&parent=104950"}],"curies":[{"name":"wp","href":"https:\/\/api.w.org\/{rel}","templated":true}]}}