{"id":105450,"date":"2021-10-19T11:01:48","date_gmt":"2021-10-19T09:01:48","guid":{"rendered":"https:\/\/www.concreteonlus.org\/?page_id=105450"},"modified":"2024-01-11T12:43:41","modified_gmt":"2024-01-11T11:43:41","slug":"capodanno-in-giordania","status":"publish","type":"page","link":"https:\/\/www.concreteonlus.org\/?page_id=105450","title":{"rendered":"CAPODANNO IN GIORDANIA"},"content":{"rendered":"\n<style type=\"text\/css\" data-created_by=\"avia_inline_auto\" id=\"style-css-av-14sy9z-95e7bc9dbf70964d81ccfdd5fb36b2cc\">\n.avia-section.av-14sy9z-95e7bc9dbf70964d81ccfdd5fb36b2cc .av-parallax .av-parallax-inner{\nbackground-repeat:no-repeat;\nbackground-image:url(https:\/\/www.concreteonlus.org\/wp-content\/uploads\/2021\/10\/archaeological-g7b5755bfd_1920.jpeg);\nbackground-position:0% 50%;\nbackground-attachment:scroll;\n}\n.avia-section.av-14sy9z-95e7bc9dbf70964d81ccfdd5fb36b2cc .av-section-color-overlay{\nopacity:0.6;\nbackground-color:#5863dd;\n}\n<\/style>\n<div id='av_section_1'  class='avia-section av-14sy9z-95e7bc9dbf70964d81ccfdd5fb36b2cc main_color avia-section-huge avia-no-border-styling  avia-builder-el-0  el_before_av_one_half  avia-builder-el-first  av-parallax-section avia-bg-style-parallax av-section-color-overlay-active av-minimum-height av-minimum-height-75 av-height-75  container_wrap sidebar_right'  data-section-bg-repeat='no-repeat' data-av_minimum_height_pc='75' data-av_min_height_opt='75'><div class='av-parallax' data-avia-parallax-ratio='0.3' ><div class='av-parallax-inner main_color avia-full-stretch'><\/div><\/div><div class=\"av-section-color-overlay-wrap\"><div class=\"av-section-color-overlay\"><\/div><a href='#next-section' title='' class='scroll-down-link  avia-svg-icon avia-font-svg_entypo-fontello' data-av_svg_icon='down-open-mini' data-av_iconset='svg_entypo-fontello'><svg version=\"1.1\" xmlns=\"http:\/\/www.w3.org\/2000\/svg\" width=\"15\" height=\"32\" viewBox=\"0 0 15 32\" preserveAspectRatio=\"xMidYMid meet\" aria-labelledby='av-svg-title-1' aria-describedby='av-svg-desc-1' role=\"graphics-symbol\" aria-hidden=\"true\">\n<title id='av-svg-title-1'>Scorrere alla sezione successiva<\/title>\n<desc id='av-svg-desc-1'>Scorrere alla sezione successiva<\/desc>\n<path d=\"M12.96 12.16q0.704-0.832 1.536 0 0.832 0.704 0 1.536l-6.272 6.144q-0.704 0.704-1.536 0l-6.272-6.144q-0.832-0.832 0-1.536 0.768-0.768 1.6 0l5.44 4.992z\"><\/path>\n<\/svg><\/a><div class='container av-section-cont-open' ><main  role=\"main\" itemprop=\"mainContentOfPage\"  class='template-page content  av-content-small alpha units'><div class='post-entry post-entry-type-page post-entry-105450'><div class='entry-content-wrapper clearfix'>\n<div  class='flex_column av-12sarg-b1ae11d9a6625ade0efd763c629e2b5a av_one_fifth  avia-builder-el-1  el_before_av_three_fifth  avia-builder-el-first  first flex_column_div  '     ><\/div><div  class='flex_column av-12mw5w-9bd7b34e07608f5e30f5ef6c493ad3d9 av_three_fifth  avia-builder-el-2  el_after_av_one_fifth  el_before_av_one_fifth  flex_column_div  '     ><p>\n<style type=\"text\/css\" data-created_by=\"avia_inline_auto\" id=\"style-css-av-kk3wg7jk-b1bbe1f07863d8040fed2a4dd53b1d32\">\n#top .av-special-heading.av-kk3wg7jk-b1bbe1f07863d8040fed2a4dd53b1d32{\npadding-bottom:10px;\ncolor:#ffffff;\nfont-size:40px;\n}\nbody .av-special-heading.av-kk3wg7jk-b1bbe1f07863d8040fed2a4dd53b1d32 .av-special-heading-tag .heading-char{\nfont-size:25px;\n}\n#top #wrap_all .av-special-heading.av-kk3wg7jk-b1bbe1f07863d8040fed2a4dd53b1d32 .av-special-heading-tag{\nfont-size:40px;\n}\n.av-special-heading.av-kk3wg7jk-b1bbe1f07863d8040fed2a4dd53b1d32 .special-heading-inner-border{\nborder-color:#ffffff;\n}\n.av-special-heading.av-kk3wg7jk-b1bbe1f07863d8040fed2a4dd53b1d32 .av-subheading{\nfont-size:15px;\n}\n\n@media only screen and (min-width: 480px) and (max-width: 767px){ \n#top #wrap_all .av-special-heading.av-kk3wg7jk-b1bbe1f07863d8040fed2a4dd53b1d32 .av-special-heading-tag{\nfont-size:0.8em;\n}\n}\n\n@media only screen and (max-width: 479px){ \n#top #wrap_all .av-special-heading.av-kk3wg7jk-b1bbe1f07863d8040fed2a4dd53b1d32 .av-special-heading-tag{\nfont-size:0.8em;\n}\n}\n<\/style>\n<div  class='av-special-heading av-kk3wg7jk-b1bbe1f07863d8040fed2a4dd53b1d32 av-special-heading-h1 custom-color-heading blockquote modern-quote modern-centered  avia-builder-el-3  el_before_av_hr  avia-builder-el-first  av-inherit-size'><h1 class='av-special-heading-tag '  itemprop=\"headline\"  >CAPODANNO IN GIORDANIA<\/h1><div class=\"special-heading-border\"><div class=\"special-heading-inner-border\"><\/div><\/div><\/div><br \/>\n\n<style type=\"text\/css\" data-created_by=\"avia_inline_auto\" id=\"style-css-av-11dhts-5e0d42edaaba266802168c8b86866024\">\n#top .hr.av-11dhts-5e0d42edaaba266802168c8b86866024{\nmargin-top:40px;\nmargin-bottom:40px;\n}\n.hr.av-11dhts-5e0d42edaaba266802168c8b86866024 .hr-inner{\nwidth:50px;\nborder-color:#ffffff;\n}\n<\/style>\n<div  class='hr av-11dhts-5e0d42edaaba266802168c8b86866024 hr-custom  avia-builder-el-4  el_after_av_heading  avia-builder-el-last  hr-center hr-icon-no'><span class='hr-inner inner-border-av-border-fat'><span class=\"hr-inner-style\"><\/span><\/span><\/div><\/p><\/div><div  class='flex_column av-10pzu8-eb6b93490da325d7cfdbe99a5177caa9 av_one_fifth  avia-builder-el-5  el_after_av_three_fifth  avia-builder-el-last  flex_column_div  '     ><\/div>\n<\/div><\/div><\/main><!-- close content main element --><\/div><\/div><\/div><div id='after_section_1'  class='main_color av_default_container_wrap container_wrap sidebar_right'  ><div class='container av-section-cont-open' ><div class='template-page content  av-content-small alpha units'><div class='post-entry post-entry-type-page post-entry-105450'><div class='entry-content-wrapper clearfix'>\n\n<style type=\"text\/css\" data-created_by=\"avia_inline_auto\" id=\"style-css-av-12b1xm2e-7a410d119da55e9a4d57dd5899eaaa5e\">\n.flex_column.av-12b1xm2e-7a410d119da55e9a4d57dd5899eaaa5e{\nborder-radius:0px 0px 0px 0px;\npadding:0px 0px 0px 0px;\n}\n<\/style>\n<div  class='flex_column av-12b1xm2e-7a410d119da55e9a4d57dd5899eaaa5e av_one_half  avia-builder-el-6  el_after_av_section  el_before_av_one_half  avia-builder-el-first  first flex_column_div av-zero-column-padding  '     ><section  class='av_textblock_section av-kk3t3owc-d0a7d67f0487b04f0bd19b83bd60b4b4 '   itemscope=\"itemscope\" itemtype=\"https:\/\/schema.org\/CreativeWork\" ><div class='avia_textblock'  itemprop=\"text\" ><h1><span style=\"color: #000000;\"><strong>CAPODANNO IN GIORDANIA<\/strong><\/span><\/h1>\n<h2><span style=\"color: #000000;\"><strong>Dal 28 dicembre 2024 al 4 gennaio 2025<\/strong><\/span><\/h2>\n<h3><span style=\"color: #000000;\"><strong>(8 giorni, 7 notti)<\/strong><\/span><\/h3>\n<p><span style=\"color: #000000;\"><strong>\u00a0<\/strong><\/span><\/p>\n<p><span style=\"color: #000000;\">La Giordania \u00e8 si in medio oriente ma in realt\u00e0 \u00e8 molto vicina all\u2019Europa e all\u2019Italia, sia per distanza che per cultura. Solo 3,5 ore di volo e arriviamo ad Amman, mentre i luoghi sono parte della nostra tradizione: il Monte Nebo di Mos\u00e8, il Mar Morto, il fiume Giordano che da nome al paese, le popolazioni degli Amorrei, Nabatei, Romani, Bizantini la cui presenza e influenza \u00e8 ancora visibile e si percepisce nonostante la successiva islamizzazione. Anche la cucina \u00e8 fatta da ingredienti ben noti a noi popolazioni mediterranee: l\u2019hummus fatto con i ceci, la Pita un pane identico a quello Greco, il Tabbouleh\u00a0 &#8211; un insalata dove il prezzemolo spadroneggia -, lo Shish Mensaf a base di yogurt e carne di montone. Il clima mite anche d\u2019inverno e quello \u201ccaraibico\u201d del Mar Rosso di Aquaba rendono la Giordania una meta ideale per delle vacanze invernali piene di sole, di storia \u2026 senza fare tanta strada.<\/span><\/p>\n<p><span style=\"color: #000000;\"><strong>PROGRAMMA<\/strong><\/span><\/p>\n<p><span style=\"color: #000000;\"><strong>28 DICEMBRE:<\/strong> Partenza in mattinata da Milano per arrivare all\u2019aeroporto di Bologna dove nel pomeriggio prenderemo il volo per Amman dove arriveremo in tarda serata. Con un mezzo adatto al trasporto delle persone disabili ci trasferiremo sul Mar Morto che sar\u00e0 la nostra base per alcuni giorni. <strong>3 notti sul Mar Morto<\/strong><\/span><\/p>\n<p><span style=\"color: #000000;\"><strong>29 DICEMBRE: <\/strong>L\u2019intera giornata di oggi verr\u00e0 spesa nel relax del del nostro resort sul Mar Morto, dove potremo immergerci (miracolosamente anche chi non sa nuotare galleggia!), cospargerci con il portentoso e terapeutico fango. <strong>2\u00b0 notte sul Mar Morto<\/strong><\/span><\/p>\n<p><span style=\"color: #000000;\"><strong>30 DICEMBRE<\/strong>: Oggi visiteremo la Valle del fiume Giordano, costeggiando per la maggior parte del tempo il confine con lo stato d\u2019Israele: Visiteremo il Wadi Al Muijb, the salt statue of the Prophet Lot and, on our way back Jesus baptism location. <strong>3\u00b0 notte sul Mar Morto<\/strong><\/span><\/p>\n<p><span style=\"color: #000000;\"><strong>31 DICEMBRE:<\/strong> Oggi spostiamo la nostra base pi\u00f9 a sud, sul Mar Rosso e pi\u00f9 esattamente ad Aquaba, l\u2019unica stazione balneare della Giordania, nonch\u00e9 unico porto e unico sbocco al mare dell\u2019intera nazione. Lungo la strada ci fermeremo a visitare Petra, uno dei siti Unesco e una delle meraviglie del mondo attuale. La sera arriveremo ad Aquaba, giusto in tempo per festeggiare la fine del 2021 e attendere l\u2019arrivo del 2022. <strong>2 notti ad Aquaba<\/strong><\/span><\/p>\n<p><span style=\"color: #000000;\"><strong>1 GENNAIO:<\/strong> \u00a0Giornata di relax sulle spiagge del Mar Rosso dove la temperatura \u00e8 mite, il mare \u00e8 caldo ed \u00e8 possibile fare il bagno anche in questa stagione. <strong>2\u00b0 notte ad Aquaba<\/strong><\/span><\/p>\n<p><span style=\"color: #000000;\"><strong>2 GENNAIO:<\/strong> Incominciamo la nostra risalita verso nord con due possibilit\u00e0: visita di locations lungo la strada e arrivo ad Amman in serata, oppure via veloci verso Amman arrivandoci per pranzo e visitandola nel pomeriggio. <strong>2 notti ad Amman<\/strong><\/span><\/p>\n<p><span style=\"color: #000000;\">3 GENNAIO: Oggi ci spengeremo nella parte pi\u00f9 settentrionale della Giordania, ai confini con il Libano e la Siria, per visitare Irbid e le localit\u00e0 circostanti. <strong>2\u00b0 notte ad Amman<\/strong><\/span><\/p>\n<p><span style=\"color: #000000;\">4 GENNAIO: il nostro aereo sar\u00e0 in serata, quindi abbiamo tutto il tempo di dedicarci allo shopping. Arrivo in Italia in nottata.<\/span><\/p>\n<p><span style=\"color: #000000;\"><strong>Fine del viaggio<\/strong><\/span><\/p>\n<\/div><\/section><\/div>\n<style type=\"text\/css\" data-created_by=\"avia_inline_auto\" id=\"style-css-av-10i1in1y-b6341871395262c6a14f3dace5b0dacb\">\n.flex_column.av-10i1in1y-b6341871395262c6a14f3dace5b0dacb{\nborder-radius:0px 0px 0px 0px;\npadding:0px 0px 0px 0px;\n}\n<\/style>\n<div  class='flex_column av-10i1in1y-b6341871395262c6a14f3dace5b0dacb av_one_half  avia-builder-el-8  el_after_av_one_half  el_before_av_tab_container  flex_column_div av-zero-column-padding  '     ><section  class='av_textblock_section av-kk3t4q5o-364e9dd7bb49fd582b86735470eeef67 '   itemscope=\"itemscope\" itemtype=\"https:\/\/schema.org\/CreativeWork\" ><div class='avia_textblock'  itemprop=\"text\" ><h2><span style=\"color: #000000;\">Quote di partecipazione<\/span><\/h2>\n<\/div><\/section><br \/>\n<div  class='av-catalogue-container av-kk3tcyev-48bc08e2c58adbb612713a5b50b291e3  avia-builder-el-10  el_after_av_textblock  avia-builder-el-last '><ul class='av-catalogue-list'>\n<li><div class='av-catalogue-item av-o8ah7jq-1e81295891c4e478dce58a6abd25627c' ><div class=\"av-catalogue-item-inner\"><div class=\"av-catalogue-title-container\"><div class='av-catalogue-title'>2 Coppie<\/div><div class='av-catalogue-price'>\u20ac 3200,00<\/div><\/div><div class=\"av-catalogue-content\">\n*nel caso tutte le coppie fossero gi\u00e0 formate e dovessimo fornire un capogruppo-accompagnatore, bisogner\u00e0 aggiungere il 50% di una quota, a secondo il numero di coppie.<br \/>\n<\/div><\/div><\/div><\/li>\n<li><div class='av-catalogue-item av-kucs8c6-65bc11da7580e692a6911113d4520a7a' ><div class=\"av-catalogue-item-inner\"><div class=\"av-catalogue-title-container\"><div class='av-catalogue-title'>3 Coppie<\/div><div class='av-catalogue-price'>\u20ac 2950,00<\/div><\/div><div class=\"av-catalogue-content\">\n*nel caso tutte le coppie fossero gi\u00e0 formate e dovessimo fornire un capogruppo-accompagnatore, bisogner\u00e0 aggiungere il 50% di una quota, a secondo il numero di coppie.<br \/>\n<\/div><\/div><\/div><\/li>\n<li><div class='av-catalogue-item av-he7wlo6-438380e034ee4a856582d13556a7e46d' ><div class=\"av-catalogue-item-inner\"><div class=\"av-catalogue-title-container\"><div class='av-catalogue-title'>4 Coppie<\/div><div class='av-catalogue-price'>\u20ac 2700,00<\/div><\/div><div class=\"av-catalogue-content\">\n*nel caso tutte le coppie fossero gi\u00e0 formate e dovessimo fornire un capogruppo-accompagnatore, bisogner\u00e0 aggiungere il 50% di una quota, a secondo il numero di coppie.<br \/>\n<\/div><\/div><\/div><\/li>\n<\/ul><\/div><\/p><\/div><\/p>\n<div  class='tabcontainer av-kk3t7fv3-2a33f9bdf4289860872d4abe490a5854 top_tab  avia-builder-el-11  el_after_av_one_half  el_before_av_button_big  avia-builder-el-last '>\n<section class='av_tab_section av_tab_section av-aq5gcdy-ab6359d7bbae76831bde7606d6134e1d'  itemscope=\"itemscope\" itemtype=\"https:\/\/schema.org\/CreativeWork\" ><div id='tab-id-1-tab' class='tab active_tab' role='tab' aria-selected=\"true\" tabindex=\"0\" data-fake-id='#tab-id-1' aria-controls='tab-id-1-content'  itemprop=\"headline\" ><span class='tab_icon avia-iconfont avia-font-entypo-fontello' data-av_icon='\ue81e' data-av_iconfont='entypo-fontello' ><\/span>FAQ<\/div><div id='tab-id-1-content' class='tab_content active_tab_content' role='tabpanel' aria-labelledby='tab-id-1-tab' aria-hidden=\"false\"><div class='tab_inner_content invers-color'  itemprop=\"text\" ><p>I nostri sono sempre viaggi &#8220;personalizzati&#8221; cio\u00e8 partono dall&#8217;esigenza di un individuo o di un gruppo di persone di recarsi in un posto, ci chiedono un&#8217;idea, un preventivo e delle soluzioni; noi le prepariamo, pubblicizziamo l&#8217;idea, aggreghiamo il gruppo e alla fine entriamo nei dettagli e rendiamo operativo il viaggio. I viaggi sono fatti per persone con disabilit\u00e0 e sono sempre pensati &#8220;a coppie&#8221;, cio\u00e8 un disabile ed un accompagnatore. Se la persona disabile non ha l&#8217;accompagnatore noi lo troviamo &#8211; normalmente &#8211; a titolo gratuito. La persona disabile ha a suo carico la quota che \u00e8 sempre calcolata per coppia. Questo non vuol dire che non si possano aggiungere persone senza disabilit\u00e0, singole o a coppie.<\/p>\n<p>Assistenza 24\/24 H; trasporti, da veicoli accessibili e confortevoli a tratte aeree ed in nave; sistemazione in hotel; pasti a \u201cla carte\u201d.<\/p>\n<p><em>\u201cChe aspettate allora? Preparatevi a partire verso una vacanza unica!\u201d<\/em><\/p>\n<p>Nota: I VIAGGI CONCRETE non comprendono ingressi a musei ed altre location, il visto d\u2019ingresso nei paesi interessati \u2013 laddove necessario \u2013 e non comprende l\u2019assicurazione per gli infortuni e per il rientro che \u00e8 obbligatorio fare prima della partenza.<\/p>\n<\/div><\/div><\/section>\n<\/div>\n<div  class='avia-button-wrap avia-button-center  avia-builder-el-12  el_after_av_tab_container  avia-builder-el-last '>\n<style type=\"text\/css\" data-created_by=\"avia_inline_auto\" id=\"style-css-av-kk3w8ogu-b3f2a2418aa1075fc500933e89ad8857\">\n#top #wrap_all .avia-button.av-kk3w8ogu-b3f2a2418aa1075fc500933e89ad8857:hover{\ncolor:#ffffff;\ntransition:all 0.4s ease-in-out;\n}\n#top #wrap_all .avia-button.av-kk3w8ogu-b3f2a2418aa1075fc500933e89ad8857:hover .avia-svg-icon svg:first-child{\nfill:#ffffff;\nstroke:#ffffff;\n}\n<\/style>\n<a href='https:\/\/www.concreteonlus.org\/?page_id=103823' class='av-icon-on-hover avia-color-theme-color avia-font-color-theme-color avia-button avia-button-fullwidth av-kk3w8ogu-b3f2a2418aa1075fc500933e89ad8857 avia-icon_select-yes-left-icon avia-color-theme-color'  target=\"_blank\"  rel=\"noopener noreferrer\"  aria-label=\"Contattaci per maggiori informazioni\"><span class='avia_button_icon avia_button_icon_left avia-iconfont avia-font-entypo-fontello' data-av_icon='\ue81e' data-av_iconfont='entypo-fontello' ><\/span><span class='avia_iconbox_title' >Contattaci per maggiori informazioni<\/span><span class='avia_button_background avia-button avia-button-fullwidth avia-color-theme-color-highlight'><\/span><\/a><\/div>\n","protected":false},"excerpt":{"rendered":"","protected":false},"author":156,"featured_media":105452,"parent":0,"menu_order":0,"comment_status":"closed","ping_status":"closed","template":"","meta":{"footnotes":""},"class_list":["post-105450","page","type-page","status-publish","has-post-thumbnail","hentry"],"yoast_head":"<!-- This site is optimized with the Yoast SEO plugin v25.8 - https:\/\/yoast.com\/wordpress\/plugins\/seo\/ -->\n<title>CAPODANNO IN GIORDANIA<\/title>\n<meta name=\"description\" content=\"CAPODANNO IN GIORDANIADal 28 dicembre 2021 al 4 gennaio 20228 giorni, 7 notti\" \/>\n<meta name=\"robots\" content=\"index, follow, max-snippet:-1, max-image-preview:large, max-video-preview:-1\" \/>\n<link rel=\"canonical\" href=\"https:\/\/www.concreteonlus.org\/?page_id=105450\" \/>\n<meta property=\"og:locale\" content=\"it_IT\" \/>\n<meta property=\"og:type\" content=\"article\" \/>\n<meta property=\"og:title\" content=\"CAPODANNO IN GIORDANIA\" \/>\n<meta property=\"og:description\" content=\"CAPODANNO IN GIORDANIADal 28 dicembre 2021 al 4 gennaio 20228 giorni, 7 notti\" \/>\n<meta property=\"og:url\" content=\"https:\/\/www.concreteonlus.org\/?page_id=105450\" \/>\n<meta property=\"og:site_name\" content=\"CONCRETE ONLUS\" \/>\n<meta property=\"article:publisher\" content=\"https:\/\/www.facebook.com\/concreteonlus.org\/\" \/>\n<meta property=\"article:modified_time\" content=\"2024-01-11T11:43:41+00:00\" \/>\n<meta property=\"og:image\" content=\"https:\/\/www.concreteonlus.org\/wp-content\/uploads\/2021\/10\/28.png\" \/>\n\t<meta property=\"og:image:width\" content=\"500\" \/>\n\t<meta property=\"og:image:height\" content=\"500\" \/>\n\t<meta property=\"og:image:type\" content=\"image\/png\" \/>\n<meta name=\"twitter:card\" content=\"summary_large_image\" \/>\n<meta name=\"twitter:image\" content=\"https:\/\/www.concreteonlus.org\/wp-content\/uploads\/2021\/10\/28.png\" \/>\n<meta name=\"twitter:label1\" content=\"Tempo di lettura stimato\" \/>\n\t<meta name=\"twitter:data1\" content=\"6 minuti\" \/>\n<script type=\"application\/ld+json\" class=\"yoast-schema-graph\">{\"@context\":\"https:\/\/schema.org\",\"@graph\":[{\"@type\":\"WebPage\",\"@id\":\"https:\/\/www.concreteonlus.org\/?page_id=105450\",\"url\":\"https:\/\/www.concreteonlus.org\/?page_id=105450\",\"name\":\"CAPODANNO IN GIORDANIA\",\"isPartOf\":{\"@id\":\"https:\/\/www.concreteonlus.org\/#website\"},\"primaryImageOfPage\":{\"@id\":\"https:\/\/www.concreteonlus.org\/?page_id=105450#primaryimage\"},\"image\":{\"@id\":\"https:\/\/www.concreteonlus.org\/?page_id=105450#primaryimage\"},\"thumbnailUrl\":\"https:\/\/www.concreteonlus.org\/wp-content\/uploads\/2021\/10\/28.png\",\"datePublished\":\"2021-10-19T09:01:48+00:00\",\"dateModified\":\"2024-01-11T11:43:41+00:00\",\"description\":\"CAPODANNO IN GIORDANIADal 28 dicembre 2021 al 4 gennaio 20228 giorni, 7 notti\",\"breadcrumb\":{\"@id\":\"https:\/\/www.concreteonlus.org\/?page_id=105450#breadcrumb\"},\"inLanguage\":\"it-IT\",\"potentialAction\":[{\"@type\":\"ReadAction\",\"target\":[\"https:\/\/www.concreteonlus.org\/?page_id=105450\"]}]},{\"@type\":\"ImageObject\",\"inLanguage\":\"it-IT\",\"@id\":\"https:\/\/www.concreteonlus.org\/?page_id=105450#primaryimage\",\"url\":\"https:\/\/www.concreteonlus.org\/wp-content\/uploads\/2021\/10\/28.png\",\"contentUrl\":\"https:\/\/www.concreteonlus.org\/wp-content\/uploads\/2021\/10\/28.png\",\"width\":500,\"height\":500,\"caption\":\"CAPODANNO IN GIORDANIA\"},{\"@type\":\"BreadcrumbList\",\"@id\":\"https:\/\/www.concreteonlus.org\/?page_id=105450#breadcrumb\",\"itemListElement\":[{\"@type\":\"ListItem\",\"position\":1,\"name\":\"Home\",\"item\":\"https:\/\/www.concreteonlus.org\/\"},{\"@type\":\"ListItem\",\"position\":2,\"name\":\"CAPODANNO IN GIORDANIA\"}]},{\"@type\":\"WebSite\",\"@id\":\"https:\/\/www.concreteonlus.org\/#website\",\"url\":\"https:\/\/www.concreteonlus.org\/\",\"name\":\"CONCRETE ONLUS\",\"description\":\"VIAGGI ASSISTITI ED ACCESSIBILI SU MISURA PER TE!\",\"publisher\":{\"@id\":\"https:\/\/www.concreteonlus.org\/#organization\"},\"potentialAction\":[{\"@type\":\"SearchAction\",\"target\":{\"@type\":\"EntryPoint\",\"urlTemplate\":\"https:\/\/www.concreteonlus.org\/?s={search_term_string}\"},\"query-input\":{\"@type\":\"PropertyValueSpecification\",\"valueRequired\":true,\"valueName\":\"search_term_string\"}}],\"inLanguage\":\"it-IT\"},{\"@type\":\"Organization\",\"@id\":\"https:\/\/www.concreteonlus.org\/#organization\",\"name\":\"Concrete Onlus\",\"url\":\"https:\/\/www.concreteonlus.org\/\",\"logo\":{\"@type\":\"ImageObject\",\"inLanguage\":\"it-IT\",\"@id\":\"https:\/\/www.concreteonlus.org\/#\/schema\/logo\/image\/\",\"url\":\"https:\/\/www.concreteonlus.org\/wp-content\/uploads\/2024\/05\/Food-KING-logo-1.png\",\"contentUrl\":\"https:\/\/www.concreteonlus.org\/wp-content\/uploads\/2024\/05\/Food-KING-logo-1.png\",\"width\":\"1080\",\"height\":\"1080\",\"caption\":\"Concrete Onlus\"},\"image\":{\"@id\":\"https:\/\/www.concreteonlus.org\/#\/schema\/logo\/image\/\"},\"sameAs\":[\"https:\/\/www.facebook.com\/concreteonlus.org\/\",\"https:\/\/www.instagram.com\/concrete_onlus\/\",\"https:\/\/www.linkedin.com\/company\/concrete-onlus-societ-cooperativa-sociale\/\"]}]}<\/script>\n<!-- \/ Yoast SEO plugin. -->","yoast_head_json":{"title":"CAPODANNO IN GIORDANIA","description":"CAPODANNO IN GIORDANIADal 28 dicembre 2021 al 4 gennaio 20228 giorni, 7 notti","robots":{"index":"index","follow":"follow","max-snippet":"max-snippet:-1","max-image-preview":"max-image-preview:large","max-video-preview":"max-video-preview:-1"},"canonical":"https:\/\/www.concreteonlus.org\/?page_id=105450","og_locale":"it_IT","og_type":"article","og_title":"CAPODANNO IN GIORDANIA","og_description":"CAPODANNO IN GIORDANIADal 28 dicembre 2021 al 4 gennaio 20228 giorni, 7 notti","og_url":"https:\/\/www.concreteonlus.org\/?page_id=105450","og_site_name":"CONCRETE ONLUS","article_publisher":"https:\/\/www.facebook.com\/concreteonlus.org\/","article_modified_time":"2024-01-11T11:43:41+00:00","og_image":[{"width":500,"height":500,"url":"https:\/\/www.concreteonlus.org\/wp-content\/uploads\/2021\/10\/28.png","type":"image\/png"}],"twitter_card":"summary_large_image","twitter_image":"https:\/\/www.concreteonlus.org\/wp-content\/uploads\/2021\/10\/28.png","twitter_misc":{"Tempo di lettura stimato":"6 minuti"},"schema":{"@context":"https:\/\/schema.org","@graph":[{"@type":"WebPage","@id":"https:\/\/www.concreteonlus.org\/?page_id=105450","url":"https:\/\/www.concreteonlus.org\/?page_id=105450","name":"CAPODANNO IN GIORDANIA","isPartOf":{"@id":"https:\/\/www.concreteonlus.org\/#website"},"primaryImageOfPage":{"@id":"https:\/\/www.concreteonlus.org\/?page_id=105450#primaryimage"},"image":{"@id":"https:\/\/www.concreteonlus.org\/?page_id=105450#primaryimage"},"thumbnailUrl":"https:\/\/www.concreteonlus.org\/wp-content\/uploads\/2021\/10\/28.png","datePublished":"2021-10-19T09:01:48+00:00","dateModified":"2024-01-11T11:43:41+00:00","description":"CAPODANNO IN GIORDANIADal 28 dicembre 2021 al 4 gennaio 20228 giorni, 7 notti","breadcrumb":{"@id":"https:\/\/www.concreteonlus.org\/?page_id=105450#breadcrumb"},"inLanguage":"it-IT","potentialAction":[{"@type":"ReadAction","target":["https:\/\/www.concreteonlus.org\/?page_id=105450"]}]},{"@type":"ImageObject","inLanguage":"it-IT","@id":"https:\/\/www.concreteonlus.org\/?page_id=105450#primaryimage","url":"https:\/\/www.concreteonlus.org\/wp-content\/uploads\/2021\/10\/28.png","contentUrl":"https:\/\/www.concreteonlus.org\/wp-content\/uploads\/2021\/10\/28.png","width":500,"height":500,"caption":"CAPODANNO IN GIORDANIA"},{"@type":"BreadcrumbList","@id":"https:\/\/www.concreteonlus.org\/?page_id=105450#breadcrumb","itemListElement":[{"@type":"ListItem","position":1,"name":"Home","item":"https:\/\/www.concreteonlus.org\/"},{"@type":"ListItem","position":2,"name":"CAPODANNO IN GIORDANIA"}]},{"@type":"WebSite","@id":"https:\/\/www.concreteonlus.org\/#website","url":"https:\/\/www.concreteonlus.org\/","name":"CONCRETE ONLUS","description":"VIAGGI ASSISTITI ED ACCESSIBILI SU MISURA PER TE!","publisher":{"@id":"https:\/\/www.concreteonlus.org\/#organization"},"potentialAction":[{"@type":"SearchAction","target":{"@type":"EntryPoint","urlTemplate":"https:\/\/www.concreteonlus.org\/?s={search_term_string}"},"query-input":{"@type":"PropertyValueSpecification","valueRequired":true,"valueName":"search_term_string"}}],"inLanguage":"it-IT"},{"@type":"Organization","@id":"https:\/\/www.concreteonlus.org\/#organization","name":"Concrete Onlus","url":"https:\/\/www.concreteonlus.org\/","logo":{"@type":"ImageObject","inLanguage":"it-IT","@id":"https:\/\/www.concreteonlus.org\/#\/schema\/logo\/image\/","url":"https:\/\/www.concreteonlus.org\/wp-content\/uploads\/2024\/05\/Food-KING-logo-1.png","contentUrl":"https:\/\/www.concreteonlus.org\/wp-content\/uploads\/2024\/05\/Food-KING-logo-1.png","width":"1080","height":"1080","caption":"Concrete Onlus"},"image":{"@id":"https:\/\/www.concreteonlus.org\/#\/schema\/logo\/image\/"},"sameAs":["https:\/\/www.facebook.com\/concreteonlus.org\/","https:\/\/www.instagram.com\/concrete_onlus\/","https:\/\/www.linkedin.com\/company\/concrete-onlus-societ-cooperativa-sociale\/"]}]}},"_links":{"self":[{"href":"https:\/\/www.concreteonlus.org\/index.php?rest_route=\/wp\/v2\/pages\/105450","targetHints":{"allow":["GET"]}}],"collection":[{"href":"https:\/\/www.concreteonlus.org\/index.php?rest_route=\/wp\/v2\/pages"}],"about":[{"href":"https:\/\/www.concreteonlus.org\/index.php?rest_route=\/wp\/v2\/types\/page"}],"author":[{"embeddable":true,"href":"https:\/\/www.concreteonlus.org\/index.php?rest_route=\/wp\/v2\/users\/156"}],"replies":[{"embeddable":true,"href":"https:\/\/www.concreteonlus.org\/index.php?rest_route=%2Fwp%2Fv2%2Fcomments&post=105450"}],"version-history":[{"count":9,"href":"https:\/\/www.concreteonlus.org\/index.php?rest_route=\/wp\/v2\/pages\/105450\/revisions"}],"predecessor-version":[{"id":106833,"href":"https:\/\/www.concreteonlus.org\/index.php?rest_route=\/wp\/v2\/pages\/105450\/revisions\/106833"}],"wp:featuredmedia":[{"embeddable":true,"href":"https:\/\/www.concreteonlus.org\/index.php?rest_route=\/wp\/v2\/media\/105452"}],"wp:attachment":[{"href":"https:\/\/www.concreteonlus.org\/index.php?rest_route=%2Fwp%2Fv2%2Fmedia&parent=105450"}],"curies":[{"name":"wp","href":"https:\/\/api.w.org\/{rel}","templated":true}]}}