{"id":106307,"date":"2023-02-27T14:23:04","date_gmt":"2023-02-27T13:23:04","guid":{"rendered":"https:\/\/www.concreteonlus.org\/?page_id=106307"},"modified":"2025-01-28T14:36:49","modified_gmt":"2025-01-28T13:36:49","slug":"carnevale-di-viareggio","status":"publish","type":"page","link":"https:\/\/www.concreteonlus.org\/?page_id=106307","title":{"rendered":"CARNEVALE DI VIAREGGIO"},"content":{"rendered":"\n<style type=\"text\/css\" data-created_by=\"avia_inline_auto\" id=\"style-css-av-14sy9z-76ffd7bed66a76fcfecabca75ef8b54b\">\n.avia-section.av-14sy9z-76ffd7bed66a76fcfecabca75ef8b54b{\nbackground-repeat:no-repeat;\nbackground-image:url(https:\/\/www.concreteonlus.org\/wp-content\/uploads\/2023\/02\/carnival-g0568b3e6a_1920.jpg);\nbackground-position:0% 50%;\nbackground-attachment:scroll;\n}\n.avia-section.av-14sy9z-76ffd7bed66a76fcfecabca75ef8b54b .av-section-color-overlay{\nopacity:0.6;\nbackground-color:#5863dd;\n}\n<\/style>\n<div id='av_section_1'  class='avia-section av-14sy9z-76ffd7bed66a76fcfecabca75ef8b54b main_color avia-section-huge avia-no-border-styling  avia-builder-el-0  el_before_av_one_half  avia-builder-el-first  avia-bg-style-scroll av-section-color-overlay-active av-minimum-height av-minimum-height-75 av-height-75  container_wrap sidebar_right'  data-section-bg-repeat='no-repeat' data-av_minimum_height_pc='75' data-av_min_height_opt='75'><div class=\"av-section-color-overlay-wrap\"><div class=\"av-section-color-overlay\"><\/div><a href='#next-section' title='' class='scroll-down-link  avia-svg-icon avia-font-svg_entypo-fontello' data-av_svg_icon='down-open-mini' data-av_iconset='svg_entypo-fontello'><svg version=\"1.1\" xmlns=\"http:\/\/www.w3.org\/2000\/svg\" width=\"15\" height=\"32\" viewBox=\"0 0 15 32\" preserveAspectRatio=\"xMidYMid meet\" aria-labelledby='av-svg-title-1' aria-describedby='av-svg-desc-1' role=\"graphics-symbol\" aria-hidden=\"true\">\n<title id='av-svg-title-1'>Scorrere alla sezione successiva<\/title>\n<desc id='av-svg-desc-1'>Scorrere alla sezione successiva<\/desc>\n<path d=\"M12.96 12.16q0.704-0.832 1.536 0 0.832 0.704 0 1.536l-6.272 6.144q-0.704 0.704-1.536 0l-6.272-6.144q-0.832-0.832 0-1.536 0.768-0.768 1.6 0l5.44 4.992z\"><\/path>\n<\/svg><\/a><div class='container av-section-cont-open' ><main  role=\"main\" itemprop=\"mainContentOfPage\"  class='template-page content  av-content-small alpha units'><div class='post-entry post-entry-type-page post-entry-106307'><div class='entry-content-wrapper clearfix'>\n<div  class='flex_column av-12sarg-b1ae11d9a6625ade0efd763c629e2b5a av_one_fifth  avia-builder-el-1  el_before_av_three_fifth  avia-builder-el-first  first flex_column_div  '     ><\/div><div  class='flex_column av-12mw5w-9bd7b34e07608f5e30f5ef6c493ad3d9 av_three_fifth  avia-builder-el-2  el_after_av_one_fifth  el_before_av_one_fifth  flex_column_div  '     ><p>\n<style type=\"text\/css\" data-created_by=\"avia_inline_auto\" id=\"style-css-av-kk3wg7jk-efd78e716ee9d66158d0e77b4122b75e\">\n#top .av-special-heading.av-kk3wg7jk-efd78e716ee9d66158d0e77b4122b75e{\npadding-bottom:10px;\ncolor:#ffffff;\nfont-size:40px;\n}\nbody .av-special-heading.av-kk3wg7jk-efd78e716ee9d66158d0e77b4122b75e .av-special-heading-tag .heading-char{\nfont-size:25px;\n}\n#top #wrap_all .av-special-heading.av-kk3wg7jk-efd78e716ee9d66158d0e77b4122b75e .av-special-heading-tag{\nfont-size:40px;\n}\n.av-special-heading.av-kk3wg7jk-efd78e716ee9d66158d0e77b4122b75e .special-heading-inner-border{\nborder-color:#ffffff;\n}\n.av-special-heading.av-kk3wg7jk-efd78e716ee9d66158d0e77b4122b75e .av-subheading{\nfont-size:15px;\n}\n\n@media only screen and (min-width: 480px) and (max-width: 767px){ \n#top #wrap_all .av-special-heading.av-kk3wg7jk-efd78e716ee9d66158d0e77b4122b75e .av-special-heading-tag{\nfont-size:0.8em;\n}\n}\n\n@media only screen and (max-width: 479px){ \n#top #wrap_all .av-special-heading.av-kk3wg7jk-efd78e716ee9d66158d0e77b4122b75e .av-special-heading-tag{\nfont-size:0.8em;\n}\n}\n<\/style>\n<div  class='av-special-heading av-kk3wg7jk-efd78e716ee9d66158d0e77b4122b75e av-special-heading-h1 custom-color-heading blockquote modern-quote modern-centered  avia-builder-el-3  el_before_av_hr  avia-builder-el-first  av-inherit-size'><h1 class='av-special-heading-tag '  itemprop=\"headline\"  >CARNEVALE DI VIAREGGIO<\/h1><div class=\"special-heading-border\"><div class=\"special-heading-inner-border\"><\/div><\/div><\/div><br \/>\n\n<style type=\"text\/css\" data-created_by=\"avia_inline_auto\" id=\"style-css-av-11dhts-5e0d42edaaba266802168c8b86866024\">\n#top .hr.av-11dhts-5e0d42edaaba266802168c8b86866024{\nmargin-top:40px;\nmargin-bottom:40px;\n}\n.hr.av-11dhts-5e0d42edaaba266802168c8b86866024 .hr-inner{\nwidth:50px;\nborder-color:#ffffff;\n}\n<\/style>\n<div  class='hr av-11dhts-5e0d42edaaba266802168c8b86866024 hr-custom  avia-builder-el-4  el_after_av_heading  avia-builder-el-last  hr-center hr-icon-no'><span class='hr-inner inner-border-av-border-fat'><span class=\"hr-inner-style\"><\/span><\/span><\/div><\/p><\/div><div  class='flex_column av-10pzu8-eb6b93490da325d7cfdbe99a5177caa9 av_one_fifth  avia-builder-el-5  el_after_av_three_fifth  avia-builder-el-last  flex_column_div  '     ><\/div>\n<\/div><\/div><\/main><!-- close content main element --><\/div><\/div><\/div><div id='after_section_1'  class='main_color av_default_container_wrap container_wrap sidebar_right'  ><div class='container av-section-cont-open' ><div class='template-page content  av-content-small alpha units'><div class='post-entry post-entry-type-page post-entry-106307'><div class='entry-content-wrapper clearfix'>\n\n<style type=\"text\/css\" data-created_by=\"avia_inline_auto\" id=\"style-css-av-12b1xm2e-7a410d119da55e9a4d57dd5899eaaa5e\">\n.flex_column.av-12b1xm2e-7a410d119da55e9a4d57dd5899eaaa5e{\nborder-radius:0px 0px 0px 0px;\npadding:0px 0px 0px 0px;\n}\n<\/style>\n<div  class='flex_column av-12b1xm2e-7a410d119da55e9a4d57dd5899eaaa5e av_one_half  avia-builder-el-6  el_after_av_section  el_before_av_one_half  avia-builder-el-first  first flex_column_div av-zero-column-padding  '     ><section  class='av_textblock_section av-kk3t3owc-d0a7d67f0487b04f0bd19b83bd60b4b4 '   itemscope=\"itemscope\" itemtype=\"https:\/\/schema.org\/CreativeWork\" ><div class='avia_textblock'  itemprop=\"text\" ><h1 class=\"wp-block-heading\">CARNEVALE A VIAREGGIO &#8211; 7 GIORNI<\/h1>\n<h2>Dal 17 al 23 febbraio 2025<\/h2>\n<h3><\/h3>\n<h3>(7 giorni, 6 notti)<\/h3>\n<p>Il Carnevale di Viareggio \u00e8 considerato uno dei pi\u00f9 importanti carnevali d&#8217;Italia, d&#8217;Europa e del mondo. I carri allegorici, che sono i pi\u00f9 grandi e movimentati del mondo, sfilano lungo la passeggiata a mare viareggina. Le opere allegoriche, attraverso la satira, affrontano i grandi temi della contemporaneit\u00e0: dalla politica nazionale e internazionale, all&#8217;ambiente, al sociale Noi visiteremo Viareggio proprio in questi giorni, per gustarci il suo tipico Carnevale, ma non mancheremo di approfittare dei nostri giorni in questa citt\u00e0 per visitare anche localit\u00e0 toscane \u00a0limitrofe. A meno di un\u2019ora da Viareggio si trovano splendide citt\u00e0 come Pisa, Lucca, Pistoia e Livorno.<\/p>\n<h3 class=\"wp-block-heading\">PROGRAMMA<\/h3>\n<ul>\n<li>17 FEBBRAIO: Partenza da Milano in mattinata con uno dei nostri minivan accessibili. Ci fermeremo per una tappa verso l\u2019ora di pranzo in una localit\u00e0 a scelta lungo la strada. Arriveremo a Viareggio nel pomeriggio e, dopo esserci sistemati in albergo, potremo fare un primo giro serale della citt\u00e0.<\/li>\n<\/ul>\n<ul>\n<li>18 FEBBRAIO: Oggi potremmo visitare qualche luogo caratteristico di Viareggio, come il Museo del Carnevale. Oppure potremmo fare un\u2019escursione giornaliera in una localit\u00e0 toscana a scelta. Tra le nostre opzioni ci sono: Pisa, Lucca, Livorno e Pistoia.<\/li>\n<\/ul>\n<ul>\n<li>19 FEBBRAIO:\u00a0Oggi potremmo fare un\u2019escursione giornaliera in una localit\u00e0 toscana a scelta. Tra le nostre opzioni ci sono: Pisa, Lucca, Livorno e Pistoia.<\/li>\n<\/ul>\n<ul>\n<li>20 FEBBRAIO: Oggi Viareggio si colorer\u00e0 con una delle sue caratteristiche sfilate di carri colorati. Potremo assistervi e seguirla per la citt\u00e0, che la sera colorer\u00e0 il cielo con uno spettacolo di fuochi d\u2019artificio.<\/li>\n<\/ul>\n<ul>\n<li>21 FEBBRAIO: Oggi potremmo fare un\u2019escursione giornaliera in una localit\u00e0 toscana a scelta. Tra le nostre opzioni ci sono: Pisa, Lucca, Livorno e Pistoia.<\/li>\n<\/ul>\n<ul>\n<li>22 FEBBRAIO:\u00a0Oggi potremmo fare un\u2019escursione giornaliera in una localit\u00e0 toscana a scelta. Tra le nostre opzioni ci sono: Pisa, Lucca, Livorno e Pistoia. Ma potremo decidere di spingerci un po\u2019 pi\u00f9 lontano ed arrivare fino a Firenze. La citt\u00e0 \u00e8 grande, ma potremo gustarne almeno un assaggio.<\/li>\n<\/ul>\n<ul>\n<li>23 FEBBRAIO:\u00a0E\u2019 giunto il giorno del ritorno. Partenza da Viareggio in mattinata. Ci fermeremo per una tappa verso l\u2019ora di pranzo in una localit\u00e0 a scelta lungo la strada. Rientreremo a Milano nel pomeriggio.<\/li>\n<\/ul>\n<\/div><\/section><\/div>\n<style type=\"text\/css\" data-created_by=\"avia_inline_auto\" id=\"style-css-av-10i1in1y-b6341871395262c6a14f3dace5b0dacb\">\n.flex_column.av-10i1in1y-b6341871395262c6a14f3dace5b0dacb{\nborder-radius:0px 0px 0px 0px;\npadding:0px 0px 0px 0px;\n}\n<\/style>\n<div  class='flex_column av-10i1in1y-b6341871395262c6a14f3dace5b0dacb av_one_half  avia-builder-el-8  el_after_av_one_half  el_before_av_tab_container  flex_column_div av-zero-column-padding  '     ><section  class='av_textblock_section av-kk3t4q5o-364e9dd7bb49fd582b86735470eeef67 '   itemscope=\"itemscope\" itemtype=\"https:\/\/schema.org\/CreativeWork\" ><div class='avia_textblock'  itemprop=\"text\" ><h2><span style=\"color: #000000;\">Quote di partecipazione<\/span><\/h2>\n<\/div><\/section><br \/>\n<div  class='av-catalogue-container av-kk3tcyev-48bc08e2c58adbb612713a5b50b291e3  avia-builder-el-10  el_after_av_textblock  avia-builder-el-last '><ul class='av-catalogue-list'>\n<li><div class='av-catalogue-item av-o8ah7jq-d82d88f52ffa6344e4d962841702138f' ><div class=\"av-catalogue-item-inner\"><div class=\"av-catalogue-title-container\"><div class='av-catalogue-title'>2 Coppie<\/div><div class='av-catalogue-price'>\u20ac 2400,00<\/div><\/div><div class=\"av-catalogue-content\"><\/div><\/div><\/div><\/li>\n<li><div class='av-catalogue-item av-kucs8c6-83ba6527301e60d8332a2943065f2133' ><div class=\"av-catalogue-item-inner\"><div class=\"av-catalogue-title-container\"><div class='av-catalogue-title'>3 Coppie<\/div><div class='av-catalogue-price'>\u20ac 2150,00<\/div><\/div><div class=\"av-catalogue-content\"><\/div><\/div><\/div><\/li>\n<li><div class='av-catalogue-item av-he7wlo6-d2de91c62003c694f1db637e44b726dd' ><div class=\"av-catalogue-item-inner\"><div class=\"av-catalogue-title-container\"><div class='av-catalogue-title'>4 Coppie<\/div><div class='av-catalogue-price'>\u20ac 1950,00<\/div><\/div><div class=\"av-catalogue-content\"><\/div><\/div><\/div><\/li>\n<\/ul><\/div><\/p><\/div><\/p>\n<div  class='tabcontainer av-kk3t7fv3-2a33f9bdf4289860872d4abe490a5854 top_tab  avia-builder-el-11  el_after_av_one_half  el_before_av_button_big  avia-builder-el-last '>\n<section class='av_tab_section av_tab_section av-aq5gcdy-ab6359d7bbae76831bde7606d6134e1d'  itemscope=\"itemscope\" itemtype=\"https:\/\/schema.org\/CreativeWork\" ><div id='tab-id-1-tab' class='tab active_tab' role='tab' aria-selected=\"true\" tabindex=\"0\" data-fake-id='#tab-id-1' aria-controls='tab-id-1-content'  itemprop=\"headline\" ><span class='tab_icon avia-iconfont avia-font-entypo-fontello' data-av_icon='\ue81e' data-av_iconfont='entypo-fontello' ><\/span>FAQ<\/div><div id='tab-id-1-content' class='tab_content active_tab_content' role='tabpanel' aria-labelledby='tab-id-1-tab' aria-hidden=\"false\"><div class='tab_inner_content invers-color'  itemprop=\"text\" ><p class=\"p2\">*nel caso tutte le coppie fossero gi\u00e0 formate e dovessimo fornire un capogruppo-accompagnatore, bisogner\u00e0 aggiungere il 50% di una quota, a secondo il numero di coppie.<\/p>\n<p class=\"p3\">I nostri sono sempre viaggi \u201cpersonalizzati\u201d cio\u00e8 partono dall\u2019esigenza di un individuo o di un gruppo di persone di recarsi in un posto, ci chiedono un\u2019idea, un preventivo e delle soluzioni; noi le prepariamo, pubblicizziamo l\u2019idea, aggreghiamo il gruppo e alla fine entriamo nei dettagli e rendiamo operativo il viaggio. I viaggi sono fatti per persone con disabilit\u00e0 e sono sempre pensati \u201ca coppie\u201d, cio\u00e8 un disabile ed un accompagnatore. Se la persona disabile non ha l\u2019accompagnatore noi lo troviamo \u2013 normalmente \u2013 a titolo gratuito. La persona disabile ha a suo carico la quota che \u00e8 sempre calcolata per coppia. Questo non vuol dire che non si possano aggiungere persone senza disabilit\u00e0, singole o a coppie.<\/p>\n<\/div><\/div><\/section>\n<\/div>\n<div  class='avia-button-wrap avia-button-center  avia-builder-el-12  el_after_av_tab_container  avia-builder-el-last '>\n<style type=\"text\/css\" data-created_by=\"avia_inline_auto\" id=\"style-css-av-kk3w8ogu-b3f2a2418aa1075fc500933e89ad8857\">\n#top #wrap_all .avia-button.av-kk3w8ogu-b3f2a2418aa1075fc500933e89ad8857:hover{\ncolor:#ffffff;\ntransition:all 0.4s ease-in-out;\n}\n#top #wrap_all .avia-button.av-kk3w8ogu-b3f2a2418aa1075fc500933e89ad8857:hover .avia-svg-icon svg:first-child{\nfill:#ffffff;\nstroke:#ffffff;\n}\n<\/style>\n<a href='https:\/\/www.concreteonlus.org\/?page_id=103823' class='av-icon-on-hover avia-color-theme-color avia-font-color-theme-color avia-button avia-button-fullwidth av-kk3w8ogu-b3f2a2418aa1075fc500933e89ad8857 avia-icon_select-yes-left-icon avia-color-theme-color'  target=\"_blank\"  rel=\"noopener noreferrer\"  aria-label=\"Contattaci per maggiori informazioni\"><span class='avia_button_icon avia_button_icon_left avia-iconfont avia-font-entypo-fontello' data-av_icon='\ue81e' data-av_iconfont='entypo-fontello' ><\/span><span class='avia_iconbox_title' >Contattaci per maggiori informazioni<\/span><span class='avia_button_background avia-button avia-button-fullwidth avia-color-theme-color-highlight'><\/span><\/a><\/div>\n","protected":false},"excerpt":{"rendered":"","protected":false},"author":156,"featured_media":105381,"parent":0,"menu_order":0,"comment_status":"closed","ping_status":"closed","template":"","meta":{"footnotes":""},"class_list":["post-106307","page","type-page","status-publish","has-post-thumbnail","hentry"],"yoast_head":"<!-- This site is optimized with the Yoast SEO plugin v25.8 - https:\/\/yoast.com\/wordpress\/plugins\/seo\/ -->\n<title>CARNEVALE DI VIAREGGIO - CONCRETE ONLUS<\/title>\n<meta name=\"description\" content=\"CONCRETE ONLUS - CARNEVALE DI VIAREGGIO Il Carnevale di Viareggio \u00e8 considerato uno dei pi\u00f9 importanti carnevali d&#039;Italia, d&#039;Europa e del mondo.\" \/>\n<meta name=\"robots\" content=\"index, follow, max-snippet:-1, max-image-preview:large, max-video-preview:-1\" \/>\n<link rel=\"canonical\" href=\"https:\/\/www.concreteonlus.org\/?page_id=106307\" \/>\n<meta property=\"og:locale\" content=\"it_IT\" \/>\n<meta property=\"og:type\" content=\"article\" \/>\n<meta property=\"og:title\" content=\"CARNEVALE DI VIAREGGIO - CONCRETE ONLUS\" \/>\n<meta property=\"og:description\" content=\"CONCRETE ONLUS - CARNEVALE DI VIAREGGIO Il Carnevale di Viareggio \u00e8 considerato uno dei pi\u00f9 importanti carnevali d&#039;Italia, d&#039;Europa e del mondo.\" \/>\n<meta property=\"og:url\" content=\"https:\/\/www.concreteonlus.org\/?page_id=106307\" \/>\n<meta property=\"og:site_name\" content=\"CONCRETE ONLUS\" \/>\n<meta property=\"article:publisher\" content=\"https:\/\/www.facebook.com\/concreteonlus.org\/\" \/>\n<meta property=\"article:modified_time\" content=\"2025-01-28T13:36:49+00:00\" \/>\n<meta property=\"og:image\" content=\"https:\/\/www.concreteonlus.org\/wp-content\/uploads\/2021\/09\/19.png\" \/>\n\t<meta property=\"og:image:width\" content=\"500\" \/>\n\t<meta property=\"og:image:height\" content=\"500\" \/>\n\t<meta property=\"og:image:type\" content=\"image\/png\" \/>\n<meta name=\"twitter:card\" content=\"summary_large_image\" \/>\n<meta name=\"twitter:label1\" content=\"Tempo di lettura stimato\" \/>\n\t<meta name=\"twitter:data1\" content=\"3 minuti\" \/>\n<script type=\"application\/ld+json\" class=\"yoast-schema-graph\">{\"@context\":\"https:\/\/schema.org\",\"@graph\":[{\"@type\":\"WebPage\",\"@id\":\"https:\/\/www.concreteonlus.org\/?page_id=106307\",\"url\":\"https:\/\/www.concreteonlus.org\/?page_id=106307\",\"name\":\"CARNEVALE DI VIAREGGIO - CONCRETE ONLUS\",\"isPartOf\":{\"@id\":\"https:\/\/www.concreteonlus.org\/#website\"},\"primaryImageOfPage\":{\"@id\":\"https:\/\/www.concreteonlus.org\/?page_id=106307#primaryimage\"},\"image\":{\"@id\":\"https:\/\/www.concreteonlus.org\/?page_id=106307#primaryimage\"},\"thumbnailUrl\":\"https:\/\/www.concreteonlus.org\/wp-content\/uploads\/2021\/09\/19.png\",\"datePublished\":\"2023-02-27T13:23:04+00:00\",\"dateModified\":\"2025-01-28T13:36:49+00:00\",\"description\":\"CONCRETE ONLUS - CARNEVALE DI VIAREGGIO Il Carnevale di Viareggio \u00e8 considerato uno dei pi\u00f9 importanti carnevali d'Italia, d'Europa e del mondo.\",\"breadcrumb\":{\"@id\":\"https:\/\/www.concreteonlus.org\/?page_id=106307#breadcrumb\"},\"inLanguage\":\"it-IT\",\"potentialAction\":[{\"@type\":\"ReadAction\",\"target\":[\"https:\/\/www.concreteonlus.org\/?page_id=106307\"]}]},{\"@type\":\"ImageObject\",\"inLanguage\":\"it-IT\",\"@id\":\"https:\/\/www.concreteonlus.org\/?page_id=106307#primaryimage\",\"url\":\"https:\/\/www.concreteonlus.org\/wp-content\/uploads\/2021\/09\/19.png\",\"contentUrl\":\"https:\/\/www.concreteonlus.org\/wp-content\/uploads\/2021\/09\/19.png\",\"width\":500,\"height\":500},{\"@type\":\"BreadcrumbList\",\"@id\":\"https:\/\/www.concreteonlus.org\/?page_id=106307#breadcrumb\",\"itemListElement\":[{\"@type\":\"ListItem\",\"position\":1,\"name\":\"Home\",\"item\":\"https:\/\/www.concreteonlus.org\/\"},{\"@type\":\"ListItem\",\"position\":2,\"name\":\"CARNEVALE DI VIAREGGIO\"}]},{\"@type\":\"WebSite\",\"@id\":\"https:\/\/www.concreteonlus.org\/#website\",\"url\":\"https:\/\/www.concreteonlus.org\/\",\"name\":\"CONCRETE ONLUS\",\"description\":\"VIAGGI ASSISTITI ED ACCESSIBILI SU MISURA PER TE!\",\"publisher\":{\"@id\":\"https:\/\/www.concreteonlus.org\/#organization\"},\"potentialAction\":[{\"@type\":\"SearchAction\",\"target\":{\"@type\":\"EntryPoint\",\"urlTemplate\":\"https:\/\/www.concreteonlus.org\/?s={search_term_string}\"},\"query-input\":{\"@type\":\"PropertyValueSpecification\",\"valueRequired\":true,\"valueName\":\"search_term_string\"}}],\"inLanguage\":\"it-IT\"},{\"@type\":\"Organization\",\"@id\":\"https:\/\/www.concreteonlus.org\/#organization\",\"name\":\"Concrete Onlus\",\"url\":\"https:\/\/www.concreteonlus.org\/\",\"logo\":{\"@type\":\"ImageObject\",\"inLanguage\":\"it-IT\",\"@id\":\"https:\/\/www.concreteonlus.org\/#\/schema\/logo\/image\/\",\"url\":\"https:\/\/www.concreteonlus.org\/wp-content\/uploads\/2024\/05\/Food-KING-logo-1.png\",\"contentUrl\":\"https:\/\/www.concreteonlus.org\/wp-content\/uploads\/2024\/05\/Food-KING-logo-1.png\",\"width\":\"1080\",\"height\":\"1080\",\"caption\":\"Concrete Onlus\"},\"image\":{\"@id\":\"https:\/\/www.concreteonlus.org\/#\/schema\/logo\/image\/\"},\"sameAs\":[\"https:\/\/www.facebook.com\/concreteonlus.org\/\",\"https:\/\/www.instagram.com\/concrete_onlus\/\",\"https:\/\/www.linkedin.com\/company\/concrete-onlus-societ-cooperativa-sociale\/\"]}]}<\/script>\n<!-- \/ Yoast SEO plugin. -->","yoast_head_json":{"title":"CARNEVALE DI VIAREGGIO - CONCRETE ONLUS","description":"CONCRETE ONLUS - CARNEVALE DI VIAREGGIO Il Carnevale di Viareggio \u00e8 considerato uno dei pi\u00f9 importanti carnevali d'Italia, d'Europa e del mondo.","robots":{"index":"index","follow":"follow","max-snippet":"max-snippet:-1","max-image-preview":"max-image-preview:large","max-video-preview":"max-video-preview:-1"},"canonical":"https:\/\/www.concreteonlus.org\/?page_id=106307","og_locale":"it_IT","og_type":"article","og_title":"CARNEVALE DI VIAREGGIO - CONCRETE ONLUS","og_description":"CONCRETE ONLUS - CARNEVALE DI VIAREGGIO Il Carnevale di Viareggio \u00e8 considerato uno dei pi\u00f9 importanti carnevali d'Italia, d'Europa e del mondo.","og_url":"https:\/\/www.concreteonlus.org\/?page_id=106307","og_site_name":"CONCRETE ONLUS","article_publisher":"https:\/\/www.facebook.com\/concreteonlus.org\/","article_modified_time":"2025-01-28T13:36:49+00:00","og_image":[{"width":500,"height":500,"url":"https:\/\/www.concreteonlus.org\/wp-content\/uploads\/2021\/09\/19.png","type":"image\/png"}],"twitter_card":"summary_large_image","twitter_misc":{"Tempo di lettura stimato":"3 minuti"},"schema":{"@context":"https:\/\/schema.org","@graph":[{"@type":"WebPage","@id":"https:\/\/www.concreteonlus.org\/?page_id=106307","url":"https:\/\/www.concreteonlus.org\/?page_id=106307","name":"CARNEVALE DI VIAREGGIO - CONCRETE ONLUS","isPartOf":{"@id":"https:\/\/www.concreteonlus.org\/#website"},"primaryImageOfPage":{"@id":"https:\/\/www.concreteonlus.org\/?page_id=106307#primaryimage"},"image":{"@id":"https:\/\/www.concreteonlus.org\/?page_id=106307#primaryimage"},"thumbnailUrl":"https:\/\/www.concreteonlus.org\/wp-content\/uploads\/2021\/09\/19.png","datePublished":"2023-02-27T13:23:04+00:00","dateModified":"2025-01-28T13:36:49+00:00","description":"CONCRETE ONLUS - CARNEVALE DI VIAREGGIO Il Carnevale di Viareggio \u00e8 considerato uno dei pi\u00f9 importanti carnevali d'Italia, d'Europa e del mondo.","breadcrumb":{"@id":"https:\/\/www.concreteonlus.org\/?page_id=106307#breadcrumb"},"inLanguage":"it-IT","potentialAction":[{"@type":"ReadAction","target":["https:\/\/www.concreteonlus.org\/?page_id=106307"]}]},{"@type":"ImageObject","inLanguage":"it-IT","@id":"https:\/\/www.concreteonlus.org\/?page_id=106307#primaryimage","url":"https:\/\/www.concreteonlus.org\/wp-content\/uploads\/2021\/09\/19.png","contentUrl":"https:\/\/www.concreteonlus.org\/wp-content\/uploads\/2021\/09\/19.png","width":500,"height":500},{"@type":"BreadcrumbList","@id":"https:\/\/www.concreteonlus.org\/?page_id=106307#breadcrumb","itemListElement":[{"@type":"ListItem","position":1,"name":"Home","item":"https:\/\/www.concreteonlus.org\/"},{"@type":"ListItem","position":2,"name":"CARNEVALE DI VIAREGGIO"}]},{"@type":"WebSite","@id":"https:\/\/www.concreteonlus.org\/#website","url":"https:\/\/www.concreteonlus.org\/","name":"CONCRETE ONLUS","description":"VIAGGI ASSISTITI ED ACCESSIBILI SU MISURA PER TE!","publisher":{"@id":"https:\/\/www.concreteonlus.org\/#organization"},"potentialAction":[{"@type":"SearchAction","target":{"@type":"EntryPoint","urlTemplate":"https:\/\/www.concreteonlus.org\/?s={search_term_string}"},"query-input":{"@type":"PropertyValueSpecification","valueRequired":true,"valueName":"search_term_string"}}],"inLanguage":"it-IT"},{"@type":"Organization","@id":"https:\/\/www.concreteonlus.org\/#organization","name":"Concrete Onlus","url":"https:\/\/www.concreteonlus.org\/","logo":{"@type":"ImageObject","inLanguage":"it-IT","@id":"https:\/\/www.concreteonlus.org\/#\/schema\/logo\/image\/","url":"https:\/\/www.concreteonlus.org\/wp-content\/uploads\/2024\/05\/Food-KING-logo-1.png","contentUrl":"https:\/\/www.concreteonlus.org\/wp-content\/uploads\/2024\/05\/Food-KING-logo-1.png","width":"1080","height":"1080","caption":"Concrete Onlus"},"image":{"@id":"https:\/\/www.concreteonlus.org\/#\/schema\/logo\/image\/"},"sameAs":["https:\/\/www.facebook.com\/concreteonlus.org\/","https:\/\/www.instagram.com\/concrete_onlus\/","https:\/\/www.linkedin.com\/company\/concrete-onlus-societ-cooperativa-sociale\/"]}]}},"_links":{"self":[{"href":"https:\/\/www.concreteonlus.org\/index.php?rest_route=\/wp\/v2\/pages\/106307","targetHints":{"allow":["GET"]}}],"collection":[{"href":"https:\/\/www.concreteonlus.org\/index.php?rest_route=\/wp\/v2\/pages"}],"about":[{"href":"https:\/\/www.concreteonlus.org\/index.php?rest_route=\/wp\/v2\/types\/page"}],"author":[{"embeddable":true,"href":"https:\/\/www.concreteonlus.org\/index.php?rest_route=\/wp\/v2\/users\/156"}],"replies":[{"embeddable":true,"href":"https:\/\/www.concreteonlus.org\/index.php?rest_route=%2Fwp%2Fv2%2Fcomments&post=106307"}],"version-history":[{"count":5,"href":"https:\/\/www.concreteonlus.org\/index.php?rest_route=\/wp\/v2\/pages\/106307\/revisions"}],"predecessor-version":[{"id":107322,"href":"https:\/\/www.concreteonlus.org\/index.php?rest_route=\/wp\/v2\/pages\/106307\/revisions\/107322"}],"wp:featuredmedia":[{"embeddable":true,"href":"https:\/\/www.concreteonlus.org\/index.php?rest_route=\/wp\/v2\/media\/105381"}],"wp:attachment":[{"href":"https:\/\/www.concreteonlus.org\/index.php?rest_route=%2Fwp%2Fv2%2Fmedia&parent=106307"}],"curies":[{"name":"wp","href":"https:\/\/api.w.org\/{rel}","templated":true}]}}