{"id":106554,"date":"2023-08-08T11:52:21","date_gmt":"2023-08-08T09:52:21","guid":{"rendered":"https:\/\/www.concreteonlus.org\/?page_id=106554"},"modified":"2025-01-28T14:32:10","modified_gmt":"2025-01-28T13:32:10","slug":"il-parco-nazionale-dabruzzo","status":"publish","type":"page","link":"https:\/\/www.concreteonlus.org\/?page_id=106554","title":{"rendered":"IL PARCO NAZIONALE D\u2019ABRUZZO"},"content":{"rendered":"\n<style type=\"text\/css\" data-created_by=\"avia_inline_auto\" id=\"style-css-av-14sy9z-4c4b4e552a10b89aa54d0880af755226\">\n.avia-section.av-14sy9z-4c4b4e552a10b89aa54d0880af755226{\nbackground-repeat:no-repeat;\nbackground-image:url(https:\/\/www.concreteonlus.org\/wp-content\/uploads\/2023\/08\/poppies-76129_1920.jpg);\nbackground-position:50% 50%;\nbackground-attachment:scroll;\n}\n.avia-section.av-14sy9z-4c4b4e552a10b89aa54d0880af755226 .av-section-color-overlay{\nopacity:0.6;\nbackground-color:#5863dd;\n}\n<\/style>\n<div id='av_section_1'  class='avia-section av-14sy9z-4c4b4e552a10b89aa54d0880af755226 main_color avia-section-huge avia-no-border-styling  avia-builder-el-0  el_before_av_one_half  avia-builder-el-first  avia-bg-style-scroll av-section-color-overlay-active av-minimum-height av-minimum-height-75 av-height-75  container_wrap sidebar_right'  data-section-bg-repeat='no-repeat' data-av_minimum_height_pc='75' data-av_min_height_opt='75'><div class=\"av-section-color-overlay-wrap\"><div class=\"av-section-color-overlay\"><\/div><a href='#next-section' title='' class='scroll-down-link  avia-svg-icon avia-font-svg_entypo-fontello' data-av_svg_icon='down-open-mini' data-av_iconset='svg_entypo-fontello'><svg version=\"1.1\" xmlns=\"http:\/\/www.w3.org\/2000\/svg\" width=\"15\" height=\"32\" viewBox=\"0 0 15 32\" preserveAspectRatio=\"xMidYMid meet\" aria-labelledby='av-svg-title-1' aria-describedby='av-svg-desc-1' role=\"graphics-symbol\" aria-hidden=\"true\">\n<title id='av-svg-title-1'>Scorrere alla sezione successiva<\/title>\n<desc id='av-svg-desc-1'>Scorrere alla sezione successiva<\/desc>\n<path d=\"M12.96 12.16q0.704-0.832 1.536 0 0.832 0.704 0 1.536l-6.272 6.144q-0.704 0.704-1.536 0l-6.272-6.144q-0.832-0.832 0-1.536 0.768-0.768 1.6 0l5.44 4.992z\"><\/path>\n<\/svg><\/a><div class='container av-section-cont-open' ><main  role=\"main\" itemprop=\"mainContentOfPage\"  class='template-page content  av-content-small alpha units'><div class='post-entry post-entry-type-page post-entry-106554'><div class='entry-content-wrapper clearfix'>\n<div  class='flex_column av-12sarg-b1ae11d9a6625ade0efd763c629e2b5a av_one_fifth  avia-builder-el-1  el_before_av_three_fifth  avia-builder-el-first  first flex_column_div  '     ><\/div><div  class='flex_column av-12mw5w-9bd7b34e07608f5e30f5ef6c493ad3d9 av_three_fifth  avia-builder-el-2  el_after_av_one_fifth  el_before_av_one_fifth  flex_column_div  '     ><p>\n<style type=\"text\/css\" data-created_by=\"avia_inline_auto\" id=\"style-css-av-kk3wg7jk-db927f11e9e069b99d1e13f0d2f1b4ea\">\n#top .av-special-heading.av-kk3wg7jk-db927f11e9e069b99d1e13f0d2f1b4ea{\npadding-bottom:10px;\ncolor:#ffffff;\nfont-size:40px;\n}\nbody .av-special-heading.av-kk3wg7jk-db927f11e9e069b99d1e13f0d2f1b4ea .av-special-heading-tag .heading-char{\nfont-size:25px;\n}\n#top #wrap_all .av-special-heading.av-kk3wg7jk-db927f11e9e069b99d1e13f0d2f1b4ea .av-special-heading-tag{\nfont-size:40px;\n}\n.av-special-heading.av-kk3wg7jk-db927f11e9e069b99d1e13f0d2f1b4ea .special-heading-inner-border{\nborder-color:#ffffff;\n}\n.av-special-heading.av-kk3wg7jk-db927f11e9e069b99d1e13f0d2f1b4ea .av-subheading{\nfont-size:15px;\n}\n\n@media only screen and (min-width: 480px) and (max-width: 767px){ \n#top #wrap_all .av-special-heading.av-kk3wg7jk-db927f11e9e069b99d1e13f0d2f1b4ea .av-special-heading-tag{\nfont-size:0.8em;\n}\n}\n\n@media only screen and (max-width: 479px){ \n#top #wrap_all .av-special-heading.av-kk3wg7jk-db927f11e9e069b99d1e13f0d2f1b4ea .av-special-heading-tag{\nfont-size:0.8em;\n}\n}\n<\/style>\n<div  class='av-special-heading av-kk3wg7jk-db927f11e9e069b99d1e13f0d2f1b4ea av-special-heading-h1 custom-color-heading blockquote modern-quote modern-centered  avia-builder-el-3  el_before_av_hr  avia-builder-el-first  av-inherit-size'><h1 class='av-special-heading-tag '  itemprop=\"headline\"  > IL PARCO NAZIONALE D\u2019ABRUZZO <\/h1><div class=\"special-heading-border\"><div class=\"special-heading-inner-border\"><\/div><\/div><\/div><br \/>\n\n<style type=\"text\/css\" data-created_by=\"avia_inline_auto\" id=\"style-css-av-11dhts-5e0d42edaaba266802168c8b86866024\">\n#top .hr.av-11dhts-5e0d42edaaba266802168c8b86866024{\nmargin-top:40px;\nmargin-bottom:40px;\n}\n.hr.av-11dhts-5e0d42edaaba266802168c8b86866024 .hr-inner{\nwidth:50px;\nborder-color:#ffffff;\n}\n<\/style>\n<div  class='hr av-11dhts-5e0d42edaaba266802168c8b86866024 hr-custom  avia-builder-el-4  el_after_av_heading  avia-builder-el-last  hr-center hr-icon-no'><span class='hr-inner inner-border-av-border-fat'><span class=\"hr-inner-style\"><\/span><\/span><\/div><\/p><\/div><div  class='flex_column av-10pzu8-eb6b93490da325d7cfdbe99a5177caa9 av_one_fifth  avia-builder-el-5  el_after_av_three_fifth  avia-builder-el-last  flex_column_div  '     ><\/div>\n<\/div><\/div><\/main><!-- close content main element --><\/div><\/div><\/div><div id='after_section_1'  class='main_color av_default_container_wrap container_wrap sidebar_right'  ><div class='container av-section-cont-open' ><div class='template-page content  av-content-small alpha units'><div class='post-entry post-entry-type-page post-entry-106554'><div class='entry-content-wrapper clearfix'>\n\n<style type=\"text\/css\" data-created_by=\"avia_inline_auto\" id=\"style-css-av-12b1xm2e-7a410d119da55e9a4d57dd5899eaaa5e\">\n.flex_column.av-12b1xm2e-7a410d119da55e9a4d57dd5899eaaa5e{\nborder-radius:0px 0px 0px 0px;\npadding:0px 0px 0px 0px;\n}\n<\/style>\n<div  class='flex_column av-12b1xm2e-7a410d119da55e9a4d57dd5899eaaa5e av_one_half  avia-builder-el-6  el_after_av_section  el_before_av_one_half  avia-builder-el-first  first flex_column_div av-zero-column-padding  '     ><section  class='av_textblock_section av-kk3t3owc-d0a7d67f0487b04f0bd19b83bd60b4b4 '   itemscope=\"itemscope\" itemtype=\"https:\/\/schema.org\/CreativeWork\" ><div class='avia_textblock'  itemprop=\"text\" ><h1 class=\"p2 wp-block-heading\"><b>IL PARCO NAZIONALE D\u2019ABRUZZO <\/b><\/h1>\n<h2 class=\"p2\"><b>22 &#8211; 29 Settembre 2025<\/b><\/h2>\n<ul>\n<li class=\"p2\"><b>01 \u2013 22 settembre: <\/b>Partenza da Milano o da altra citt\u00e0 italiana a secondo della composizione del gruppo (verr\u00e0 studiata una soluzione logistica per chiunque venga da altra localit\u00e0) in mattinata con destinazione Pescasseroli, nel cuore del Parco Nazionale di Abruzzo, che sar\u00e0 la nostra base durante tutti questi giorni di vacanza. Durante il tragitto ci fermeremo in una localit\u00e0 a scelta che visiteremo e dove avremo il pasto.<\/li>\n<li class=\"p2\">Sistemazione alberghiera: Hotel il Picchio<\/li>\n<li class=\"p2\"><b>02 23 settembre: <\/b>Siamo nel cuore del Parco e potremo goderci alcuni sentieri adatti ad essere percorsi con le carrozzine.<\/li>\n<li class=\"p2\"><b>03 \u2013 24 settembre: <\/b>Oppure raggiungere altre localit\u00e0 amene sempre nel Parco Nazionale d\u2019Abruzzo, come Barrea, Prato la Perigna, San Benedetto dei Marsi.<\/li>\n<li class=\"p2\"><b>04 \u2013 25 settembre: <\/b>Potremo anche cercare di raggiungere la cima del Gran Sasso e i luoghi storici di Campo Imperatore \u2026 ovviamente in funivia.<\/li>\n<li class=\"p2\"><b>05 \u2013 26 settembre: <\/b>Oppure uno degli altri parchi vicini come quello della Maiella o del Velino.<\/li>\n<li class=\"p2\"><b>06 \u2013 27 settembre: <\/b>Anche le citt\u00e0 d\u2019arte non sono lontane e possono essere raggiunte agevolmente: L\u2019Aquila, Roccaraso, Isernia.<\/li>\n<li class=\"p2\"><b>07 \u2013 28 settembre: <\/b>e ancora montagna gustando le sue specialit\u00e0 pi\u00f9 tipiche: il tartufo, i funghi, il pecorino e gli arrosti di agnello, pecora e montone.<\/li>\n<li class=\"p2\"><b>08 \u2013 29 settembre: <\/b>purtroppo \u00e8 ora d tornare a casa. Lungo la via del ritorno ci fermeremo in una localit\u00e0 amena che visiteremo e pranzeremo. Arrivo previsto in serata.<\/li>\n<\/ul>\n<\/div><\/section><\/div>\n<style type=\"text\/css\" data-created_by=\"avia_inline_auto\" id=\"style-css-av-10i1in1y-b6341871395262c6a14f3dace5b0dacb\">\n.flex_column.av-10i1in1y-b6341871395262c6a14f3dace5b0dacb{\nborder-radius:0px 0px 0px 0px;\npadding:0px 0px 0px 0px;\n}\n<\/style>\n<div  class='flex_column av-10i1in1y-b6341871395262c6a14f3dace5b0dacb av_one_half  avia-builder-el-8  el_after_av_one_half  el_before_av_tab_container  flex_column_div av-zero-column-padding  '     ><section  class='av_textblock_section av-kk3t4q5o-364e9dd7bb49fd582b86735470eeef67 '   itemscope=\"itemscope\" itemtype=\"https:\/\/schema.org\/CreativeWork\" ><div class='avia_textblock'  itemprop=\"text\" ><h2><span style=\"color: #000000;\">Quote di partecipazione<\/span><\/h2>\n<\/div><\/section><br \/>\n<div  class='av-catalogue-container av-kk3tcyev-48bc08e2c58adbb612713a5b50b291e3  avia-builder-el-10  el_after_av_textblock  avia-builder-el-last '><ul class='av-catalogue-list'>\n<li><div class='av-catalogue-item av-o8ah7jq-d35272e193962161c0bd2a633ae382f3' ><div class=\"av-catalogue-item-inner\"><div class=\"av-catalogue-title-container\"><div class='av-catalogue-title'>2 Coppie<\/div><div class='av-catalogue-price'>\u20ac 3500,00<\/div><\/div><div class=\"av-catalogue-content\"><\/div><\/div><\/div><\/li>\n<li><div class='av-catalogue-item av-kucs8c6-9e2c260d396a32145a39b923b99a9816' ><div class=\"av-catalogue-item-inner\"><div class=\"av-catalogue-title-container\"><div class='av-catalogue-title'>3 Coppie<\/div><div class='av-catalogue-price'>\u20ac 3350,00<\/div><\/div><div class=\"av-catalogue-content\"><\/div><\/div><\/div><\/li>\n<li><div class='av-catalogue-item av-he7wlo6-c4cc8bad9d591635e7ccb03a7d6863c0' ><div class=\"av-catalogue-item-inner\"><div class=\"av-catalogue-title-container\"><div class='av-catalogue-title'>4 Coppie<\/div><div class='av-catalogue-price'>\u20ac 3250,00<\/div><\/div><div class=\"av-catalogue-content\"><\/div><\/div><\/div><\/li>\n<\/ul><\/div><\/p><\/div><\/p>\n<div  class='tabcontainer av-kk3t7fv3-2a33f9bdf4289860872d4abe490a5854 top_tab  avia-builder-el-11  el_after_av_one_half  el_before_av_button_big  avia-builder-el-last '>\n<section class='av_tab_section av_tab_section av-aq5gcdy-ab6359d7bbae76831bde7606d6134e1d'  itemscope=\"itemscope\" itemtype=\"https:\/\/schema.org\/CreativeWork\" ><div id='tab-id-1-tab' class='tab active_tab' role='tab' aria-selected=\"true\" tabindex=\"0\" data-fake-id='#tab-id-1' aria-controls='tab-id-1-content'  itemprop=\"headline\" ><span class='tab_icon avia-iconfont avia-font-entypo-fontello' data-av_icon='\ue81e' data-av_iconfont='entypo-fontello' ><\/span>FAQ<\/div><div id='tab-id-1-content' class='tab_content active_tab_content' role='tabpanel' aria-labelledby='tab-id-1-tab' aria-hidden=\"false\"><div class='tab_inner_content invers-color'  itemprop=\"text\" ><p>I nostri sono sempre viaggi &#8220;personalizzati&#8221; cio\u00e8 partono dall&#8217;esigenza di un individuo o di un gruppo di persone di recarsi in un posto, ci chiedono un&#8217;idea, un preventivo e delle soluzioni; noi le prepariamo, pubblicizziamo l&#8217;idea, aggreghiamo il gruppo e alla fine entriamo nei dettagli e rendiamo operativo il viaggio. I viaggi sono fatti per persone con disabilit\u00e0 e sono sempre pensati &#8220;a coppie&#8221;, cio\u00e8 un disabile ed un accompagnatore. Se la persona disabile non ha l&#8217;accompagnatore noi lo troviamo &#8211; normalmente &#8211; a titolo gratuito. La persona disabile ha a suo carico la quota che \u00e8 sempre calcolata per coppia. Questo non vuol dire che non si possano aggiungere persone senza disabilit\u00e0, singole o a coppie.<\/p>\n<p class=\"p2\">*nel caso tutte le coppie fossero gi\u00e0 formate e dovessimo fornire un capogruppo-accompagnatore, bisogner\u00e0 aggiungere il 50% di una quota, a secondo il numero di coppie.<\/p>\n<\/div><\/div><\/section>\n<\/div>\n<div  class='avia-button-wrap avia-button-center  avia-builder-el-12  el_after_av_tab_container  avia-builder-el-last '>\n<style type=\"text\/css\" data-created_by=\"avia_inline_auto\" id=\"style-css-av-kk3w8ogu-b3f2a2418aa1075fc500933e89ad8857\">\n#top #wrap_all .avia-button.av-kk3w8ogu-b3f2a2418aa1075fc500933e89ad8857:hover{\ncolor:#ffffff;\ntransition:all 0.4s ease-in-out;\n}\n#top #wrap_all .avia-button.av-kk3w8ogu-b3f2a2418aa1075fc500933e89ad8857:hover .avia-svg-icon svg:first-child{\nfill:#ffffff;\nstroke:#ffffff;\n}\n<\/style>\n<a href='https:\/\/www.concreteonlus.org\/?page_id=103823' class='av-icon-on-hover avia-color-theme-color avia-font-color-theme-color avia-button avia-button-fullwidth av-kk3w8ogu-b3f2a2418aa1075fc500933e89ad8857 avia-icon_select-yes-left-icon avia-color-theme-color'  target=\"_blank\"  rel=\"noopener noreferrer\"  aria-label=\"Contattaci per maggiori informazioni\"><span class='avia_button_icon avia_button_icon_left avia-iconfont avia-font-entypo-fontello' data-av_icon='\ue81e' data-av_iconfont='entypo-fontello' ><\/span><span class='avia_iconbox_title' >Contattaci per maggiori informazioni<\/span><span class='avia_button_background avia-button avia-button-fullwidth avia-color-theme-color-highlight'><\/span><\/a><\/div>\n","protected":false},"excerpt":{"rendered":"","protected":false},"author":156,"featured_media":106567,"parent":0,"menu_order":0,"comment_status":"closed","ping_status":"closed","template":"","meta":{"footnotes":""},"class_list":["post-106554","page","type-page","status-publish","has-post-thumbnail","hentry"],"yoast_head":"<!-- This site is optimized with the Yoast SEO plugin v25.8 - https:\/\/yoast.com\/wordpress\/plugins\/seo\/ -->\n<title>IL PARCO NAZIONALE D\u2019ABRUZZO - CONCRETE ONLUS<\/title>\n<meta name=\"description\" content=\"CONCRETE ONLUS - IL PARCO NAZIONALE D\u2019ABRUZZO IL PARCO NAZIONALE D\u2019ABRUZZO22 - 29 Settembre 2023\" \/>\n<meta name=\"robots\" content=\"index, follow, max-snippet:-1, max-image-preview:large, max-video-preview:-1\" \/>\n<link rel=\"canonical\" href=\"https:\/\/www.concreteonlus.org\/?page_id=106554\" \/>\n<meta property=\"og:locale\" content=\"it_IT\" \/>\n<meta property=\"og:type\" content=\"article\" \/>\n<meta property=\"og:title\" content=\"IL PARCO NAZIONALE D\u2019ABRUZZO - CONCRETE ONLUS\" \/>\n<meta property=\"og:description\" content=\"CONCRETE ONLUS - IL PARCO NAZIONALE D\u2019ABRUZZO IL PARCO NAZIONALE D\u2019ABRUZZO22 - 29 Settembre 2023\" \/>\n<meta property=\"og:url\" content=\"https:\/\/www.concreteonlus.org\/?page_id=106554\" \/>\n<meta property=\"og:site_name\" content=\"CONCRETE ONLUS\" \/>\n<meta property=\"article:publisher\" content=\"https:\/\/www.facebook.com\/concreteonlus.org\/\" \/>\n<meta property=\"article:modified_time\" content=\"2025-01-28T13:32:10+00:00\" \/>\n<meta property=\"og:image\" content=\"https:\/\/www.concreteonlus.org\/wp-content\/uploads\/2023\/08\/CAPITALI-DEL-SUD-ITALIA-1.png\" \/>\n\t<meta property=\"og:image:width\" content=\"500\" \/>\n\t<meta property=\"og:image:height\" content=\"500\" \/>\n\t<meta property=\"og:image:type\" content=\"image\/png\" \/>\n<meta name=\"twitter:card\" content=\"summary_large_image\" \/>\n<meta name=\"twitter:label1\" content=\"Tempo di lettura stimato\" \/>\n\t<meta name=\"twitter:data1\" content=\"3 minuti\" \/>\n<script type=\"application\/ld+json\" class=\"yoast-schema-graph\">{\"@context\":\"https:\/\/schema.org\",\"@graph\":[{\"@type\":\"WebPage\",\"@id\":\"https:\/\/www.concreteonlus.org\/?page_id=106554\",\"url\":\"https:\/\/www.concreteonlus.org\/?page_id=106554\",\"name\":\"IL PARCO NAZIONALE D\u2019ABRUZZO - CONCRETE ONLUS\",\"isPartOf\":{\"@id\":\"https:\/\/www.concreteonlus.org\/#website\"},\"primaryImageOfPage\":{\"@id\":\"https:\/\/www.concreteonlus.org\/?page_id=106554#primaryimage\"},\"image\":{\"@id\":\"https:\/\/www.concreteonlus.org\/?page_id=106554#primaryimage\"},\"thumbnailUrl\":\"https:\/\/www.concreteonlus.org\/wp-content\/uploads\/2023\/08\/CAPITALI-DEL-SUD-ITALIA-1.png\",\"datePublished\":\"2023-08-08T09:52:21+00:00\",\"dateModified\":\"2025-01-28T13:32:10+00:00\",\"description\":\"CONCRETE ONLUS - IL PARCO NAZIONALE D\u2019ABRUZZO IL PARCO NAZIONALE D\u2019ABRUZZO22 - 29 Settembre 2023\",\"breadcrumb\":{\"@id\":\"https:\/\/www.concreteonlus.org\/?page_id=106554#breadcrumb\"},\"inLanguage\":\"it-IT\",\"potentialAction\":[{\"@type\":\"ReadAction\",\"target\":[\"https:\/\/www.concreteonlus.org\/?page_id=106554\"]}]},{\"@type\":\"ImageObject\",\"inLanguage\":\"it-IT\",\"@id\":\"https:\/\/www.concreteonlus.org\/?page_id=106554#primaryimage\",\"url\":\"https:\/\/www.concreteonlus.org\/wp-content\/uploads\/2023\/08\/CAPITALI-DEL-SUD-ITALIA-1.png\",\"contentUrl\":\"https:\/\/www.concreteonlus.org\/wp-content\/uploads\/2023\/08\/CAPITALI-DEL-SUD-ITALIA-1.png\",\"width\":\"500\",\"height\":\"500\"},{\"@type\":\"BreadcrumbList\",\"@id\":\"https:\/\/www.concreteonlus.org\/?page_id=106554#breadcrumb\",\"itemListElement\":[{\"@type\":\"ListItem\",\"position\":1,\"name\":\"Home\",\"item\":\"https:\/\/www.concreteonlus.org\/\"},{\"@type\":\"ListItem\",\"position\":2,\"name\":\"IL PARCO NAZIONALE D\u2019ABRUZZO\"}]},{\"@type\":\"WebSite\",\"@id\":\"https:\/\/www.concreteonlus.org\/#website\",\"url\":\"https:\/\/www.concreteonlus.org\/\",\"name\":\"CONCRETE ONLUS\",\"description\":\"VIAGGI ASSISTITI ED ACCESSIBILI SU MISURA PER TE!\",\"publisher\":{\"@id\":\"https:\/\/www.concreteonlus.org\/#organization\"},\"potentialAction\":[{\"@type\":\"SearchAction\",\"target\":{\"@type\":\"EntryPoint\",\"urlTemplate\":\"https:\/\/www.concreteonlus.org\/?s={search_term_string}\"},\"query-input\":{\"@type\":\"PropertyValueSpecification\",\"valueRequired\":true,\"valueName\":\"search_term_string\"}}],\"inLanguage\":\"it-IT\"},{\"@type\":\"Organization\",\"@id\":\"https:\/\/www.concreteonlus.org\/#organization\",\"name\":\"Concrete Onlus\",\"url\":\"https:\/\/www.concreteonlus.org\/\",\"logo\":{\"@type\":\"ImageObject\",\"inLanguage\":\"it-IT\",\"@id\":\"https:\/\/www.concreteonlus.org\/#\/schema\/logo\/image\/\",\"url\":\"https:\/\/www.concreteonlus.org\/wp-content\/uploads\/2024\/05\/Food-KING-logo-1.png\",\"contentUrl\":\"https:\/\/www.concreteonlus.org\/wp-content\/uploads\/2024\/05\/Food-KING-logo-1.png\",\"width\":\"1080\",\"height\":\"1080\",\"caption\":\"Concrete Onlus\"},\"image\":{\"@id\":\"https:\/\/www.concreteonlus.org\/#\/schema\/logo\/image\/\"},\"sameAs\":[\"https:\/\/www.facebook.com\/concreteonlus.org\/\",\"https:\/\/www.instagram.com\/concrete_onlus\/\",\"https:\/\/www.linkedin.com\/company\/concrete-onlus-societ-cooperativa-sociale\/\"]}]}<\/script>\n<!-- \/ Yoast SEO plugin. -->","yoast_head_json":{"title":"IL PARCO NAZIONALE D\u2019ABRUZZO - CONCRETE ONLUS","description":"CONCRETE ONLUS - IL PARCO NAZIONALE D\u2019ABRUZZO IL PARCO NAZIONALE D\u2019ABRUZZO22 - 29 Settembre 2023","robots":{"index":"index","follow":"follow","max-snippet":"max-snippet:-1","max-image-preview":"max-image-preview:large","max-video-preview":"max-video-preview:-1"},"canonical":"https:\/\/www.concreteonlus.org\/?page_id=106554","og_locale":"it_IT","og_type":"article","og_title":"IL PARCO NAZIONALE D\u2019ABRUZZO - CONCRETE ONLUS","og_description":"CONCRETE ONLUS - IL PARCO NAZIONALE D\u2019ABRUZZO IL PARCO NAZIONALE D\u2019ABRUZZO22 - 29 Settembre 2023","og_url":"https:\/\/www.concreteonlus.org\/?page_id=106554","og_site_name":"CONCRETE ONLUS","article_publisher":"https:\/\/www.facebook.com\/concreteonlus.org\/","article_modified_time":"2025-01-28T13:32:10+00:00","og_image":[{"width":500,"height":500,"url":"https:\/\/www.concreteonlus.org\/wp-content\/uploads\/2023\/08\/CAPITALI-DEL-SUD-ITALIA-1.png","type":"image\/png"}],"twitter_card":"summary_large_image","twitter_misc":{"Tempo di lettura stimato":"3 minuti"},"schema":{"@context":"https:\/\/schema.org","@graph":[{"@type":"WebPage","@id":"https:\/\/www.concreteonlus.org\/?page_id=106554","url":"https:\/\/www.concreteonlus.org\/?page_id=106554","name":"IL PARCO NAZIONALE D\u2019ABRUZZO - CONCRETE ONLUS","isPartOf":{"@id":"https:\/\/www.concreteonlus.org\/#website"},"primaryImageOfPage":{"@id":"https:\/\/www.concreteonlus.org\/?page_id=106554#primaryimage"},"image":{"@id":"https:\/\/www.concreteonlus.org\/?page_id=106554#primaryimage"},"thumbnailUrl":"https:\/\/www.concreteonlus.org\/wp-content\/uploads\/2023\/08\/CAPITALI-DEL-SUD-ITALIA-1.png","datePublished":"2023-08-08T09:52:21+00:00","dateModified":"2025-01-28T13:32:10+00:00","description":"CONCRETE ONLUS - IL PARCO NAZIONALE D\u2019ABRUZZO IL PARCO NAZIONALE D\u2019ABRUZZO22 - 29 Settembre 2023","breadcrumb":{"@id":"https:\/\/www.concreteonlus.org\/?page_id=106554#breadcrumb"},"inLanguage":"it-IT","potentialAction":[{"@type":"ReadAction","target":["https:\/\/www.concreteonlus.org\/?page_id=106554"]}]},{"@type":"ImageObject","inLanguage":"it-IT","@id":"https:\/\/www.concreteonlus.org\/?page_id=106554#primaryimage","url":"https:\/\/www.concreteonlus.org\/wp-content\/uploads\/2023\/08\/CAPITALI-DEL-SUD-ITALIA-1.png","contentUrl":"https:\/\/www.concreteonlus.org\/wp-content\/uploads\/2023\/08\/CAPITALI-DEL-SUD-ITALIA-1.png","width":"500","height":"500"},{"@type":"BreadcrumbList","@id":"https:\/\/www.concreteonlus.org\/?page_id=106554#breadcrumb","itemListElement":[{"@type":"ListItem","position":1,"name":"Home","item":"https:\/\/www.concreteonlus.org\/"},{"@type":"ListItem","position":2,"name":"IL PARCO NAZIONALE D\u2019ABRUZZO"}]},{"@type":"WebSite","@id":"https:\/\/www.concreteonlus.org\/#website","url":"https:\/\/www.concreteonlus.org\/","name":"CONCRETE ONLUS","description":"VIAGGI ASSISTITI ED ACCESSIBILI SU MISURA PER TE!","publisher":{"@id":"https:\/\/www.concreteonlus.org\/#organization"},"potentialAction":[{"@type":"SearchAction","target":{"@type":"EntryPoint","urlTemplate":"https:\/\/www.concreteonlus.org\/?s={search_term_string}"},"query-input":{"@type":"PropertyValueSpecification","valueRequired":true,"valueName":"search_term_string"}}],"inLanguage":"it-IT"},{"@type":"Organization","@id":"https:\/\/www.concreteonlus.org\/#organization","name":"Concrete Onlus","url":"https:\/\/www.concreteonlus.org\/","logo":{"@type":"ImageObject","inLanguage":"it-IT","@id":"https:\/\/www.concreteonlus.org\/#\/schema\/logo\/image\/","url":"https:\/\/www.concreteonlus.org\/wp-content\/uploads\/2024\/05\/Food-KING-logo-1.png","contentUrl":"https:\/\/www.concreteonlus.org\/wp-content\/uploads\/2024\/05\/Food-KING-logo-1.png","width":"1080","height":"1080","caption":"Concrete Onlus"},"image":{"@id":"https:\/\/www.concreteonlus.org\/#\/schema\/logo\/image\/"},"sameAs":["https:\/\/www.facebook.com\/concreteonlus.org\/","https:\/\/www.instagram.com\/concrete_onlus\/","https:\/\/www.linkedin.com\/company\/concrete-onlus-societ-cooperativa-sociale\/"]}]}},"_links":{"self":[{"href":"https:\/\/www.concreteonlus.org\/index.php?rest_route=\/wp\/v2\/pages\/106554","targetHints":{"allow":["GET"]}}],"collection":[{"href":"https:\/\/www.concreteonlus.org\/index.php?rest_route=\/wp\/v2\/pages"}],"about":[{"href":"https:\/\/www.concreteonlus.org\/index.php?rest_route=\/wp\/v2\/types\/page"}],"author":[{"embeddable":true,"href":"https:\/\/www.concreteonlus.org\/index.php?rest_route=\/wp\/v2\/users\/156"}],"replies":[{"embeddable":true,"href":"https:\/\/www.concreteonlus.org\/index.php?rest_route=%2Fwp%2Fv2%2Fcomments&post=106554"}],"version-history":[{"count":5,"href":"https:\/\/www.concreteonlus.org\/index.php?rest_route=\/wp\/v2\/pages\/106554\/revisions"}],"predecessor-version":[{"id":107325,"href":"https:\/\/www.concreteonlus.org\/index.php?rest_route=\/wp\/v2\/pages\/106554\/revisions\/107325"}],"wp:featuredmedia":[{"embeddable":true,"href":"https:\/\/www.concreteonlus.org\/index.php?rest_route=\/wp\/v2\/media\/106567"}],"wp:attachment":[{"href":"https:\/\/www.concreteonlus.org\/index.php?rest_route=%2Fwp%2Fv2%2Fmedia&parent=106554"}],"curies":[{"name":"wp","href":"https:\/\/api.w.org\/{rel}","templated":true}]}}