{"id":106930,"date":"2024-02-08T15:15:37","date_gmt":"2024-02-08T14:15:37","guid":{"rendered":"https:\/\/www.concreteonlus.org\/?page_id=106930"},"modified":"2025-01-28T14:32:17","modified_gmt":"2025-01-28T13:32:17","slug":"puglia-2","status":"publish","type":"page","link":"https:\/\/www.concreteonlus.org\/?page_id=106930","title":{"rendered":"PUGLIA"},"content":{"rendered":"\n<style type=\"text\/css\" data-created_by=\"avia_inline_auto\" id=\"style-css-av-14sy9z-3ffe2075cfa1500dd24d3fe066cae11b\">\n.avia-section.av-14sy9z-3ffe2075cfa1500dd24d3fe066cae11b{\nbackground-repeat:no-repeat;\nbackground-image:url(https:\/\/www.concreteonlus.org\/wp-content\/uploads\/2024\/02\/italy-103111_1920.jpg);\nbackground-position:50% 50%;\nbackground-attachment:fixed;\n}\n.avia-section.av-14sy9z-3ffe2075cfa1500dd24d3fe066cae11b .av-section-color-overlay{\nopacity:0.6;\nbackground-color:#c4ce52;\n}\n<\/style>\n<div id='av_section_1'  class='avia-section av-14sy9z-3ffe2075cfa1500dd24d3fe066cae11b main_color avia-section-huge avia-no-border-styling  avia-builder-el-0  el_before_av_one_half  avia-builder-el-first  avia-bg-style-fixed av-section-color-overlay-active av-minimum-height av-minimum-height-75 av-height-75  container_wrap sidebar_right'  data-section-bg-repeat='no-repeat' data-av_minimum_height_pc='75' data-av_min_height_opt='75'><div class=\"av-section-color-overlay-wrap\"><div class=\"av-section-color-overlay\"><\/div><a href='#next-section' title='' class='scroll-down-link  avia-svg-icon avia-font-svg_entypo-fontello' data-av_svg_icon='down-open-mini' data-av_iconset='svg_entypo-fontello'><svg version=\"1.1\" xmlns=\"http:\/\/www.w3.org\/2000\/svg\" width=\"15\" height=\"32\" viewBox=\"0 0 15 32\" preserveAspectRatio=\"xMidYMid meet\" aria-labelledby='av-svg-title-1' aria-describedby='av-svg-desc-1' role=\"graphics-symbol\" aria-hidden=\"true\">\n<title id='av-svg-title-1'>Scorrere alla sezione successiva<\/title>\n<desc id='av-svg-desc-1'>Scorrere alla sezione successiva<\/desc>\n<path d=\"M12.96 12.16q0.704-0.832 1.536 0 0.832 0.704 0 1.536l-6.272 6.144q-0.704 0.704-1.536 0l-6.272-6.144q-0.832-0.832 0-1.536 0.768-0.768 1.6 0l5.44 4.992z\"><\/path>\n<\/svg><\/a><div class='container av-section-cont-open' ><main  role=\"main\" itemprop=\"mainContentOfPage\"  class='template-page content  av-content-small alpha units'><div class='post-entry post-entry-type-page post-entry-106930'><div class='entry-content-wrapper clearfix'>\n<div  class='flex_column av-12sarg-b1ae11d9a6625ade0efd763c629e2b5a av_one_fifth  avia-builder-el-1  el_before_av_three_fifth  avia-builder-el-first  first flex_column_div  '     ><\/div><div  class='flex_column av-12mw5w-9bd7b34e07608f5e30f5ef6c493ad3d9 av_three_fifth  avia-builder-el-2  el_after_av_one_fifth  el_before_av_one_fifth  flex_column_div  '     ><p>\n<style type=\"text\/css\" data-created_by=\"avia_inline_auto\" id=\"style-css-av-kk3wg7jk-67028928111da871db56531629666336\">\n#top .av-special-heading.av-kk3wg7jk-67028928111da871db56531629666336{\npadding-bottom:10px;\ncolor:#ffffff;\nfont-size:40px;\n}\nbody .av-special-heading.av-kk3wg7jk-67028928111da871db56531629666336 .av-special-heading-tag .heading-char{\nfont-size:25px;\n}\n#top #wrap_all .av-special-heading.av-kk3wg7jk-67028928111da871db56531629666336 .av-special-heading-tag{\nfont-size:40px;\n}\n.av-special-heading.av-kk3wg7jk-67028928111da871db56531629666336 .special-heading-inner-border{\nborder-color:#ffffff;\n}\n.av-special-heading.av-kk3wg7jk-67028928111da871db56531629666336 .av-subheading{\nfont-size:15px;\n}\n\n@media only screen and (min-width: 480px) and (max-width: 767px){ \n#top #wrap_all .av-special-heading.av-kk3wg7jk-67028928111da871db56531629666336 .av-special-heading-tag{\nfont-size:0.8em;\n}\n}\n\n@media only screen and (max-width: 479px){ \n#top #wrap_all .av-special-heading.av-kk3wg7jk-67028928111da871db56531629666336 .av-special-heading-tag{\nfont-size:0.8em;\n}\n}\n<\/style>\n<div  class='av-special-heading av-kk3wg7jk-67028928111da871db56531629666336 av-special-heading-h1 custom-color-heading blockquote modern-quote modern-centered  avia-builder-el-3  el_before_av_hr  avia-builder-el-first  av-inherit-size'><h1 class='av-special-heading-tag '  itemprop=\"headline\"  >PUGLIA<\/h1><div class=\"special-heading-border\"><div class=\"special-heading-inner-border\"><\/div><\/div><\/div><br \/>\n\n<style type=\"text\/css\" data-created_by=\"avia_inline_auto\" id=\"style-css-av-11dhts-5e0d42edaaba266802168c8b86866024\">\n#top .hr.av-11dhts-5e0d42edaaba266802168c8b86866024{\nmargin-top:40px;\nmargin-bottom:40px;\n}\n.hr.av-11dhts-5e0d42edaaba266802168c8b86866024 .hr-inner{\nwidth:50px;\nborder-color:#ffffff;\n}\n<\/style>\n<div  class='hr av-11dhts-5e0d42edaaba266802168c8b86866024 hr-custom  avia-builder-el-4  el_after_av_heading  avia-builder-el-last  hr-center hr-icon-no'><span class='hr-inner inner-border-av-border-fat'><span class=\"hr-inner-style\"><\/span><\/span><\/div><\/p><\/div><div  class='flex_column av-10pzu8-eb6b93490da325d7cfdbe99a5177caa9 av_one_fifth  avia-builder-el-5  el_after_av_three_fifth  avia-builder-el-last  flex_column_div  '     ><\/div>\n<\/div><\/div><\/main><!-- close content main element --><\/div><\/div><\/div><div id='after_section_1'  class='main_color av_default_container_wrap container_wrap sidebar_right'  ><div class='container av-section-cont-open' ><div class='template-page content  av-content-small alpha units'><div class='post-entry post-entry-type-page post-entry-106930'><div class='entry-content-wrapper clearfix'>\n\n<style type=\"text\/css\" data-created_by=\"avia_inline_auto\" id=\"style-css-av-12b1xm2e-7a410d119da55e9a4d57dd5899eaaa5e\">\n.flex_column.av-12b1xm2e-7a410d119da55e9a4d57dd5899eaaa5e{\nborder-radius:0px 0px 0px 0px;\npadding:0px 0px 0px 0px;\n}\n<\/style>\n<div  class='flex_column av-12b1xm2e-7a410d119da55e9a4d57dd5899eaaa5e av_one_half  avia-builder-el-6  el_after_av_section  el_before_av_one_half  avia-builder-el-first  first flex_column_div av-zero-column-padding  '     ><section  class='av_textblock_section av-kk3t3owc-d0a7d67f0487b04f0bd19b83bd60b4b4 '   itemscope=\"itemscope\" itemtype=\"https:\/\/schema.org\/CreativeWork\" ><div class='avia_textblock'  itemprop=\"text\" ><h1 class=\"p2\"><b>PUGLIA IN SETTEMBRE <\/b><\/h1>\n<h3 class=\"p3\">06-15 SETTEMBRE 2025<\/h3>\n<h3 class=\"p5\">(10 GIORNI \u2013 9 NOTTI)<\/h3>\n<p class=\"p2\">La Puglia incanta con le sue coste bagnate dall&#8217;Adriatico e dallo Ionio, i trulli di Alberobello e gli ulivi secolari. Ricca di storia e cultura, offre citt\u00e0 barocche come Lecce e borgate bianche come Ostuni. La cucina pugliese delizia con orecchiette, pomodori e olio extravergine. Un paradiso mediterraneo da scoprire tra tradizioni millenarie e paesaggi mozzafiato.<\/p>\n<ul>\n<li class=\"p2\"><b>06-09: <\/b>Partenza da Milano o da altra citt\u00e0 del nord Italia per raggiungere la zona di Pescara in serata. Durante il tragitto possibile stop a San Marino o Conero a seconda della velocita dello spostamento. <b>1 notte nella zona di Pescara. Hotel: <\/b>Ambra Palace<\/li>\n<\/ul>\n<ul>\n<li class=\"p2\"><b>07-09: <\/b>Secondo giorno di viaggio per raggiungere la nostra meta finale, cio\u00e8 Lecce. Ad ora di pranzo ci fermeremo nella zona di Casteldelmonte dove, oltre al pranzo, non mancheremo di visitare l\u2019incredibile Castello di Federico II: <b>5 notti a Lecce. Hotel: <\/b>Art Hotel &amp; Park<\/li>\n<\/ul>\n<ul>\n<li class=\"p2\"><b>08-09<\/b>: Oggi giornata sedentaria, dopo tanta strada fatta nei giorni precedenti, ma non avremo tempo di annoiarci nella bellissima Lecce capitale del barocco e del Salento. Tra un pasticciotto e un altro ancora non mancheremo di visitare tutte le attrattive di questa citt\u00e0 che sono veramente molte. <b>2\u00b0 notte a Lecce<\/b><\/li>\n<\/ul>\n<ul>\n<li class=\"p2\"><b>09-09: <\/b>Oggi andremo in missione a Bari, una citt\u00e0 di un milione di abitanti, capitale della regione, bellissima con il suo porto e le sue passeggiate a mare, il teatro, le mura, la fortezza. Una giornata non basta per Bari ma noi cercheremo di vedere il pi\u00f9 possibile. <b>3\u00b0 notte a Lecce<\/b><\/li>\n<\/ul>\n<ul>\n<li class=\"p2\"><b>10-09: <\/b>sempre partendo dalla strategica posizione di Lecce, oggi visiteremo Castellana con le sue grotte e Alberobello con i suoi Trulli unici al mondo. Sulla via del ritorno, tempo permettendo, sceglieremo la via pi\u00f9 lunga, passando per Taranto, magari fermandoci per cena. <b>4\u00b0 notte a Lecce<\/b><\/li>\n<\/ul>\n<ul>\n<li class=\"p2\"><b>11-09: <\/b>Oggi ci dirigeremo pi\u00f9 a sud, sino alla fine della Puglia, Prima tappa sar\u00e0 Gallipoli, poi Santa Maria di Leuca e per finire Otranto che segna il punto pi\u00f9 vicino tra Italia e Balcani. <b>5\u00b0 ed ultima notte a Lecce.<\/b><\/li>\n<\/ul>\n<ul>\n<li class=\"p2\"><b>12-09<\/b>: oggi incominceremo a risalire la Puglia per arrivare a Foggia che sar\u00e0 la nostra meta finale della giornata e base un un paio di giorni. Lungo il tragitto avremo occasione di visitare diverse citt\u00e0: Adria, Trani, Barletta, Santa Margherita di Savoia. <b>2 notti a Foggia. Hotel <\/b>Masseria Agapito<\/li>\n<\/ul>\n<ul>\n<li class=\"p2\"><b>13-09 : <\/b>Oggi passeremo la giornata visitando il Gargano e la sua Foresta Umbra. Ci fermeremo a Manfredonia, Vieste, Rodi per poi arrivare fino alle sponde del lago Varano, una laguna salmastra che non molti conoscono. <b>2\u00b0 notte a Foggia.<\/b><\/li>\n<\/ul>\n<ul>\n<li class=\"p2\"><strong>14-09:<\/strong> Oggi ricominceremo a risalire l\u2019Italia e faremo alcune tappe durante il percorso litoraneo dell\u2019Adratico per arrivare al Conero, dove pernotteremo. <b>1 notte al Conero Hotel <\/b>Concorde<\/li>\n<\/ul>\n<p class=\"p2\">15-09: Ultima giornata di viaggio che ci porter\u00e0 a raggiungere Milano. Potremo fare tappa A Bologna, o a Maranello in qualche altra citt\u00e0 emiliana dove non mancano le attrattive sia monumentali che gastronomiche. L\u2019arrivo a Milano \u00e8 previsto per la sera.<\/p>\n<\/div><\/section><\/div>\n<style type=\"text\/css\" data-created_by=\"avia_inline_auto\" id=\"style-css-av-10i1in1y-b6341871395262c6a14f3dace5b0dacb\">\n.flex_column.av-10i1in1y-b6341871395262c6a14f3dace5b0dacb{\nborder-radius:0px 0px 0px 0px;\npadding:0px 0px 0px 0px;\n}\n<\/style>\n<div  class='flex_column av-10i1in1y-b6341871395262c6a14f3dace5b0dacb av_one_half  avia-builder-el-8  el_after_av_one_half  el_before_av_tab_container  flex_column_div av-zero-column-padding  '     ><section  class='av_textblock_section av-kk3t4q5o-364e9dd7bb49fd582b86735470eeef67 '   itemscope=\"itemscope\" itemtype=\"https:\/\/schema.org\/CreativeWork\" ><div class='avia_textblock'  itemprop=\"text\" ><h2><span style=\"color: #000000;\">Quote di partecipazione<\/span><\/h2>\n<\/div><\/section><br \/>\n<div  class='av-catalogue-container av-kk3tcyev-48bc08e2c58adbb612713a5b50b291e3  avia-builder-el-10  el_after_av_textblock  avia-builder-el-last '><ul class='av-catalogue-list'>\n<li><div class='av-catalogue-item av-o8ah7jq-af5d888b6a021c341b4b94b031c735ce' ><div class=\"av-catalogue-item-inner\"><div class=\"av-catalogue-title-container\"><div class='av-catalogue-title'>2 Coppie<\/div><div class='av-catalogue-price'>\u20ac 4400,00<\/div><\/div><div class=\"av-catalogue-content\"><\/div><\/div><\/div><\/li>\n<li><div class='av-catalogue-item av-kucs8c6-71330161f2156db02bca21246a9010fc' ><div class=\"av-catalogue-item-inner\"><div class=\"av-catalogue-title-container\"><div class='av-catalogue-title'>3 Coppie<\/div><div class='av-catalogue-price'>\u20ac 4200,00<\/div><\/div><div class=\"av-catalogue-content\"><\/div><\/div><\/div><\/li>\n<li><div class='av-catalogue-item av-he7wlo6-232c7e8b1ae96658c35f36dacf239c36' ><div class=\"av-catalogue-item-inner\"><div class=\"av-catalogue-title-container\"><div class='av-catalogue-title'>4 Coppie<\/div><div class='av-catalogue-price'>\u20ac 4050,00<\/div><\/div><div class=\"av-catalogue-content\"><\/div><\/div><\/div><\/li>\n<\/ul><\/div><\/p><\/div><\/p>\n<div  class='tabcontainer av-kk3t7fv3-ceab6fde7a2f4d0e1d8380f0561883b9 top_tab  avia-builder-el-11  el_after_av_one_half  el_before_av_button_big  avia-builder-el-last '>\n<section class='av_tab_section av_tab_section av-aq5gcdy-3b1afe6dabe1a43cdb15ace341b37d33'  itemscope=\"itemscope\" itemtype=\"https:\/\/schema.org\/CreativeWork\" ><div id='tab-id-1-tab' class='tab active_tab' role='tab' aria-selected=\"true\" tabindex=\"0\" data-fake-id='#tab-id-1' aria-controls='tab-id-1-content'  itemprop=\"headline\" ><span class='tab_icon avia-iconfont avia-font-entypo-fontello' data-av_icon='\ue81e' data-av_iconfont='entypo-fontello' ><\/span>FAQ<\/div><div id='tab-id-1-content' class='tab_content active_tab_content' role='tabpanel' aria-labelledby='tab-id-1-tab' aria-hidden=\"false\"><div class='tab_inner_content invers-color'  itemprop=\"text\" ><p>I nostri sono sempre viaggi &#8220;personalizzati&#8221; cio\u00e8 partono dall&#8217;esigenza di un individuo o di un gruppo di persone di recarsi in un posto, ci chiedono un&#8217;idea, un preventivo e delle soluzioni; noi le prepariamo, pubblicizziamo l&#8217;idea, aggreghiamo il gruppo e alla fine entriamo nei dettagli e rendiamo operativo il viaggio. I viaggi sono fatti per persone con disabilit\u00e0 e sono sempre pensati &#8220;a coppie&#8221;, cio\u00e8 un disabile ed un accompagnatore. Se la persona disabile non ha l&#8217;accompagnatore noi lo troviamo &#8211; normalmente &#8211; a titolo gratuito. La persona disabile ha a suo carico la quota che \u00e8 sempre calcolata per coppia. Questo non vuol dire che non si possano aggiungere persone senza disabilit\u00e0, singole o a coppie.<\/p>\n<\/div><\/div><\/section>\n<\/div>\n<div  class='avia-button-wrap avia-button-center  avia-builder-el-12  el_after_av_tab_container  avia-builder-el-last '>\n<style type=\"text\/css\" data-created_by=\"avia_inline_auto\" id=\"style-css-av-kk3w8ogu-b3f2a2418aa1075fc500933e89ad8857\">\n#top #wrap_all .avia-button.av-kk3w8ogu-b3f2a2418aa1075fc500933e89ad8857:hover{\ncolor:#ffffff;\ntransition:all 0.4s ease-in-out;\n}\n#top #wrap_all .avia-button.av-kk3w8ogu-b3f2a2418aa1075fc500933e89ad8857:hover .avia-svg-icon svg:first-child{\nfill:#ffffff;\nstroke:#ffffff;\n}\n<\/style>\n<a href='https:\/\/www.concreteonlus.org\/?page_id=103823' class='av-icon-on-hover avia-color-theme-color avia-font-color-theme-color avia-button avia-button-fullwidth av-kk3w8ogu-b3f2a2418aa1075fc500933e89ad8857 avia-icon_select-yes-left-icon avia-color-theme-color'  target=\"_blank\"  rel=\"noopener noreferrer\"  aria-label=\"Contattaci per maggiori informazioni\"><span class='avia_button_icon avia_button_icon_left avia-iconfont avia-font-entypo-fontello' data-av_icon='\ue81e' data-av_iconfont='entypo-fontello' ><\/span><span class='avia_iconbox_title' >Contattaci per maggiori informazioni<\/span><span class='avia_button_background avia-button avia-button-fullwidth avia-color-theme-color-highlight'><\/span><\/a><\/div>\n","protected":false},"excerpt":{"rendered":"","protected":false},"author":156,"featured_media":106929,"parent":0,"menu_order":0,"comment_status":"closed","ping_status":"closed","template":"","meta":{"footnotes":""},"class_list":["post-106930","page","type-page","status-publish","has-post-thumbnail","hentry"],"yoast_head":"<!-- This site is optimized with the Yoast SEO plugin v25.8 - https:\/\/yoast.com\/wordpress\/plugins\/seo\/ -->\n<title>PUGLIA - CONCRETE ONLUS<\/title>\n<meta name=\"description\" content=\"CONCRETE ONLUS - PUGLIA\" \/>\n<meta name=\"robots\" content=\"index, follow, max-snippet:-1, max-image-preview:large, max-video-preview:-1\" \/>\n<link rel=\"canonical\" href=\"https:\/\/www.concreteonlus.org\/?page_id=106930\" \/>\n<meta property=\"og:locale\" content=\"it_IT\" \/>\n<meta property=\"og:type\" content=\"article\" \/>\n<meta property=\"og:title\" content=\"PUGLIA - CONCRETE ONLUS\" \/>\n<meta property=\"og:description\" content=\"CONCRETE ONLUS - PUGLIA\" \/>\n<meta property=\"og:url\" content=\"https:\/\/www.concreteonlus.org\/?page_id=106930\" \/>\n<meta property=\"og:site_name\" content=\"CONCRETE ONLUS\" \/>\n<meta property=\"article:publisher\" content=\"https:\/\/www.facebook.com\/concreteonlus.org\/\" \/>\n<meta property=\"article:modified_time\" content=\"2025-01-28T13:32:17+00:00\" \/>\n<meta property=\"og:image\" content=\"https:\/\/www.concreteonlus.org\/wp-content\/uploads\/2024\/02\/PUGLIA.png\" \/>\n\t<meta property=\"og:image:width\" content=\"500\" \/>\n\t<meta property=\"og:image:height\" content=\"500\" \/>\n\t<meta property=\"og:image:type\" content=\"image\/png\" \/>\n<meta name=\"twitter:card\" content=\"summary_large_image\" \/>\n<meta name=\"twitter:label1\" content=\"Tempo di lettura stimato\" \/>\n\t<meta name=\"twitter:data1\" content=\"4 minuti\" \/>\n<script type=\"application\/ld+json\" class=\"yoast-schema-graph\">{\"@context\":\"https:\/\/schema.org\",\"@graph\":[{\"@type\":\"WebPage\",\"@id\":\"https:\/\/www.concreteonlus.org\/?page_id=106930\",\"url\":\"https:\/\/www.concreteonlus.org\/?page_id=106930\",\"name\":\"PUGLIA - CONCRETE ONLUS\",\"isPartOf\":{\"@id\":\"https:\/\/www.concreteonlus.org\/#website\"},\"primaryImageOfPage\":{\"@id\":\"https:\/\/www.concreteonlus.org\/?page_id=106930#primaryimage\"},\"image\":{\"@id\":\"https:\/\/www.concreteonlus.org\/?page_id=106930#primaryimage\"},\"thumbnailUrl\":\"https:\/\/www.concreteonlus.org\/wp-content\/uploads\/2024\/02\/PUGLIA.png\",\"datePublished\":\"2024-02-08T14:15:37+00:00\",\"dateModified\":\"2025-01-28T13:32:17+00:00\",\"description\":\"CONCRETE ONLUS - PUGLIA\",\"breadcrumb\":{\"@id\":\"https:\/\/www.concreteonlus.org\/?page_id=106930#breadcrumb\"},\"inLanguage\":\"it-IT\",\"potentialAction\":[{\"@type\":\"ReadAction\",\"target\":[\"https:\/\/www.concreteonlus.org\/?page_id=106930\"]}]},{\"@type\":\"ImageObject\",\"inLanguage\":\"it-IT\",\"@id\":\"https:\/\/www.concreteonlus.org\/?page_id=106930#primaryimage\",\"url\":\"https:\/\/www.concreteonlus.org\/wp-content\/uploads\/2024\/02\/PUGLIA.png\",\"contentUrl\":\"https:\/\/www.concreteonlus.org\/wp-content\/uploads\/2024\/02\/PUGLIA.png\",\"width\":\"500\",\"height\":\"500\"},{\"@type\":\"BreadcrumbList\",\"@id\":\"https:\/\/www.concreteonlus.org\/?page_id=106930#breadcrumb\",\"itemListElement\":[{\"@type\":\"ListItem\",\"position\":1,\"name\":\"Home\",\"item\":\"https:\/\/www.concreteonlus.org\/\"},{\"@type\":\"ListItem\",\"position\":2,\"name\":\"PUGLIA\"}]},{\"@type\":\"WebSite\",\"@id\":\"https:\/\/www.concreteonlus.org\/#website\",\"url\":\"https:\/\/www.concreteonlus.org\/\",\"name\":\"CONCRETE ONLUS\",\"description\":\"VIAGGI ASSISTITI ED ACCESSIBILI SU MISURA PER TE!\",\"publisher\":{\"@id\":\"https:\/\/www.concreteonlus.org\/#organization\"},\"potentialAction\":[{\"@type\":\"SearchAction\",\"target\":{\"@type\":\"EntryPoint\",\"urlTemplate\":\"https:\/\/www.concreteonlus.org\/?s={search_term_string}\"},\"query-input\":{\"@type\":\"PropertyValueSpecification\",\"valueRequired\":true,\"valueName\":\"search_term_string\"}}],\"inLanguage\":\"it-IT\"},{\"@type\":\"Organization\",\"@id\":\"https:\/\/www.concreteonlus.org\/#organization\",\"name\":\"Concrete Onlus\",\"url\":\"https:\/\/www.concreteonlus.org\/\",\"logo\":{\"@type\":\"ImageObject\",\"inLanguage\":\"it-IT\",\"@id\":\"https:\/\/www.concreteonlus.org\/#\/schema\/logo\/image\/\",\"url\":\"https:\/\/www.concreteonlus.org\/wp-content\/uploads\/2024\/05\/Food-KING-logo-1.png\",\"contentUrl\":\"https:\/\/www.concreteonlus.org\/wp-content\/uploads\/2024\/05\/Food-KING-logo-1.png\",\"width\":\"1080\",\"height\":\"1080\",\"caption\":\"Concrete Onlus\"},\"image\":{\"@id\":\"https:\/\/www.concreteonlus.org\/#\/schema\/logo\/image\/\"},\"sameAs\":[\"https:\/\/www.facebook.com\/concreteonlus.org\/\",\"https:\/\/www.instagram.com\/concrete_onlus\/\",\"https:\/\/www.linkedin.com\/company\/concrete-onlus-societ-cooperativa-sociale\/\"]}]}<\/script>\n<!-- \/ Yoast SEO plugin. -->","yoast_head_json":{"title":"PUGLIA - CONCRETE ONLUS","description":"CONCRETE ONLUS - PUGLIA","robots":{"index":"index","follow":"follow","max-snippet":"max-snippet:-1","max-image-preview":"max-image-preview:large","max-video-preview":"max-video-preview:-1"},"canonical":"https:\/\/www.concreteonlus.org\/?page_id=106930","og_locale":"it_IT","og_type":"article","og_title":"PUGLIA - CONCRETE ONLUS","og_description":"CONCRETE ONLUS - PUGLIA","og_url":"https:\/\/www.concreteonlus.org\/?page_id=106930","og_site_name":"CONCRETE ONLUS","article_publisher":"https:\/\/www.facebook.com\/concreteonlus.org\/","article_modified_time":"2025-01-28T13:32:17+00:00","og_image":[{"width":500,"height":500,"url":"https:\/\/www.concreteonlus.org\/wp-content\/uploads\/2024\/02\/PUGLIA.png","type":"image\/png"}],"twitter_card":"summary_large_image","twitter_misc":{"Tempo di lettura stimato":"4 minuti"},"schema":{"@context":"https:\/\/schema.org","@graph":[{"@type":"WebPage","@id":"https:\/\/www.concreteonlus.org\/?page_id=106930","url":"https:\/\/www.concreteonlus.org\/?page_id=106930","name":"PUGLIA - CONCRETE ONLUS","isPartOf":{"@id":"https:\/\/www.concreteonlus.org\/#website"},"primaryImageOfPage":{"@id":"https:\/\/www.concreteonlus.org\/?page_id=106930#primaryimage"},"image":{"@id":"https:\/\/www.concreteonlus.org\/?page_id=106930#primaryimage"},"thumbnailUrl":"https:\/\/www.concreteonlus.org\/wp-content\/uploads\/2024\/02\/PUGLIA.png","datePublished":"2024-02-08T14:15:37+00:00","dateModified":"2025-01-28T13:32:17+00:00","description":"CONCRETE ONLUS - PUGLIA","breadcrumb":{"@id":"https:\/\/www.concreteonlus.org\/?page_id=106930#breadcrumb"},"inLanguage":"it-IT","potentialAction":[{"@type":"ReadAction","target":["https:\/\/www.concreteonlus.org\/?page_id=106930"]}]},{"@type":"ImageObject","inLanguage":"it-IT","@id":"https:\/\/www.concreteonlus.org\/?page_id=106930#primaryimage","url":"https:\/\/www.concreteonlus.org\/wp-content\/uploads\/2024\/02\/PUGLIA.png","contentUrl":"https:\/\/www.concreteonlus.org\/wp-content\/uploads\/2024\/02\/PUGLIA.png","width":"500","height":"500"},{"@type":"BreadcrumbList","@id":"https:\/\/www.concreteonlus.org\/?page_id=106930#breadcrumb","itemListElement":[{"@type":"ListItem","position":1,"name":"Home","item":"https:\/\/www.concreteonlus.org\/"},{"@type":"ListItem","position":2,"name":"PUGLIA"}]},{"@type":"WebSite","@id":"https:\/\/www.concreteonlus.org\/#website","url":"https:\/\/www.concreteonlus.org\/","name":"CONCRETE ONLUS","description":"VIAGGI ASSISTITI ED ACCESSIBILI SU MISURA PER TE!","publisher":{"@id":"https:\/\/www.concreteonlus.org\/#organization"},"potentialAction":[{"@type":"SearchAction","target":{"@type":"EntryPoint","urlTemplate":"https:\/\/www.concreteonlus.org\/?s={search_term_string}"},"query-input":{"@type":"PropertyValueSpecification","valueRequired":true,"valueName":"search_term_string"}}],"inLanguage":"it-IT"},{"@type":"Organization","@id":"https:\/\/www.concreteonlus.org\/#organization","name":"Concrete Onlus","url":"https:\/\/www.concreteonlus.org\/","logo":{"@type":"ImageObject","inLanguage":"it-IT","@id":"https:\/\/www.concreteonlus.org\/#\/schema\/logo\/image\/","url":"https:\/\/www.concreteonlus.org\/wp-content\/uploads\/2024\/05\/Food-KING-logo-1.png","contentUrl":"https:\/\/www.concreteonlus.org\/wp-content\/uploads\/2024\/05\/Food-KING-logo-1.png","width":"1080","height":"1080","caption":"Concrete Onlus"},"image":{"@id":"https:\/\/www.concreteonlus.org\/#\/schema\/logo\/image\/"},"sameAs":["https:\/\/www.facebook.com\/concreteonlus.org\/","https:\/\/www.instagram.com\/concrete_onlus\/","https:\/\/www.linkedin.com\/company\/concrete-onlus-societ-cooperativa-sociale\/"]}]}},"_links":{"self":[{"href":"https:\/\/www.concreteonlus.org\/index.php?rest_route=\/wp\/v2\/pages\/106930","targetHints":{"allow":["GET"]}}],"collection":[{"href":"https:\/\/www.concreteonlus.org\/index.php?rest_route=\/wp\/v2\/pages"}],"about":[{"href":"https:\/\/www.concreteonlus.org\/index.php?rest_route=\/wp\/v2\/types\/page"}],"author":[{"embeddable":true,"href":"https:\/\/www.concreteonlus.org\/index.php?rest_route=\/wp\/v2\/users\/156"}],"replies":[{"embeddable":true,"href":"https:\/\/www.concreteonlus.org\/index.php?rest_route=%2Fwp%2Fv2%2Fcomments&post=106930"}],"version-history":[{"count":4,"href":"https:\/\/www.concreteonlus.org\/index.php?rest_route=\/wp\/v2\/pages\/106930\/revisions"}],"predecessor-version":[{"id":107326,"href":"https:\/\/www.concreteonlus.org\/index.php?rest_route=\/wp\/v2\/pages\/106930\/revisions\/107326"}],"wp:featuredmedia":[{"embeddable":true,"href":"https:\/\/www.concreteonlus.org\/index.php?rest_route=\/wp\/v2\/media\/106929"}],"wp:attachment":[{"href":"https:\/\/www.concreteonlus.org\/index.php?rest_route=%2Fwp%2Fv2%2Fmedia&parent=106930"}],"curies":[{"name":"wp","href":"https:\/\/api.w.org\/{rel}","templated":true}]}}