{"id":107408,"date":"2025-02-12T18:29:09","date_gmt":"2025-02-12T17:29:09","guid":{"rendered":"https:\/\/www.concreteonlus.org\/?page_id=107408"},"modified":"2025-02-24T17:18:54","modified_gmt":"2025-02-24T16:18:54","slug":"stati-uniti","status":"publish","type":"page","link":"https:\/\/www.concreteonlus.org\/?page_id=107408","title":{"rendered":"STATI UNITI: Il West americano Da San Francisco a Los Angeles"},"content":{"rendered":"\n<style type=\"text\/css\" data-created_by=\"avia_inline_auto\" id=\"style-css-av-14sy9z-50b83afa8cdd22ee756d016b3862a68d\">\n.avia-section.av-14sy9z-50b83afa8cdd22ee756d016b3862a68d{\nbackground-repeat:no-repeat;\nbackground-image:url(https:\/\/www.concreteonlus.org\/wp-content\/uploads\/2025\/02\/UN.jpg);\nbackground-position:50% 50%;\nbackground-attachment:scroll;\n}\n.avia-section.av-14sy9z-50b83afa8cdd22ee756d016b3862a68d .av-section-color-overlay{\nopacity:0.6;\nbackground-color:#5863dd;\n}\n<\/style>\n<div id='av_section_1'  class='avia-section av-14sy9z-50b83afa8cdd22ee756d016b3862a68d main_color avia-section-huge avia-no-border-styling  avia-builder-el-0  el_before_av_one_half  avia-builder-el-first  avia-bg-style-scroll av-section-color-overlay-active av-minimum-height av-minimum-height-75 av-height-75  container_wrap sidebar_right'  data-section-bg-repeat='no-repeat' data-av_minimum_height_pc='75' data-av_min_height_opt='75'><div class=\"av-section-color-overlay-wrap\"><div class=\"av-section-color-overlay\"><\/div><a href='#next-section' title='' class='scroll-down-link  avia-svg-icon avia-font-svg_entypo-fontello' data-av_svg_icon='down-open-mini' data-av_iconset='svg_entypo-fontello'><svg version=\"1.1\" xmlns=\"http:\/\/www.w3.org\/2000\/svg\" width=\"15\" height=\"32\" viewBox=\"0 0 15 32\" preserveAspectRatio=\"xMidYMid meet\" aria-labelledby='av-svg-title-1' aria-describedby='av-svg-desc-1' role=\"graphics-symbol\" aria-hidden=\"true\">\n<title id='av-svg-title-1'>Scorrere alla sezione successiva<\/title>\n<desc id='av-svg-desc-1'>Scorrere alla sezione successiva<\/desc>\n<path d=\"M12.96 12.16q0.704-0.832 1.536 0 0.832 0.704 0 1.536l-6.272 6.144q-0.704 0.704-1.536 0l-6.272-6.144q-0.832-0.832 0-1.536 0.768-0.768 1.6 0l5.44 4.992z\"><\/path>\n<\/svg><\/a><div class='container av-section-cont-open' ><main  role=\"main\" itemprop=\"mainContentOfPage\"  class='template-page content  av-content-small alpha units'><div class='post-entry post-entry-type-page post-entry-107408'><div class='entry-content-wrapper clearfix'>\n<div  class='flex_column av-12sarg-b1ae11d9a6625ade0efd763c629e2b5a av_one_fifth  avia-builder-el-1  el_before_av_three_fifth  avia-builder-el-first  first flex_column_div  '     ><\/div><div  class='flex_column av-12mw5w-9bd7b34e07608f5e30f5ef6c493ad3d9 av_three_fifth  avia-builder-el-2  el_after_av_one_fifth  el_before_av_one_fifth  flex_column_div  '     ><p>\n<style type=\"text\/css\" data-created_by=\"avia_inline_auto\" id=\"style-css-av-kk3wg7jk-545d449fa378a4eca0dd75e18520df5b\">\n#top .av-special-heading.av-kk3wg7jk-545d449fa378a4eca0dd75e18520df5b{\npadding-bottom:10px;\ncolor:#ffffff;\nfont-size:40px;\n}\nbody .av-special-heading.av-kk3wg7jk-545d449fa378a4eca0dd75e18520df5b .av-special-heading-tag .heading-char{\nfont-size:25px;\n}\n#top #wrap_all .av-special-heading.av-kk3wg7jk-545d449fa378a4eca0dd75e18520df5b .av-special-heading-tag{\nfont-size:40px;\n}\n.av-special-heading.av-kk3wg7jk-545d449fa378a4eca0dd75e18520df5b .special-heading-inner-border{\nborder-color:#ffffff;\n}\n.av-special-heading.av-kk3wg7jk-545d449fa378a4eca0dd75e18520df5b .av-subheading{\nfont-size:15px;\n}\n\n@media only screen and (min-width: 480px) and (max-width: 767px){ \n#top #wrap_all .av-special-heading.av-kk3wg7jk-545d449fa378a4eca0dd75e18520df5b .av-special-heading-tag{\nfont-size:0.8em;\n}\n}\n\n@media only screen and (max-width: 479px){ \n#top #wrap_all .av-special-heading.av-kk3wg7jk-545d449fa378a4eca0dd75e18520df5b .av-special-heading-tag{\nfont-size:0.8em;\n}\n}\n<\/style>\n<div  class='av-special-heading av-kk3wg7jk-545d449fa378a4eca0dd75e18520df5b av-special-heading-h1 custom-color-heading blockquote modern-quote modern-centered  avia-builder-el-3  el_before_av_hr  avia-builder-el-first  av-inherit-size'><h1 class='av-special-heading-tag '  itemprop=\"headline\"  >STATI UNITI<\/h1><div class=\"special-heading-border\"><div class=\"special-heading-inner-border\"><\/div><\/div><\/div><br \/>\n\n<style type=\"text\/css\" data-created_by=\"avia_inline_auto\" id=\"style-css-av-11dhts-5e0d42edaaba266802168c8b86866024\">\n#top .hr.av-11dhts-5e0d42edaaba266802168c8b86866024{\nmargin-top:40px;\nmargin-bottom:40px;\n}\n.hr.av-11dhts-5e0d42edaaba266802168c8b86866024 .hr-inner{\nwidth:50px;\nborder-color:#ffffff;\n}\n<\/style>\n<div  class='hr av-11dhts-5e0d42edaaba266802168c8b86866024 hr-custom  avia-builder-el-4  el_after_av_heading  avia-builder-el-last  hr-center hr-icon-no'><span class='hr-inner inner-border-av-border-fat'><span class=\"hr-inner-style\"><\/span><\/span><\/div><\/p><\/div><div  class='flex_column av-10pzu8-eb6b93490da325d7cfdbe99a5177caa9 av_one_fifth  avia-builder-el-5  el_after_av_three_fifth  avia-builder-el-last  flex_column_div  '     ><\/div>\n<\/div><\/div><\/main><!-- close content main element --><\/div><\/div><\/div><div id='after_section_1'  class='main_color av_default_container_wrap container_wrap sidebar_right'  ><div class='container av-section-cont-open' ><div class='template-page content  av-content-small alpha units'><div class='post-entry post-entry-type-page post-entry-107408'><div class='entry-content-wrapper clearfix'>\n\n<style type=\"text\/css\" data-created_by=\"avia_inline_auto\" id=\"style-css-av-12b1xm2e-7a410d119da55e9a4d57dd5899eaaa5e\">\n.flex_column.av-12b1xm2e-7a410d119da55e9a4d57dd5899eaaa5e{\nborder-radius:0px 0px 0px 0px;\npadding:0px 0px 0px 0px;\n}\n<\/style>\n<div  class='flex_column av-12b1xm2e-7a410d119da55e9a4d57dd5899eaaa5e av_one_half  avia-builder-el-6  el_after_av_section  el_before_av_one_half  avia-builder-el-first  first flex_column_div av-zero-column-padding  '     ><section  class='av_textblock_section av-kk3t3owc-d0a7d67f0487b04f0bd19b83bd60b4b4 '   itemscope=\"itemscope\" itemtype=\"https:\/\/schema.org\/CreativeWork\" ><div class='avia_textblock'  itemprop=\"text\" ><h1>STATI UNITI: Il West americano<\/h1>\n<h1>Da San Francisco a Los Angeles<\/h1>\n<h1>06 maggio \u2013 18 maggio<\/h1>\n<h1>(13 gg. 12 notti)<\/h1>\n<h3><\/h3>\n<p>Un solo viaggio non basta per scoprire tutti i volti degli Stati Uniti d\u2019America. La variet\u00e0 di paesaggi \u00e8 infinita, cos\u00ec come quella di etnie, accenti, religioni e culture, d\u2019altro canto, gli Stati Uniti hanno visto una delle pi\u00f9 grandi migrazioni del secolo scorso, con milioni di persone provenienti da tutto il mondo che hanno lasciato la loro terra natia per inseguire IL GRANDE SOGNO AMERICANO.<\/p>\n<p>PROGRAMMA<\/p>\n<p>06 MAGGIO: <strong>Partenza e arrivo a San Francisco<\/strong><\/p>\n<p>Check-in e sistemazione in Albergo<\/p>\n<p>07 MAGGIO: <strong>San Francisco<\/strong><\/p>\n<p>Il nostro viaggio inizia proprio da San Francisco. Citt\u00e0 cosmopolita, capitale della stravaganza, piena di vita, inclusiva e accogliente verso ogni tipo di sottocultura. E\u2019 la citt\u00e0 panoramica per eccellenza, con i suoi continui sali-scendi, il Golden Gate, simbolo della citt\u00e0 lungo 2700 metri sorretti da due giganteschi piloni<\/p>\n<p>08 MAGGIO: <strong>San Francisco<\/strong><\/p>\n<p>Proseguiamo la nostra visita con l\u2019area del Fisherman\u2019s Wharf (molo del pescatore) uno dei luoghi pi\u00f9 festaioli, il Museo delle Cere Madame Tussauds e da non perdere il cuore pulsante di San Francisco: Union Square, infine la Baia di San Francisco che ospita l\u2019Isola di Alcatraz sede della famosa prigione.<\/p>\n<p>09 MAGGIO: <strong>San Francisco, Pleasanton, Yosemite, Mammoth Lakes<\/strong><\/p>\n<p>Lasciamo San Francisco per dirigerci verso <strong>Pleasanton<\/strong> (45 min) una citt\u00e0 degli Stati Uniti d&#8217;America, situata nella parte centrale della California, nella Contea di Alameda.<\/p>\n<p>Proseguiamo per il\u00a0<strong>parco nazionale di Yosemite <\/strong>(2.40 h) una\u00a0<a href=\"https:\/\/it.wikipedia.org\/wiki\/Parchi_nazionali_degli_Stati_Uniti_d%27America\">zona protetta<\/a>\u00a0degli\u00a0<a href=\"https:\/\/it.wikipedia.org\/wiki\/Stati_Uniti_d%27America\">Stati Uniti<\/a>\u00a0che copre parte dei monti della\u00a0<a href=\"https:\/\/it.wikipedia.org\/wiki\/Sierra_Nevada_(Stati_Uniti_d%27America)\">Sierra Nevada<\/a>.<\/p>\n<p>10 MAGGIO: <strong>Mammoth Lakes. Goldfield, Las Vegas<\/strong><\/p>\n<p>Una perla tra le montagne, <strong>Mammoth Lakes<\/strong> (6.00 h) \u00e8 immersa in una splendida foresta di conifere. Passando per <strong>Goldfield<\/strong>, (2.50 h) una ridente cittadina del Nevada, raggiungeremo <strong>Las Vegas<\/strong> (2.40h)<\/p>\n<p>11 MAGGIO: <strong>Las Vegas<\/strong><\/p>\n<p>La capitale degli eccessi, dell\u2019azzardo, delle lunghe notti e centro di divertimento ma anche di\u00a0<strong>relax<\/strong>\u00a0e <strong>intrattenimento<\/strong>. Qui si potranno trovare i famosi casin\u00f2, assistere a spettacoli di classe mondiale, fare<strong>\u00a0shopping di lusso<\/strong>\u00a0o semplicemente passeggiare lungo il vivace Strip, ammirando gli hotel e i loro spettacolari giochi di luci.<\/p>\n<p><strong>\u00a0<\/strong><\/p>\n<p>12 MAGGIO: <strong>Las Vegas, Zyon, Monument Valley<\/strong><\/p>\n<p>Lasciata <strong>Las Vegas<\/strong> ci dirigiamo verso <strong>Zyon<\/strong> (2.30 h) dove il viaggio on the road acquista il suo massimo apice nelle bellezze di paesaggi sentieri strapiombi e canyons. Si prosegue per la <strong>Monument Valley<\/strong>, (4.00 h) nel cuore dell\u2019Arizona, terra degli Indiani Navayo \u00e8 uno dei simboli degli Stati Uniti occidentali, si trova al confine tra Utah e Arizona in un&#8217;area abbastanza isolata quanto estesa.<\/p>\n<p>13 MAGGIO: <strong>Monument Valley, Grand Canyon<\/strong><\/p>\n<p>Ci sono molti punti panoramici da cui \u00e8 possibile ammirare l\u2019area, tra cui il <strong>Mather Point<\/strong> e il <strong>Toroweap Overlook<\/strong>. Anche se la modalit\u00e0 preferita dai turisti per godere della vista sul <strong>Grand Canyon<\/strong> (4.00 h) una delle 7 meraviglie del mondo, \u00e8 quella di starsene sul bordo delle rocce con lo sguardo rivolto a questo paesaggio mozzafiato, ci sono molti altri modi per godere dello splendore naturale del parco.<\/p>\n<p>14 MAGGIO: <strong>Phoenix,<\/strong><strong> Joshua Tree<\/strong><\/p>\n<p>Si parte alla volta di <strong>Phoenix<\/strong> (3.40 h) la capitale e la citt\u00e0 pi\u00f9 popolosa dello stato dell\u2019Arizona, circondata dal deserto e da qualche arida catena montuosa, soprannominata anche Greater Phoenix o Valley of the Sun.<\/p>\n<p>Si prosegue poi per il desertico <strong>Joshua Tree<\/strong> (4.20 h) uno dei pi\u00f9 affascinanti parchi della California e situato proprio nel punto in cui si incontrano due deserti: il Colorado Desert e il Mojave Desert.<\/p>\n<p>15 MAGGIO: <strong>Los Angeles<\/strong><\/p>\n<p>Ultima tappa del nostro itinerario \u00e8 la citt\u00e0 degli angeli. Una delle citt\u00e0 pi\u00f9 sognate al mondo qui infatti si trova Hollywood, Beverly Hills, Griffith Observatory.<\/p>\n<p>La conosciamo attraverso i numerosi film e serie tv che abbiamo visto, \u00e8\u00a0<strong>il luogo dove magari vivono le nostre celebrit\u00e0 preferite!<\/strong><\/p>\n<p>16 MAGGIO: <strong>Los Angeles<\/strong><\/p>\n<p>Visita completa della citt\u00e0.<\/p>\n<p>17 MAGGIO: <strong>Partenza per l\u2019Italia da Los Angeles<\/strong><\/p>\n<p>18 MAGGIO: <strong>Arrivo in Italia<\/strong><\/p>\n<\/div><\/section><\/div>\n<style type=\"text\/css\" data-created_by=\"avia_inline_auto\" id=\"style-css-av-10i1in1y-b6341871395262c6a14f3dace5b0dacb\">\n.flex_column.av-10i1in1y-b6341871395262c6a14f3dace5b0dacb{\nborder-radius:0px 0px 0px 0px;\npadding:0px 0px 0px 0px;\n}\n<\/style>\n<div  class='flex_column av-10i1in1y-b6341871395262c6a14f3dace5b0dacb av_one_half  avia-builder-el-8  el_after_av_one_half  el_before_av_tab_container  flex_column_div av-zero-column-padding  '     ><section  class='av_textblock_section av-kk3t4q5o-364e9dd7bb49fd582b86735470eeef67 '   itemscope=\"itemscope\" itemtype=\"https:\/\/schema.org\/CreativeWork\" ><div class='avia_textblock'  itemprop=\"text\" ><h2><span style=\"color: #000000;\">Quote di partecipazione<\/span><\/h2>\n<\/div><\/section><br \/>\n<div  class='av-catalogue-container av-kk3tcyev-48bc08e2c58adbb612713a5b50b291e3  avia-builder-el-10  el_after_av_textblock  avia-builder-el-last '><ul class='av-catalogue-list'>\n<li><div class='av-catalogue-item av-o8ah7jq-2fef8c5b13c099c49191971c8e68157a' ><div class=\"av-catalogue-item-inner\"><div class=\"av-catalogue-title-container\"><div class='av-catalogue-title'>2 Coppie<\/div><div class='av-catalogue-price'>\u20ac 6600,00<\/div><\/div><div class=\"av-catalogue-content\"><\/div><\/div><\/div><\/li>\n<li><div class='av-catalogue-item av-kucs8c6-199486209b0f0f833477eb7f3f7beeb0' ><div class=\"av-catalogue-item-inner\"><div class=\"av-catalogue-title-container\"><div class='av-catalogue-title'>3 Coppie<\/div><div class='av-catalogue-price'>\u20ac 6450,00<\/div><\/div><div class=\"av-catalogue-content\"><\/div><\/div><\/div><\/li>\n<li><div class='av-catalogue-item av-he7wlo6-2f15533a48e8a70cca5793564152818a' ><div class=\"av-catalogue-item-inner\"><div class=\"av-catalogue-title-container\"><div class='av-catalogue-title'>4 Coppie<\/div><div class='av-catalogue-price'>\u20ac 6200,00<\/div><\/div><div class=\"av-catalogue-content\"><\/div><\/div><\/div><\/li>\n<\/ul><\/div><\/p><\/div><div  class='tabcontainer av-kk3t7fv3-ceab6fde7a2f4d0e1d8380f0561883b9 top_tab  avia-builder-el-11  el_after_av_one_half  el_before_av_button_big  avia-builder-el-last '>\n<section class='av_tab_section av_tab_section av-aq5gcdy-3b1afe6dabe1a43cdb15ace341b37d33'  itemscope=\"itemscope\" itemtype=\"https:\/\/schema.org\/CreativeWork\" ><div id='tab-id-1-tab' class='tab active_tab' role='tab' aria-selected=\"true\" tabindex=\"0\" data-fake-id='#tab-id-1' aria-controls='tab-id-1-content'  itemprop=\"headline\" ><span class='tab_icon avia-iconfont avia-font-entypo-fontello' data-av_icon='\ue81e' data-av_iconfont='entypo-fontello' ><\/span>FAQ<\/div><div id='tab-id-1-content' class='tab_content active_tab_content' role='tabpanel' aria-labelledby='tab-id-1-tab' aria-hidden=\"false\"><div class='tab_inner_content invers-color'  itemprop=\"text\" ><p>I nostri sono sempre viaggi &#8220;personalizzati&#8221; cio\u00e8 partono dall&#8217;esigenza di un individuo o di un gruppo di persone di recarsi in un posto, ci chiedono un&#8217;idea, un preventivo e delle soluzioni; noi le prepariamo, pubblicizziamo l&#8217;idea, aggreghiamo il gruppo e alla fine entriamo nei dettagli e rendiamo operativo il viaggio. I viaggi sono fatti per persone con disabilit\u00e0 e sono sempre pensati &#8220;a coppie&#8221;, cio\u00e8 un disabile ed un accompagnatore. Se la persona disabile non ha l&#8217;accompagnatore noi lo troviamo &#8211; normalmente &#8211; a titolo gratuito. La persona disabile ha a suo carico la quota che \u00e8 sempre calcolata per coppia. Questo non vuol dire che non si possano aggiungere persone senza disabilit\u00e0, singole o a coppie.<\/p>\n<\/div><\/div><\/section>\n<\/div><\/p>\n<div  class='avia-button-wrap avia-button-center  avia-builder-el-12  el_after_av_tab_container  avia-builder-el-last '>\n<style type=\"text\/css\" data-created_by=\"avia_inline_auto\" id=\"style-css-av-kk3w8ogu-b3f2a2418aa1075fc500933e89ad8857\">\n#top #wrap_all .avia-button.av-kk3w8ogu-b3f2a2418aa1075fc500933e89ad8857:hover{\ncolor:#ffffff;\ntransition:all 0.4s ease-in-out;\n}\n#top #wrap_all .avia-button.av-kk3w8ogu-b3f2a2418aa1075fc500933e89ad8857:hover .avia-svg-icon svg:first-child{\nfill:#ffffff;\nstroke:#ffffff;\n}\n<\/style>\n<a href='https:\/\/www.concreteonlus.org\/?page_id=103823' class='av-icon-on-hover avia-color-theme-color avia-font-color-theme-color avia-button avia-button-fullwidth av-kk3w8ogu-b3f2a2418aa1075fc500933e89ad8857 avia-icon_select-yes-left-icon avia-color-theme-color'  target=\"_blank\"  rel=\"noopener noreferrer\"  aria-label=\"Contattaci per maggiori informazioni\"><span class='avia_button_icon avia_button_icon_left avia-iconfont avia-font-entypo-fontello' data-av_icon='\ue81e' data-av_iconfont='entypo-fontello' ><\/span><span class='avia_iconbox_title' >Contattaci per maggiori informazioni<\/span><span class='avia_button_background avia-button avia-button-fullwidth avia-color-theme-color-highlight'><\/span><\/a><\/div>\n","protected":false},"excerpt":{"rendered":"","protected":false},"author":156,"featured_media":107420,"parent":0,"menu_order":0,"comment_status":"closed","ping_status":"closed","template":"","meta":{"footnotes":""},"class_list":["post-107408","page","type-page","status-publish","has-post-thumbnail","hentry"],"yoast_head":"<!-- This site is optimized with the Yoast SEO plugin v25.8 - https:\/\/yoast.com\/wordpress\/plugins\/seo\/ -->\n<title>STATI UNITI: Il West americano Da San Francisco a Los Angeles - CONCRETE ONLUS<\/title>\n<meta name=\"description\" content=\"CONCRETE ONLUS - STATI UNITI: Il West americano Da San Francisco a Los Angeles\" \/>\n<meta name=\"robots\" content=\"index, follow, max-snippet:-1, max-image-preview:large, max-video-preview:-1\" \/>\n<link rel=\"canonical\" href=\"https:\/\/www.concreteonlus.org\/?page_id=107408\" \/>\n<meta property=\"og:locale\" content=\"it_IT\" \/>\n<meta property=\"og:type\" content=\"article\" \/>\n<meta property=\"og:title\" content=\"STATI UNITI: Il West americano Da San Francisco a Los Angeles - CONCRETE ONLUS\" \/>\n<meta property=\"og:description\" content=\"CONCRETE ONLUS - STATI UNITI: Il West americano Da San Francisco a Los Angeles\" \/>\n<meta property=\"og:url\" content=\"https:\/\/www.concreteonlus.org\/?page_id=107408\" \/>\n<meta property=\"og:site_name\" content=\"CONCRETE ONLUS\" \/>\n<meta property=\"article:publisher\" content=\"https:\/\/www.facebook.com\/concreteonlus.org\/\" \/>\n<meta property=\"article:modified_time\" content=\"2025-02-24T16:18:54+00:00\" \/>\n<meta property=\"og:image\" content=\"https:\/\/www.concreteonlus.org\/wp-content\/uploads\/2025\/02\/STATI-UNITI.png\" \/>\n\t<meta property=\"og:image:width\" content=\"500\" \/>\n\t<meta property=\"og:image:height\" content=\"500\" \/>\n\t<meta property=\"og:image:type\" content=\"image\/png\" \/>\n<meta name=\"twitter:card\" content=\"summary_large_image\" \/>\n<meta name=\"twitter:label1\" content=\"Tempo di lettura stimato\" \/>\n\t<meta name=\"twitter:data1\" content=\"5 minuti\" \/>\n<script type=\"application\/ld+json\" class=\"yoast-schema-graph\">{\"@context\":\"https:\/\/schema.org\",\"@graph\":[{\"@type\":\"WebPage\",\"@id\":\"https:\/\/www.concreteonlus.org\/?page_id=107408\",\"url\":\"https:\/\/www.concreteonlus.org\/?page_id=107408\",\"name\":\"STATI UNITI: Il West americano Da San Francisco a Los Angeles - CONCRETE ONLUS\",\"isPartOf\":{\"@id\":\"https:\/\/www.concreteonlus.org\/#website\"},\"primaryImageOfPage\":{\"@id\":\"https:\/\/www.concreteonlus.org\/?page_id=107408#primaryimage\"},\"image\":{\"@id\":\"https:\/\/www.concreteonlus.org\/?page_id=107408#primaryimage\"},\"thumbnailUrl\":\"https:\/\/www.concreteonlus.org\/wp-content\/uploads\/2025\/02\/STATI-UNITI.png\",\"datePublished\":\"2025-02-12T17:29:09+00:00\",\"dateModified\":\"2025-02-24T16:18:54+00:00\",\"description\":\"CONCRETE ONLUS - STATI UNITI: Il West americano Da San Francisco a Los Angeles\",\"breadcrumb\":{\"@id\":\"https:\/\/www.concreteonlus.org\/?page_id=107408#breadcrumb\"},\"inLanguage\":\"it-IT\",\"potentialAction\":[{\"@type\":\"ReadAction\",\"target\":[\"https:\/\/www.concreteonlus.org\/?page_id=107408\"]}]},{\"@type\":\"ImageObject\",\"inLanguage\":\"it-IT\",\"@id\":\"https:\/\/www.concreteonlus.org\/?page_id=107408#primaryimage\",\"url\":\"https:\/\/www.concreteonlus.org\/wp-content\/uploads\/2025\/02\/STATI-UNITI.png\",\"contentUrl\":\"https:\/\/www.concreteonlus.org\/wp-content\/uploads\/2025\/02\/STATI-UNITI.png\",\"width\":\"500\",\"height\":\"500\"},{\"@type\":\"BreadcrumbList\",\"@id\":\"https:\/\/www.concreteonlus.org\/?page_id=107408#breadcrumb\",\"itemListElement\":[{\"@type\":\"ListItem\",\"position\":1,\"name\":\"Home\",\"item\":\"https:\/\/www.concreteonlus.org\/\"},{\"@type\":\"ListItem\",\"position\":2,\"name\":\"STATI UNITI: Il West americano Da San Francisco a Los Angeles\"}]},{\"@type\":\"WebSite\",\"@id\":\"https:\/\/www.concreteonlus.org\/#website\",\"url\":\"https:\/\/www.concreteonlus.org\/\",\"name\":\"CONCRETE ONLUS\",\"description\":\"VIAGGI ASSISTITI ED ACCESSIBILI SU MISURA PER TE!\",\"publisher\":{\"@id\":\"https:\/\/www.concreteonlus.org\/#organization\"},\"potentialAction\":[{\"@type\":\"SearchAction\",\"target\":{\"@type\":\"EntryPoint\",\"urlTemplate\":\"https:\/\/www.concreteonlus.org\/?s={search_term_string}\"},\"query-input\":{\"@type\":\"PropertyValueSpecification\",\"valueRequired\":true,\"valueName\":\"search_term_string\"}}],\"inLanguage\":\"it-IT\"},{\"@type\":\"Organization\",\"@id\":\"https:\/\/www.concreteonlus.org\/#organization\",\"name\":\"Concrete Onlus\",\"url\":\"https:\/\/www.concreteonlus.org\/\",\"logo\":{\"@type\":\"ImageObject\",\"inLanguage\":\"it-IT\",\"@id\":\"https:\/\/www.concreteonlus.org\/#\/schema\/logo\/image\/\",\"url\":\"https:\/\/www.concreteonlus.org\/wp-content\/uploads\/2024\/05\/Food-KING-logo-1.png\",\"contentUrl\":\"https:\/\/www.concreteonlus.org\/wp-content\/uploads\/2024\/05\/Food-KING-logo-1.png\",\"width\":\"1080\",\"height\":\"1080\",\"caption\":\"Concrete Onlus\"},\"image\":{\"@id\":\"https:\/\/www.concreteonlus.org\/#\/schema\/logo\/image\/\"},\"sameAs\":[\"https:\/\/www.facebook.com\/concreteonlus.org\/\",\"https:\/\/www.instagram.com\/concrete_onlus\/\",\"https:\/\/www.linkedin.com\/company\/concrete-onlus-societ-cooperativa-sociale\/\"]}]}<\/script>\n<!-- \/ Yoast SEO plugin. -->","yoast_head_json":{"title":"STATI UNITI: Il West americano Da San Francisco a Los Angeles - CONCRETE ONLUS","description":"CONCRETE ONLUS - STATI UNITI: Il West americano Da San Francisco a Los Angeles","robots":{"index":"index","follow":"follow","max-snippet":"max-snippet:-1","max-image-preview":"max-image-preview:large","max-video-preview":"max-video-preview:-1"},"canonical":"https:\/\/www.concreteonlus.org\/?page_id=107408","og_locale":"it_IT","og_type":"article","og_title":"STATI UNITI: Il West americano Da San Francisco a Los Angeles - CONCRETE ONLUS","og_description":"CONCRETE ONLUS - STATI UNITI: Il West americano Da San Francisco a Los Angeles","og_url":"https:\/\/www.concreteonlus.org\/?page_id=107408","og_site_name":"CONCRETE ONLUS","article_publisher":"https:\/\/www.facebook.com\/concreteonlus.org\/","article_modified_time":"2025-02-24T16:18:54+00:00","og_image":[{"width":500,"height":500,"url":"https:\/\/www.concreteonlus.org\/wp-content\/uploads\/2025\/02\/STATI-UNITI.png","type":"image\/png"}],"twitter_card":"summary_large_image","twitter_misc":{"Tempo di lettura stimato":"5 minuti"},"schema":{"@context":"https:\/\/schema.org","@graph":[{"@type":"WebPage","@id":"https:\/\/www.concreteonlus.org\/?page_id=107408","url":"https:\/\/www.concreteonlus.org\/?page_id=107408","name":"STATI UNITI: Il West americano Da San Francisco a Los Angeles - CONCRETE ONLUS","isPartOf":{"@id":"https:\/\/www.concreteonlus.org\/#website"},"primaryImageOfPage":{"@id":"https:\/\/www.concreteonlus.org\/?page_id=107408#primaryimage"},"image":{"@id":"https:\/\/www.concreteonlus.org\/?page_id=107408#primaryimage"},"thumbnailUrl":"https:\/\/www.concreteonlus.org\/wp-content\/uploads\/2025\/02\/STATI-UNITI.png","datePublished":"2025-02-12T17:29:09+00:00","dateModified":"2025-02-24T16:18:54+00:00","description":"CONCRETE ONLUS - STATI UNITI: Il West americano Da San Francisco a Los Angeles","breadcrumb":{"@id":"https:\/\/www.concreteonlus.org\/?page_id=107408#breadcrumb"},"inLanguage":"it-IT","potentialAction":[{"@type":"ReadAction","target":["https:\/\/www.concreteonlus.org\/?page_id=107408"]}]},{"@type":"ImageObject","inLanguage":"it-IT","@id":"https:\/\/www.concreteonlus.org\/?page_id=107408#primaryimage","url":"https:\/\/www.concreteonlus.org\/wp-content\/uploads\/2025\/02\/STATI-UNITI.png","contentUrl":"https:\/\/www.concreteonlus.org\/wp-content\/uploads\/2025\/02\/STATI-UNITI.png","width":"500","height":"500"},{"@type":"BreadcrumbList","@id":"https:\/\/www.concreteonlus.org\/?page_id=107408#breadcrumb","itemListElement":[{"@type":"ListItem","position":1,"name":"Home","item":"https:\/\/www.concreteonlus.org\/"},{"@type":"ListItem","position":2,"name":"STATI UNITI: Il West americano Da San Francisco a Los Angeles"}]},{"@type":"WebSite","@id":"https:\/\/www.concreteonlus.org\/#website","url":"https:\/\/www.concreteonlus.org\/","name":"CONCRETE ONLUS","description":"VIAGGI ASSISTITI ED ACCESSIBILI SU MISURA PER TE!","publisher":{"@id":"https:\/\/www.concreteonlus.org\/#organization"},"potentialAction":[{"@type":"SearchAction","target":{"@type":"EntryPoint","urlTemplate":"https:\/\/www.concreteonlus.org\/?s={search_term_string}"},"query-input":{"@type":"PropertyValueSpecification","valueRequired":true,"valueName":"search_term_string"}}],"inLanguage":"it-IT"},{"@type":"Organization","@id":"https:\/\/www.concreteonlus.org\/#organization","name":"Concrete Onlus","url":"https:\/\/www.concreteonlus.org\/","logo":{"@type":"ImageObject","inLanguage":"it-IT","@id":"https:\/\/www.concreteonlus.org\/#\/schema\/logo\/image\/","url":"https:\/\/www.concreteonlus.org\/wp-content\/uploads\/2024\/05\/Food-KING-logo-1.png","contentUrl":"https:\/\/www.concreteonlus.org\/wp-content\/uploads\/2024\/05\/Food-KING-logo-1.png","width":"1080","height":"1080","caption":"Concrete Onlus"},"image":{"@id":"https:\/\/www.concreteonlus.org\/#\/schema\/logo\/image\/"},"sameAs":["https:\/\/www.facebook.com\/concreteonlus.org\/","https:\/\/www.instagram.com\/concrete_onlus\/","https:\/\/www.linkedin.com\/company\/concrete-onlus-societ-cooperativa-sociale\/"]}]}},"_links":{"self":[{"href":"https:\/\/www.concreteonlus.org\/index.php?rest_route=\/wp\/v2\/pages\/107408","targetHints":{"allow":["GET"]}}],"collection":[{"href":"https:\/\/www.concreteonlus.org\/index.php?rest_route=\/wp\/v2\/pages"}],"about":[{"href":"https:\/\/www.concreteonlus.org\/index.php?rest_route=\/wp\/v2\/types\/page"}],"author":[{"embeddable":true,"href":"https:\/\/www.concreteonlus.org\/index.php?rest_route=\/wp\/v2\/users\/156"}],"replies":[{"embeddable":true,"href":"https:\/\/www.concreteonlus.org\/index.php?rest_route=%2Fwp%2Fv2%2Fcomments&post=107408"}],"version-history":[{"count":3,"href":"https:\/\/www.concreteonlus.org\/index.php?rest_route=\/wp\/v2\/pages\/107408\/revisions"}],"predecessor-version":[{"id":107498,"href":"https:\/\/www.concreteonlus.org\/index.php?rest_route=\/wp\/v2\/pages\/107408\/revisions\/107498"}],"wp:featuredmedia":[{"embeddable":true,"href":"https:\/\/www.concreteonlus.org\/index.php?rest_route=\/wp\/v2\/media\/107420"}],"wp:attachment":[{"href":"https:\/\/www.concreteonlus.org\/index.php?rest_route=%2Fwp%2Fv2%2Fmedia&parent=107408"}],"curies":[{"name":"wp","href":"https:\/\/api.w.org\/{rel}","templated":true}]}}