{"id":107424,"date":"2025-02-12T18:25:52","date_gmt":"2025-02-12T17:25:52","guid":{"rendered":"https:\/\/www.concreteonlus.org\/?page_id=107424"},"modified":"2025-02-12T18:34:08","modified_gmt":"2025-02-12T17:34:08","slug":"londra","status":"publish","type":"page","link":"https:\/\/www.concreteonlus.org\/?page_id=107424","title":{"rendered":""},"content":{"rendered":"\n<style type=\"text\/css\" data-created_by=\"avia_inline_auto\" id=\"style-css-av-14sy9z-5b67c3ed71fc69709c6d60bbe46b5a1b\">\n.avia-section.av-14sy9z-5b67c3ed71fc69709c6d60bbe46b5a1b{\nbackground-repeat:no-repeat;\nbackground-image:url(https:\/\/www.concreteonlus.org\/wp-content\/uploads\/2025\/02\/londra-1500x630.jpg);\nbackground-position:0% 50%;\nbackground-attachment:scroll;\n}\n.avia-section.av-14sy9z-5b67c3ed71fc69709c6d60bbe46b5a1b .av-section-color-overlay{\nopacity:0.6;\nbackground-color:#5863dd;\n}\n<\/style>\n<div id='av_section_1'  class='avia-section av-14sy9z-5b67c3ed71fc69709c6d60bbe46b5a1b main_color avia-section-huge avia-no-border-styling  avia-builder-el-0  el_before_av_one_half  avia-builder-el-first  avia-bg-style-scroll av-section-color-overlay-active av-minimum-height av-minimum-height-75 av-height-75  container_wrap sidebar_right'  data-section-bg-repeat='no-repeat' data-av_minimum_height_pc='75' data-av_min_height_opt='75'><div class=\"av-section-color-overlay-wrap\"><div class=\"av-section-color-overlay\"><\/div><a href='#next-section' title='' class='scroll-down-link  avia-svg-icon avia-font-svg_entypo-fontello' data-av_svg_icon='down-open-mini' data-av_iconset='svg_entypo-fontello'><svg version=\"1.1\" xmlns=\"http:\/\/www.w3.org\/2000\/svg\" width=\"15\" height=\"32\" viewBox=\"0 0 15 32\" preserveAspectRatio=\"xMidYMid meet\" aria-labelledby='av-svg-title-1' aria-describedby='av-svg-desc-1' role=\"graphics-symbol\" aria-hidden=\"true\">\n<title id='av-svg-title-1'>Scorrere alla sezione successiva<\/title>\n<desc id='av-svg-desc-1'>Scorrere alla sezione successiva<\/desc>\n<path d=\"M12.96 12.16q0.704-0.832 1.536 0 0.832 0.704 0 1.536l-6.272 6.144q-0.704 0.704-1.536 0l-6.272-6.144q-0.832-0.832 0-1.536 0.768-0.768 1.6 0l5.44 4.992z\"><\/path>\n<\/svg><\/a><div class='container av-section-cont-open' ><main  role=\"main\" itemprop=\"mainContentOfPage\"  class='template-page content  av-content-small alpha units'><div class='post-entry post-entry-type-page post-entry-107424'><div class='entry-content-wrapper clearfix'>\n<div  class='flex_column av-12sarg-b1ae11d9a6625ade0efd763c629e2b5a av_one_fifth  avia-builder-el-1  el_before_av_three_fifth  avia-builder-el-first  first flex_column_div  '     ><\/div><div  class='flex_column av-12mw5w-9bd7b34e07608f5e30f5ef6c493ad3d9 av_three_fifth  avia-builder-el-2  el_after_av_one_fifth  el_before_av_one_fifth  flex_column_div  '     ><p>\n<style type=\"text\/css\" data-created_by=\"avia_inline_auto\" id=\"style-css-av-kk3wg7jk-f6db43237a16100d9515e1a8c373af44\">\n#top .av-special-heading.av-kk3wg7jk-f6db43237a16100d9515e1a8c373af44{\npadding-bottom:10px;\ncolor:#ffffff;\nfont-size:40px;\n}\nbody .av-special-heading.av-kk3wg7jk-f6db43237a16100d9515e1a8c373af44 .av-special-heading-tag .heading-char{\nfont-size:25px;\n}\n#top #wrap_all .av-special-heading.av-kk3wg7jk-f6db43237a16100d9515e1a8c373af44 .av-special-heading-tag{\nfont-size:40px;\n}\n.av-special-heading.av-kk3wg7jk-f6db43237a16100d9515e1a8c373af44 .special-heading-inner-border{\nborder-color:#ffffff;\n}\n.av-special-heading.av-kk3wg7jk-f6db43237a16100d9515e1a8c373af44 .av-subheading{\nfont-size:15px;\n}\n\n@media only screen and (min-width: 480px) and (max-width: 767px){ \n#top #wrap_all .av-special-heading.av-kk3wg7jk-f6db43237a16100d9515e1a8c373af44 .av-special-heading-tag{\nfont-size:0.8em;\n}\n}\n\n@media only screen and (max-width: 479px){ \n#top #wrap_all .av-special-heading.av-kk3wg7jk-f6db43237a16100d9515e1a8c373af44 .av-special-heading-tag{\nfont-size:0.8em;\n}\n}\n<\/style>\n<div  class='av-special-heading av-kk3wg7jk-f6db43237a16100d9515e1a8c373af44 av-special-heading-h1 custom-color-heading blockquote modern-quote modern-centered  avia-builder-el-3  el_before_av_hr  avia-builder-el-first  av-inherit-size'><h1 class='av-special-heading-tag '  itemprop=\"headline\"  >LONDRA<\/h1><div class=\"special-heading-border\"><div class=\"special-heading-inner-border\"><\/div><\/div><\/div><br \/>\n\n<style type=\"text\/css\" data-created_by=\"avia_inline_auto\" id=\"style-css-av-11dhts-5e0d42edaaba266802168c8b86866024\">\n#top .hr.av-11dhts-5e0d42edaaba266802168c8b86866024{\nmargin-top:40px;\nmargin-bottom:40px;\n}\n.hr.av-11dhts-5e0d42edaaba266802168c8b86866024 .hr-inner{\nwidth:50px;\nborder-color:#ffffff;\n}\n<\/style>\n<div  class='hr av-11dhts-5e0d42edaaba266802168c8b86866024 hr-custom  avia-builder-el-4  el_after_av_heading  avia-builder-el-last  hr-center hr-icon-no'><span class='hr-inner inner-border-av-border-fat'><span class=\"hr-inner-style\"><\/span><\/span><\/div><\/p><\/div><div  class='flex_column av-10pzu8-eb6b93490da325d7cfdbe99a5177caa9 av_one_fifth  avia-builder-el-5  el_after_av_three_fifth  avia-builder-el-last  flex_column_div  '     ><\/div><\/div><\/div><\/main><!-- close content main element --><\/div><\/div><\/div><div id='after_section_1'  class='main_color av_default_container_wrap container_wrap sidebar_right'  ><div class='container av-section-cont-open' ><div class='template-page content  av-content-small alpha units'><div class='post-entry post-entry-type-page post-entry-107424'><div class='entry-content-wrapper clearfix'>\n<style type=\"text\/css\" data-created_by=\"avia_inline_auto\" id=\"style-css-av-12b1xm2e-7a410d119da55e9a4d57dd5899eaaa5e\">\n.flex_column.av-12b1xm2e-7a410d119da55e9a4d57dd5899eaaa5e{\nborder-radius:0px 0px 0px 0px;\npadding:0px 0px 0px 0px;\n}\n<\/style>\n<div  class='flex_column av-12b1xm2e-7a410d119da55e9a4d57dd5899eaaa5e av_one_half  avia-builder-el-6  el_after_av_section  el_before_av_one_half  avia-builder-el-first  first flex_column_div av-zero-column-padding  '     ><section  class='av_textblock_section av-kk3t3owc-d0a7d67f0487b04f0bd19b83bd60b4b4 '   itemscope=\"itemscope\" itemtype=\"https:\/\/schema.org\/CreativeWork\" ><div class='avia_textblock'  itemprop=\"text\" ><h1><b>ESCURSIONE A LONDRA <\/b><b><\/b><\/h1>\n<h1>23 \u2013 30 GIUGNO 2025<\/h1>\n<h1>( 8 gg. 7 notti)<\/h1>\n<p class=\"p2\">Londra \u00e8 la citt\u00e0 pi\u00f9 cosmopolita d\u2019Europa, un tempo capitale del pi\u00f9 vasto Impero mai esistito nella storia, oggi forse un po\u2019 decadente ma di un fascino irresistibile.<\/p>\n<p class=\"p2\">Quello che trovate sotto \u00e8 un programma di massima, perch\u00e9 i nostri viaggi sono sempre molto \u201celastici\u201d e adattati alle esigenze dei singoli componenti del gruppo.<\/p>\n<p class=\"p2\">Facciamo notare come si potranno anche studiare partenze da localit\u00e0 diverse con la possibilit\u00e0 che l\u2019accompagnatore arrivi in loco per assistere la persona anche durante il tragitto aereo.<\/p>\n<p class=\"p2\">Se qualcuno avesse particolari interessi e localit\u00e0 da visitare lo segnali in precedenza in modo che si possa studiare, prenotare, organizzare.<\/p>\n<p class=\"p2\">Ad esempio qualcuno potrebbe essere interessato a :<\/p>\n<p class=\"p3\">vedere una partita di calcio delle molte squadre londinesi<\/p>\n<p class=\"p3\">vedere i luoghi che hanno reso famosi i Beatles<\/p>\n<p class=\"p3\">vedere il Museo e le strade di \u201cJack lo Squartatore\u201d<\/p>\n<p class=\"p3\">Assistere ad un Concerto alla Royal Albert Hall<\/p>\n<p class=\"p2\">Vedere Buckingham Palace o le Stalle Reali<\/p>\n<p class=\"p2\"><b>23 GIUGNO: <\/b>Partenza da Pisa alle ore 12 ( arrivo a Londra Gatwick alle 13,15) o da Verona alle 10,40 ( arrivo a Londra Gatwick 11,50),o da Milano Linate alle 13,20 ( arrivo a Gatwick alle 14,15) . Una volta arrivati a Londra dopo due ore e sistemazione, ritireremo il nostro mezzo di trasporto e ci recheremo in albergo. Nel Pomeriggio prima escursione in citt\u00e0 con giro in auto delle principali location in modo da avere una visione della citt\u00e0.<\/p>\n<p class=\"p2\">Per tutto il periodo saremo alloggiati al Travelodge di Greenwich <span class=\"s2\">https:\/\/www.travelodge.co.uk\/hotels\/539\/London-Greenwich-hotel<\/span>, la localit\u00e0 del famoso meridiano da dove si parte per il calcolo dei fusi orari.<\/p>\n<p class=\"p2\"><b>24 GIUGNO: <\/b>Primo vera giornata di visita a Londra e alla sue principali attrazioni:<\/p>\n<p class=\"p2\">potremmo andare a Westminster e vedere la cattedrale all\u2019interno e dall\u2019esterno, facendo quattro passi il Parlamento, il Big Ben, Downing street e Trafalgar square, Saint James Park e Buckingham Palace.<\/p>\n<p class=\"p2\">Dopo pranzo visita al British Museum fino a esaurimento della giornata.<\/p>\n<p class=\"p2\"><b>25 GIUGNO: <\/b>Il suggerimento dell\u2019organizzazione che tutela la storia del \u201cPortobello Market\u201d <span class=\"s2\">https:\/\/portobellomarket.org\/ <\/span>\u00e8 di andarci di sabato e quindi noi ci andremo in<\/p>\n<p class=\"p2\">questa giornata. Ovviamente siamo vicini a Notthing Hill e quindi soddisferemo anche questa esigenza. Potremmo starci tutta la mattina e mangiare in loco.<\/p>\n<p class=\"p2\">Al pomeriggio potremmo organizzare una escursione in battello sul Tamigi.<\/p>\n<p class=\"p2\">Alla sera, per chi lo vuole, una puntatina ad uno degli spettacoli per cui Londra \u00e8 famosa: il musical \u201cMamma Mia\u201d. I prezzi sono da 80 euro in su. Bisogna prenotare molto prima e quindi aspetto la comunicazione di chi \u00e8 interessato.<\/p>\n<p class=\"p1\"><b>26 GIUGNO: <\/b>Oggi potrebbe essere un\u2019ottima occasione per una gita fuori porta a Canterbury e Dover.<\/p>\n<p class=\"p1\"><b>27 GIUGNO: <\/b>Oggi potremmo visitare la Cattedrale di San Paolo ( la seconda del mondo dopo San Pietro), il museo di Londra <span class=\"s1\">http:\/\/www.museumoflondon.org.uk\/museum-london<\/span>, il ponte dei Frati Neri \u2013 Blackfriars \u2013 e camminando lungo il Tamigi arrivare arrivare alla Torre di Londra e\/o al Millennium Eye, magari facendoci un giretto sopra.<\/p>\n<p class=\"p1\"><b>28 GIUGNO: <\/b>Escursione fuori Londra e se la prima l\u2019abbiamo fatta verso il sud e il mare, questa volta andiamo a nord visitando Cambridge e Oxford e se ce la facciamo anche Stratford on Avon, la citt\u00e0 di Shakespeare.<\/p>\n<p class=\"p1\"><b>29 GIUGNO: <\/b>La giornata sar\u00e0 dedicata a vedere cio\u00e8 che non si \u00e8 riuscito a vedere nei giorni precedenti e allo shopping.<\/p>\n<p class=\"p1\"><b>30 GIUGNO: <\/b><b><\/b><\/p>\n<p class=\"p1\">Oggi ultima giornata di viaggio non ci sar\u00e0 molto tempo a disposizione. Dopo colazione forse ancora uno stop per vedere qualcosa che non si era visto oppure per comperare un ultimo souvenir e poi il rientro in Italia \u00e8 previsto nel il pomeriggio con partenza da Londra Gatwick alle 12,10 e arrivo a Pisa alle 15,25 oppure partenza alle 16,30 e arrivo a Verona alle 19,40 oppure alle 15,45 con arrivo a Milano Linate 18,40 .<\/p>\n<\/div><\/section><\/div>\n<style type=\"text\/css\" data-created_by=\"avia_inline_auto\" id=\"style-css-av-10i1in1y-b6341871395262c6a14f3dace5b0dacb\">\n.flex_column.av-10i1in1y-b6341871395262c6a14f3dace5b0dacb{\nborder-radius:0px 0px 0px 0px;\npadding:0px 0px 0px 0px;\n}\n<\/style>\n<div  class='flex_column av-10i1in1y-b6341871395262c6a14f3dace5b0dacb av_one_half  avia-builder-el-8  el_after_av_one_half  el_before_av_tab_container  flex_column_div av-zero-column-padding  '     ><section  class='av_textblock_section av-kk3t4q5o-364e9dd7bb49fd582b86735470eeef67 '   itemscope=\"itemscope\" itemtype=\"https:\/\/schema.org\/CreativeWork\" ><div class='avia_textblock'  itemprop=\"text\" ><h2><span style=\"color: #000000;\">Quote di partecipazione<\/span><\/h2>\n<\/div><\/section><br \/>\n<div  class='av-catalogue-container av-kk3tcyev-48bc08e2c58adbb612713a5b50b291e3  avia-builder-el-10  el_after_av_textblock  avia-builder-el-last '><ul class='av-catalogue-list'>\n<li><div class='av-catalogue-item av-o8ah7jq-38a87ca29adc306a31a5dab89216e890' ><div class=\"av-catalogue-item-inner\"><div class=\"av-catalogue-title-container\"><div class='av-catalogue-title'>2 Coppie<\/div><div class='av-catalogue-price'>\u20ac 3600,00<\/div><\/div><div class=\"av-catalogue-content\"><\/div><\/div><\/div><\/li>\n<li><div class='av-catalogue-item av-kucs8c6-c6fb901f4af57ce72e5960a365da300f' ><div class=\"av-catalogue-item-inner\"><div class=\"av-catalogue-title-container\"><div class='av-catalogue-title'>3 Coppie<\/div><div class='av-catalogue-price'>\u20ac 3450,00<\/div><\/div><div class=\"av-catalogue-content\"><\/div><\/div><\/div><\/li>\n<li><div class='av-catalogue-item av-he7wlo6-7b992d7abe9570454e7e4e9450a269a1' ><div class=\"av-catalogue-item-inner\"><div class=\"av-catalogue-title-container\"><div class='av-catalogue-title'>4 Coppie<\/div><div class='av-catalogue-price'>\u20ac 3300,00<\/div><\/div><div class=\"av-catalogue-content\"><\/div><\/div><\/div><\/li>\n<\/ul><\/div><\/p><\/div><div  class='tabcontainer av-kk3t7fv3-ceab6fde7a2f4d0e1d8380f0561883b9 top_tab  avia-builder-el-11  el_after_av_one_half  el_before_av_button_big  avia-builder-el-last '>\n<section class='av_tab_section av_tab_section av-aq5gcdy-3b1afe6dabe1a43cdb15ace341b37d33'  itemscope=\"itemscope\" itemtype=\"https:\/\/schema.org\/CreativeWork\" ><div id='tab-id-1-tab' class='tab active_tab' role='tab' aria-selected=\"true\" tabindex=\"0\" data-fake-id='#tab-id-1' aria-controls='tab-id-1-content'  itemprop=\"headline\" ><span class='tab_icon avia-iconfont avia-font-entypo-fontello' data-av_icon='\ue81e' data-av_iconfont='entypo-fontello' ><\/span>FAQ<\/div><div id='tab-id-1-content' class='tab_content active_tab_content' role='tabpanel' aria-labelledby='tab-id-1-tab' aria-hidden=\"false\"><div class='tab_inner_content invers-color'  itemprop=\"text\" ><p>I nostri sono sempre viaggi &#8220;personalizzati&#8221; cio\u00e8 partono dall&#8217;esigenza di un individuo o di un gruppo di persone di recarsi in un posto, ci chiedono un&#8217;idea, un preventivo e delle soluzioni; noi le prepariamo, pubblicizziamo l&#8217;idea, aggreghiamo il gruppo e alla fine entriamo nei dettagli e rendiamo operativo il viaggio. I viaggi sono fatti per persone con disabilit\u00e0 e sono sempre pensati &#8220;a coppie&#8221;, cio\u00e8 un disabile ed un accompagnatore. Se la persona disabile non ha l&#8217;accompagnatore noi lo troviamo &#8211; normalmente &#8211; a titolo gratuito. La persona disabile ha a suo carico la quota che \u00e8 sempre calcolata per coppia. Questo non vuol dire che non si possano aggiungere persone senza disabilit\u00e0, singole o a coppie.<\/p>\n<\/div><\/div><\/section>\n<\/div><\/p>\n<div  class='avia-button-wrap avia-button-center  avia-builder-el-12  el_after_av_tab_container  avia-builder-el-last '>\n<style type=\"text\/css\" data-created_by=\"avia_inline_auto\" id=\"style-css-av-kk3w8ogu-b3f2a2418aa1075fc500933e89ad8857\">\n#top #wrap_all .avia-button.av-kk3w8ogu-b3f2a2418aa1075fc500933e89ad8857:hover{\ncolor:#ffffff;\ntransition:all 0.4s ease-in-out;\n}\n#top #wrap_all .avia-button.av-kk3w8ogu-b3f2a2418aa1075fc500933e89ad8857:hover .avia-svg-icon svg:first-child{\nfill:#ffffff;\nstroke:#ffffff;\n}\n<\/style>\n<a href='https:\/\/www.concreteonlus.org\/?page_id=103823' class='av-icon-on-hover avia-color-theme-color avia-font-color-theme-color avia-button avia-button-fullwidth av-kk3w8ogu-b3f2a2418aa1075fc500933e89ad8857 avia-icon_select-yes-left-icon avia-color-theme-color'  target=\"_blank\"  rel=\"noopener noreferrer\"  aria-label=\"Contattaci per maggiori informazioni\"><span class='avia_button_icon avia_button_icon_left avia-iconfont avia-font-entypo-fontello' data-av_icon='\ue81e' data-av_iconfont='entypo-fontello' ><\/span><span class='avia_iconbox_title' >Contattaci per maggiori informazioni<\/span><span class='avia_button_background avia-button avia-button-fullwidth avia-color-theme-color-highlight'><\/span><\/a><\/div>\n","protected":false},"excerpt":{"rendered":"","protected":false},"author":156,"featured_media":0,"parent":0,"menu_order":0,"comment_status":"closed","ping_status":"closed","template":"","meta":{"footnotes":""},"class_list":["post-107424","page","type-page","status-publish","hentry"],"yoast_head":"<!-- This site is optimized with the Yoast SEO plugin v25.8 - https:\/\/yoast.com\/wordpress\/plugins\/seo\/ -->\n<title>- CONCRETE ONLUS<\/title>\n<meta name=\"description\" content=\"CONCRETE ONLUS -\" \/>\n<meta name=\"robots\" content=\"index, follow, max-snippet:-1, max-image-preview:large, max-video-preview:-1\" \/>\n<link rel=\"canonical\" href=\"https:\/\/www.concreteonlus.org\/?page_id=107424\" \/>\n<meta property=\"og:locale\" content=\"it_IT\" \/>\n<meta property=\"og:type\" content=\"article\" \/>\n<meta property=\"og:title\" content=\"- CONCRETE ONLUS\" \/>\n<meta property=\"og:description\" content=\"CONCRETE ONLUS -\" \/>\n<meta property=\"og:url\" content=\"https:\/\/www.concreteonlus.org\/?page_id=107424\" \/>\n<meta property=\"og:site_name\" content=\"CONCRETE ONLUS\" \/>\n<meta property=\"article:publisher\" content=\"https:\/\/www.facebook.com\/concreteonlus.org\/\" \/>\n<meta property=\"article:modified_time\" content=\"2025-02-12T17:34:08+00:00\" \/>\n<meta property=\"og:image\" content=\"https:\/\/www.concreteonlus.org\/wp-content\/uploads\/2025\/02\/LONDRA.png\" \/>\n\t<meta property=\"og:image:width\" content=\"500\" \/>\n\t<meta property=\"og:image:height\" content=\"500\" \/>\n\t<meta property=\"og:image:type\" content=\"image\/png\" \/>\n<meta name=\"twitter:card\" content=\"summary_large_image\" \/>\n<meta name=\"twitter:label1\" content=\"Tempo di lettura stimato\" \/>\n\t<meta name=\"twitter:data1\" content=\"5 minuti\" \/>\n<script type=\"application\/ld+json\" class=\"yoast-schema-graph\">{\"@context\":\"https:\/\/schema.org\",\"@graph\":[{\"@type\":\"WebPage\",\"@id\":\"https:\/\/www.concreteonlus.org\/?page_id=107424\",\"url\":\"https:\/\/www.concreteonlus.org\/?page_id=107424\",\"name\":\"- CONCRETE ONLUS\",\"isPartOf\":{\"@id\":\"https:\/\/www.concreteonlus.org\/#website\"},\"datePublished\":\"2025-02-12T17:25:52+00:00\",\"dateModified\":\"2025-02-12T17:34:08+00:00\",\"description\":\"CONCRETE ONLUS -\",\"inLanguage\":\"it-IT\",\"potentialAction\":[{\"@type\":\"ReadAction\",\"target\":[\"https:\/\/www.concreteonlus.org\/?page_id=107424\"]}]},{\"@type\":\"WebSite\",\"@id\":\"https:\/\/www.concreteonlus.org\/#website\",\"url\":\"https:\/\/www.concreteonlus.org\/\",\"name\":\"CONCRETE ONLUS\",\"description\":\"VIAGGI ASSISTITI ED ACCESSIBILI SU MISURA PER TE!\",\"publisher\":{\"@id\":\"https:\/\/www.concreteonlus.org\/#organization\"},\"potentialAction\":[{\"@type\":\"SearchAction\",\"target\":{\"@type\":\"EntryPoint\",\"urlTemplate\":\"https:\/\/www.concreteonlus.org\/?s={search_term_string}\"},\"query-input\":{\"@type\":\"PropertyValueSpecification\",\"valueRequired\":true,\"valueName\":\"search_term_string\"}}],\"inLanguage\":\"it-IT\"},{\"@type\":\"Organization\",\"@id\":\"https:\/\/www.concreteonlus.org\/#organization\",\"name\":\"Concrete Onlus\",\"url\":\"https:\/\/www.concreteonlus.org\/\",\"logo\":{\"@type\":\"ImageObject\",\"inLanguage\":\"it-IT\",\"@id\":\"https:\/\/www.concreteonlus.org\/#\/schema\/logo\/image\/\",\"url\":\"https:\/\/www.concreteonlus.org\/wp-content\/uploads\/2024\/05\/Food-KING-logo-1.png\",\"contentUrl\":\"https:\/\/www.concreteonlus.org\/wp-content\/uploads\/2024\/05\/Food-KING-logo-1.png\",\"width\":\"1080\",\"height\":\"1080\",\"caption\":\"Concrete Onlus\"},\"image\":{\"@id\":\"https:\/\/www.concreteonlus.org\/#\/schema\/logo\/image\/\"},\"sameAs\":[\"https:\/\/www.facebook.com\/concreteonlus.org\/\",\"https:\/\/www.instagram.com\/concrete_onlus\/\",\"https:\/\/www.linkedin.com\/company\/concrete-onlus-societ-cooperativa-sociale\/\"]}]}<\/script>\n<!-- \/ Yoast SEO plugin. -->","yoast_head_json":{"title":"- CONCRETE ONLUS","description":"CONCRETE ONLUS -","robots":{"index":"index","follow":"follow","max-snippet":"max-snippet:-1","max-image-preview":"max-image-preview:large","max-video-preview":"max-video-preview:-1"},"canonical":"https:\/\/www.concreteonlus.org\/?page_id=107424","og_locale":"it_IT","og_type":"article","og_title":"- CONCRETE ONLUS","og_description":"CONCRETE ONLUS -","og_url":"https:\/\/www.concreteonlus.org\/?page_id=107424","og_site_name":"CONCRETE ONLUS","article_publisher":"https:\/\/www.facebook.com\/concreteonlus.org\/","article_modified_time":"2025-02-12T17:34:08+00:00","og_image":[{"width":500,"height":500,"url":"https:\/\/www.concreteonlus.org\/wp-content\/uploads\/2025\/02\/LONDRA.png","type":"image\/png"}],"twitter_card":"summary_large_image","twitter_misc":{"Tempo di lettura stimato":"5 minuti"},"schema":{"@context":"https:\/\/schema.org","@graph":[{"@type":"WebPage","@id":"https:\/\/www.concreteonlus.org\/?page_id=107424","url":"https:\/\/www.concreteonlus.org\/?page_id=107424","name":"- CONCRETE ONLUS","isPartOf":{"@id":"https:\/\/www.concreteonlus.org\/#website"},"datePublished":"2025-02-12T17:25:52+00:00","dateModified":"2025-02-12T17:34:08+00:00","description":"CONCRETE ONLUS -","inLanguage":"it-IT","potentialAction":[{"@type":"ReadAction","target":["https:\/\/www.concreteonlus.org\/?page_id=107424"]}]},{"@type":"WebSite","@id":"https:\/\/www.concreteonlus.org\/#website","url":"https:\/\/www.concreteonlus.org\/","name":"CONCRETE ONLUS","description":"VIAGGI ASSISTITI ED ACCESSIBILI SU MISURA PER TE!","publisher":{"@id":"https:\/\/www.concreteonlus.org\/#organization"},"potentialAction":[{"@type":"SearchAction","target":{"@type":"EntryPoint","urlTemplate":"https:\/\/www.concreteonlus.org\/?s={search_term_string}"},"query-input":{"@type":"PropertyValueSpecification","valueRequired":true,"valueName":"search_term_string"}}],"inLanguage":"it-IT"},{"@type":"Organization","@id":"https:\/\/www.concreteonlus.org\/#organization","name":"Concrete Onlus","url":"https:\/\/www.concreteonlus.org\/","logo":{"@type":"ImageObject","inLanguage":"it-IT","@id":"https:\/\/www.concreteonlus.org\/#\/schema\/logo\/image\/","url":"https:\/\/www.concreteonlus.org\/wp-content\/uploads\/2024\/05\/Food-KING-logo-1.png","contentUrl":"https:\/\/www.concreteonlus.org\/wp-content\/uploads\/2024\/05\/Food-KING-logo-1.png","width":"1080","height":"1080","caption":"Concrete Onlus"},"image":{"@id":"https:\/\/www.concreteonlus.org\/#\/schema\/logo\/image\/"},"sameAs":["https:\/\/www.facebook.com\/concreteonlus.org\/","https:\/\/www.instagram.com\/concrete_onlus\/","https:\/\/www.linkedin.com\/company\/concrete-onlus-societ-cooperativa-sociale\/"]}]}},"_links":{"self":[{"href":"https:\/\/www.concreteonlus.org\/index.php?rest_route=\/wp\/v2\/pages\/107424","targetHints":{"allow":["GET"]}}],"collection":[{"href":"https:\/\/www.concreteonlus.org\/index.php?rest_route=\/wp\/v2\/pages"}],"about":[{"href":"https:\/\/www.concreteonlus.org\/index.php?rest_route=\/wp\/v2\/types\/page"}],"author":[{"embeddable":true,"href":"https:\/\/www.concreteonlus.org\/index.php?rest_route=\/wp\/v2\/users\/156"}],"replies":[{"embeddable":true,"href":"https:\/\/www.concreteonlus.org\/index.php?rest_route=%2Fwp%2Fv2%2Fcomments&post=107424"}],"version-history":[{"count":2,"href":"https:\/\/www.concreteonlus.org\/index.php?rest_route=\/wp\/v2\/pages\/107424\/revisions"}],"predecessor-version":[{"id":107438,"href":"https:\/\/www.concreteonlus.org\/index.php?rest_route=\/wp\/v2\/pages\/107424\/revisions\/107438"}],"wp:attachment":[{"href":"https:\/\/www.concreteonlus.org\/index.php?rest_route=%2Fwp%2Fv2%2Fmedia&parent=107424"}],"curies":[{"name":"wp","href":"https:\/\/api.w.org\/{rel}","templated":true}]}}